{"id":294,"date":"2024-09-09T19:24:48","date_gmt":"2024-09-09T18:24:48","guid":{"rendered":"https:\/\/redfox777.com\/ev\/"},"modified":"2024-09-09T19:24:48","modified_gmt":"2024-09-09T18:24:48","slug":"ev","status":"publish","type":"page","link":"https:\/\/redfox777.com\/tr\/","title":{"rendered":"Ev"},"content":{"rendered":"<h2>Uluslararas\u0131 Piyangolar \u0130\u00e7in \u00c7evrimi\u00e7i Biletlerin Yasall\u0131\u011f\u0131 ve Faydalar\u0131<\/h2>\n<p>Uluslararas\u0131 piyangolar i\u00e7in \u00e7evrimi\u00e7i bilet almak yasal m\u0131? \u00c7evrimi\u00e7i piyango d\u00fcnyas\u0131 geni\u015fledi ve merakl\u0131lara evlerinin rahatl\u0131\u011f\u0131nda k\u00fcresel \u00e7ekili\u015flere kat\u0131lma f\u0131rsat\u0131 sundu. Bu geni\u015fleme, piyangonun faaliyet g\u00f6sterdi\u011fi \u00fclkelerde lisansl\u0131 \u00fc\u00e7\u00fcnc\u00fc taraf kurulu\u015flar olarak hareket eden \u00e7evrimi\u00e7i piyango kurye hizmetleri sayesinde m\u00fcmk\u00fcn oldu.<\/p>\n<p>Bu hizmetler, fiziksel biletlerin sat\u0131n al\u0131nmas\u0131n\u0131, taranmas\u0131n\u0131 ve m\u00fc\u015fterilerin kay\u0131tl\u0131 kullan\u0131c\u0131 hesaplar\u0131na y\u00fcklenmesini kolayla\u015ft\u0131rarak uluslararas\u0131 piyangolara kat\u0131lmak i\u00e7in yasal ve kolay bir yol sunar. Bu makalede, k\u00fcresel piyangolar i\u00e7in \u00e7evrimi\u00e7i bilet almayla ilgili yasal hususlar\u0131, faydalar\u0131 ve g\u00fcvenlik \u00f6nlemlerini ele al\u0131yoruz.<\/p>\n<h2>Piyango Yasalar\u0131 \u00c7\u00f6z\u00fcld\u00fc: Uluslararas\u0131 piyangolar i\u00e7in \u00e7evrimi\u00e7i bilet almak yasal m\u0131?<\/h2>\n<p>Lisans alt\u0131nda faaliyet g\u00f6steren ve belirli yarg\u0131 b\u00f6lgelerindeki kat\u0131 d\u00fczenlemelere uyan platformlar taraf\u0131ndan somutla\u015ft\u0131r\u0131lan me\u015fruiyet, piyango oynamak i\u00e7in \u00e7ok \u00f6nemlidir. \u00d6zellikle <a href=\"https:\/\/redfoxlotto.com\">RedFoxLotto<\/a> gibi platformlar, kullan\u0131c\u0131lara \u00e7evrimi\u00e7i piyango deneyiminde g\u00fcven duygusunu art\u0131ran g\u00fcvenli ve \u015feffaf bir ortam sunarak bu ba\u011fl\u0131l\u0131\u011f\u0131n bir \u00f6rne\u011fidir.<\/p>\n<p>G\u00fcvenli \u00f6deme y\u00f6ntemleri kullanan ve kullan\u0131c\u0131lara sat\u0131n alma kan\u0131t\u0131 olarak ayr\u0131nt\u0131l\u0131 bilet taramalar\u0131 sa\u011flayan sayg\u0131n platformlar, g\u00fcvenli i\u015flemlerin \u00f6nemini vurgular. Bu \u00f6zveri, \u015feffafl\u0131\u011f\u0131 ve kullan\u0131c\u0131 g\u00fcvencesini art\u0131rarak \u00e7evrimi\u00e7i piyangolarla g\u00fcvenilir bir etkile\u015fimin temelini olu\u015fturur.<br \/>\n\u00c7evrimi\u00e7i piyango platformlar\u0131n\u0131n itibar\u0131 hakk\u0131nda kapsaml\u0131 bir ara\u015ft\u0131rma yapmak, bireylerin bilin\u00e7li se\u00e7imler yapmalar\u0131na, potansiyel riskleri en aza indirmelerine ve g\u00fcvenli ve keyifli bir \u00e7evrimi\u00e7i piyango deneyimi ya\u015famalar\u0131na olanak tan\u0131yan \u00f6nemli bir ad\u0131m olmaya devam etmektedir.<\/p>\n<h2>RedFoxLotto: G\u00fcvenli ve \u015eeffaf Bir Se\u00e7enek:<\/h2>\n<p>RedFoxLotto, g\u00fcvenli ve \u015feffaf bir \u00e7evrimi\u00e7i piyango deneyimi sunmaya kendini adam\u0131\u015f bir platform olarak \u00f6ne \u00e7\u0131kmaktad\u0131r. Kullan\u0131c\u0131lar a\u015fa\u011f\u0131daki \u00f6zelliklerden yararlanabilir;<\/p>\n<h3>Sipari\u015f Verme ve Bilet Tarama<\/h3>\n<p>Kullan\u0131c\u0131lar platformumuz RedFoxLotto&#8217;da sipari\u015f verdi\u011finde, piyango kurye hizmetimiz lisansl\u0131 perakendecilerden <a href=\"http:\/\/https\/\/redfoxlotto.com\/lotteries\">resmi piyango biletlerinin teminini<\/a> \u00fcstlenir. Bu s\u00fcre\u00e7, se\u00e7ilen say\u0131lar\u0131n, oyun se\u00e7eneklerinin, sat\u0131n alma tarihinin, saatinin ve konumunun titizlikle se\u00e7ilmesini i\u00e7erir. Biletler, t\u00fcm ilgili bilgileriyle birlikte, \u00f6d\u00fcller talep edilene veya biletlerin s\u00fcresi dolana kadar g\u00fcvenli bir \u015fekilde saklan\u0131r.<\/p>\n<h3>\u00d6deme ve Para \u00c7ekme Y\u00f6ntemleri: G\u00fcvenli ve Kolay \u0130\u015flemler Sa\u011flama<\/h3>\n<p>Kredi kartlar\u0131, banka havaleleri, Bitcoin ve Klarna ve Directa24 gibi \u00e7evrimi\u00e7i bankac\u0131l\u0131k sistemlerine g\u00fcvenli ba\u011flant\u0131lar dahil olmak \u00fczere \u00e7e\u015fitli \u00f6deme y\u00f6ntemleri arac\u0131l\u0131\u011f\u0131yla g\u00fcvenlik ve kolayl\u0131\u011fa \u00f6ncelik verilir. <\/p>\n<h3>Para \u00c7ekme ve Kazan\u00e7 Talep Etme: Kolayla\u015ft\u0131r\u0131lm\u0131\u015f ve Sorunsuz \u0130\u015flem<\/h3>\n<p>RedFoxLotto, 2.500 \u20ac&#8217;ya kadar k\u00fc\u00e7\u00fck kazan\u00e7lar i\u00e7in otomatik transferler de dahil olmak \u00fczere, para \u00e7ekme i\u015flemleri i\u00e7in kolayla\u015ft\u0131r\u0131lm\u0131\u015f ve sorunsuz bir s\u00fcre\u00e7 sa\u011flar.<\/p>\n<h3>Daha B\u00fcy\u00fck Kazan\u00e7lar \u0130\u00e7in Destek: Her Ad\u0131mda Uzman Rehberli\u011fi<\/h3>\n<p>Daha b\u00fcy\u00fck kazan\u00e7lar i\u00e7in, \u00f6zel destek ekibimiz talep s\u00fcreci boyunca uzman rehberli\u011fi ve net talimatlar sa\u011flar.<\/p>\n<h3>Vergi Sorumluluklar\u0131: \u015eeffaf \u0130leti\u015fim ve Destek<\/h3>\n<p>RedFoxLotto&#8217;nun \u015feffaf ileti\u015fimi ve deste\u011fi, kullan\u0131c\u0131lar\u0131n vergi sorumluluklar\u0131n\u0131 anlamalar\u0131na ve yerine getirmelerine yard\u0131mc\u0131 olarak kapsaml\u0131 ve g\u00fcvenilir bir piyango deneyimi sa\u011flar.<\/p>\n<p>Uluslararas\u0131 piyangolar i\u00e7in \u00e7evrimi\u00e7i bilet sat\u0131n alman\u0131n yasall\u0131\u011f\u0131 yarg\u0131 yetkisine ba\u011fl\u0131 olsa da, RedFoxLotto gibi platformlar kat\u0131l\u0131mc\u0131lara g\u00fcvenli, \u015feffaf ve keyifli bir deneyim sunmay\u0131 hedefler. Uluslararas\u0131 piyangolar\u0131n sundu\u011fu heyecan\u0131 en \u00fcst d\u00fczeye \u00e7\u0131karmak i\u00e7in her zaman dikkatli olun, kapsaml\u0131 ara\u015ft\u0131rma yap\u0131n ve yerel yasalara uyun.<\/p>\n","protected":false},"excerpt":{"rendered":"<p>Uluslararas\u0131 Piyangolar \u0130\u00e7in \u00c7evrimi\u00e7i Biletlerin Yasall\u0131\u011f\u0131 ve Faydalar\u0131 Uluslararas\u0131 piyangolar i\u00e7in \u00e7evrimi\u00e7i bilet almak yasal&hellip;<\/p>\n","protected":false},"author":1,"featured_media":0,"parent":0,"menu_order":0,"comment_status":"closed","ping_status":"closed","template":"","meta":{"footnotes":""},"class_list":["post-294","page","type-page","status-publish","hentry"],"yoast_head":"<!-- This site is optimized with the Yoast SEO plugin v25.9 - https:\/\/yoast.com\/wordpress\/plugins\/seo\/ -->\n<title>Uluslararas\u0131 piyangolar i\u00e7in biletleri yasal olarak \u00e7evrimi\u00e7i sat\u0131n al\u0131n<\/title>\n<meta name=\"robots\" content=\"index, follow, max-snippet:-1, max-image-preview:large, max-video-preview:-1\" \/>\n<link rel=\"canonical\" href=\"https:\/\/redfox777.com\/tr\/\" \/>\n<meta property=\"og:locale\" content=\"tr_TR\" \/>\n<meta property=\"og:type\" content=\"article\" \/>\n<meta property=\"og:title\" content=\"Uluslararas\u0131 piyangolar i\u00e7in biletleri yasal olarak \u00e7evrimi\u00e7i sat\u0131n al\u0131n\" \/>\n<meta property=\"og:description\" content=\"Uluslararas\u0131 Piyangolar \u0130\u00e7in \u00c7evrimi\u00e7i Biletlerin Yasall\u0131\u011f\u0131 ve Faydalar\u0131 Uluslararas\u0131 piyangolar i\u00e7in \u00e7evrimi\u00e7i bilet almak yasal&hellip;\" \/>\n<meta property=\"og:url\" content=\"https:\/\/redfox777.com\/tr\/\" \/>\n<meta name=\"twitter:card\" content=\"summary_large_image\" \/>\n<meta name=\"twitter:label1\" content=\"Tahmini okuma s\u00fcresi\" \/>\n\t<meta name=\"twitter:data1\" content=\"3 dakika\" \/>\n<script type=\"application\/ld+json\" class=\"yoast-schema-graph\">{\"@context\":\"https:\/\/schema.org\",\"@graph\":[{\"@type\":\"WebPage\",\"@id\":\"https:\/\/redfox777.com\/tr\/\",\"url\":\"https:\/\/redfox777.com\/tr\/\",\"name\":\"Uluslararas\u0131 piyangolar i\u00e7in biletleri yasal olarak \u00e7evrimi\u00e7i sat\u0131n al\u0131n\",\"isPartOf\":{\"@id\":\"https:\/\/redfox777.com\/tr\/#website\"},\"datePublished\":\"2024-09-09T18:24:48+00:00\",\"breadcrumb\":{\"@id\":\"https:\/\/redfox777.com\/tr\/#breadcrumb\"},\"inLanguage\":\"tr\",\"potentialAction\":[{\"@type\":\"ReadAction\",\"target\":[\"https:\/\/redfox777.com\/tr\/\"]}]},{\"@type\":\"BreadcrumbList\",\"@id\":\"https:\/\/redfox777.com\/tr\/#breadcrumb\",\"itemListElement\":[{\"@type\":\"ListItem\",\"position\":1,\"name\":\"Home\",\"item\":\"https:\/\/redfox777.com\/tr\/ev\/\"},{\"@type\":\"ListItem\",\"position\":2,\"name\":\"Ev\"}]},{\"@type\":\"WebSite\",\"@id\":\"https:\/\/redfox777.com\/tr\/#website\",\"url\":\"https:\/\/redfox777.com\/tr\/\",\"name\":\"\",\"description\":\"\",\"potentialAction\":[{\"@type\":\"SearchAction\",\"target\":{\"@type\":\"EntryPoint\",\"urlTemplate\":\"https:\/\/redfox777.com\/tr\/?s={search_term_string}\"},\"query-input\":{\"@type\":\"PropertyValueSpecification\",\"valueRequired\":true,\"valueName\":\"search_term_string\"}}],\"inLanguage\":\"tr\"}]}<\/script>\n<!-- \/ Yoast SEO plugin. -->","yoast_head_json":{"title":"Uluslararas\u0131 piyangolar i\u00e7in biletleri yasal olarak \u00e7evrimi\u00e7i sat\u0131n al\u0131n","robots":{"index":"index","follow":"follow","max-snippet":"max-snippet:-1","max-image-preview":"max-image-preview:large","max-video-preview":"max-video-preview:-1"},"canonical":"https:\/\/redfox777.com\/tr\/","og_locale":"tr_TR","og_type":"article","og_title":"Uluslararas\u0131 piyangolar i\u00e7in biletleri yasal olarak \u00e7evrimi\u00e7i sat\u0131n al\u0131n","og_description":"Uluslararas\u0131 Piyangolar \u0130\u00e7in \u00c7evrimi\u00e7i Biletlerin Yasall\u0131\u011f\u0131 ve Faydalar\u0131 Uluslararas\u0131 piyangolar i\u00e7in \u00e7evrimi\u00e7i bilet almak yasal&hellip;","og_url":"https:\/\/redfox777.com\/tr\/","twitter_card":"summary_large_image","twitter_misc":{"Tahmini okuma s\u00fcresi":"3 dakika"},"schema":{"@context":"https:\/\/schema.org","@graph":[{"@type":"WebPage","@id":"https:\/\/redfox777.com\/tr\/","url":"https:\/\/redfox777.com\/tr\/","name":"Uluslararas\u0131 piyangolar i\u00e7in biletleri yasal olarak \u00e7evrimi\u00e7i sat\u0131n al\u0131n","isPartOf":{"@id":"https:\/\/redfox777.com\/tr\/#website"},"datePublished":"2024-09-09T18:24:48+00:00","breadcrumb":{"@id":"https:\/\/redfox777.com\/tr\/#breadcrumb"},"inLanguage":"tr","potentialAction":[{"@type":"ReadAction","target":["https:\/\/redfox777.com\/tr\/"]}]},{"@type":"BreadcrumbList","@id":"https:\/\/redfox777.com\/tr\/#breadcrumb","itemListElement":[{"@type":"ListItem","position":1,"name":"Home","item":"https:\/\/redfox777.com\/tr\/ev\/"},{"@type":"ListItem","position":2,"name":"Ev"}]},{"@type":"WebSite","@id":"https:\/\/redfox777.com\/tr\/#website","url":"https:\/\/redfox777.com\/tr\/","name":"","description":"","potentialAction":[{"@type":"SearchAction","target":{"@type":"EntryPoint","urlTemplate":"https:\/\/redfox777.com\/tr\/?s={search_term_string}"},"query-input":{"@type":"PropertyValueSpecification","valueRequired":true,"valueName":"search_term_string"}}],"inLanguage":"tr"}]}},"_links":{"self":[{"href":"https:\/\/redfox777.com\/tr\/wp-json\/wp\/v2\/pages\/294","targetHints":{"allow":["GET"]}}],"collection":[{"href":"https:\/\/redfox777.com\/tr\/wp-json\/wp\/v2\/pages"}],"about":[{"href":"https:\/\/redfox777.com\/tr\/wp-json\/wp\/v2\/types\/page"}],"author":[{"embeddable":true,"href":"https:\/\/redfox777.com\/tr\/wp-json\/wp\/v2\/users\/1"}],"replies":[{"embeddable":true,"href":"https:\/\/redfox777.com\/tr\/wp-json\/wp\/v2\/comments?post=294"}],"version-history":[{"count":0,"href":"https:\/\/redfox777.com\/tr\/wp-json\/wp\/v2\/pages\/294\/revisions"}],"wp:attachment":[{"href":"https:\/\/redfox777.com\/tr\/wp-json\/wp\/v2\/media?parent=294"}],"curies":[{"name":"wp","href":"https:\/\/api.w.org\/{rel}","templated":true}]}}