{"id":63,"date":"2024-09-09T19:24:48","date_gmt":"2024-09-09T18:24:48","guid":{"rendered":"https:\/\/redfox777.com\/hem\/"},"modified":"2024-09-09T19:24:48","modified_gmt":"2024-09-09T18:24:48","slug":"hem","status":"publish","type":"page","link":"https:\/\/redfox777.com\/sv\/","title":{"rendered":"Hem"},"content":{"rendered":"<h2>Att navigera i lagligheten och f\u00f6rdelarna med online-lotterier f\u00f6r internationella lotterier<\/h2>\n<p>\u00c4r det lagligt att k\u00f6pa online-lotterier till internationella lotterier? Online-lotteriernas v\u00e4rld har expanderat, vilket ger entusiaster m\u00f6jlighet att delta i globala dragningar hemifr\u00e5n. Denna expansion m\u00f6jligg\u00f6rs genom online-lotteribudtj\u00e4nster som agerar som tredjepartsenheter licensierade i de l\u00e4nder d\u00e4r lotterierna \u00e4r verksamma.<\/p>\n<p>Dessa tj\u00e4nster underl\u00e4ttar k\u00f6p, skanning och uppladdning av fysiska lotter till kundernas registrerade anv\u00e4ndarkonton, vilket erbjuder ett lagligt och bekv\u00e4mt s\u00e4tt att delta i internationella lotterier. I den h\u00e4r artikeln f\u00f6rdjupar vi oss i de juridiska \u00f6verv\u00e4ganden, f\u00f6rdelarna och s\u00e4kerhets\u00e5tg\u00e4rderna som \u00e4r f\u00f6rknippade med att k\u00f6pa online-lotter till globala lotterier.<\/p>\n<h2>Lotterilagar avmystifierade: \u00c4r det lagligt att k\u00f6pa online-lotter till internationella lotterier<\/h2>\n<p>Legitimat \u00e4r avg\u00f6rande f\u00f6r att spela lotteri, vilket f\u00f6rkroppsligas av plattformar som verkar under licenser och f\u00f6ljer strikta regler inom specifika jurisdiktioner. S\u00e4rskilt <a href=\"https:\/\/redfoxlotto.com\">plattformar som RedFoxLotto<\/a> exemplifierar detta engagemang och ger anv\u00e4ndarna en s\u00e4ker och transparent milj\u00f6 som fr\u00e4mjar f\u00f6rtroendet f\u00f6r onlinelotteriupplevelsen.<\/p>\n<p>Vikten av s\u00e4kra transaktioner understryks av v\u00e4lrenommerade plattformar som anv\u00e4nder s\u00e4kra betalningsmetoder och f\u00f6rser anv\u00e4ndarna med detaljerade lottskanningar som k\u00f6pbevis. Detta engagemang \u00f6kar transparensen och anv\u00e4ndars\u00e4kerheten och l\u00e4gger grunden f\u00f6r ett p\u00e5litligt engagemang med onlinelotterier.<br \/>\nGrundlig forskning om onlinelotteriplattformarnas rykte \u00e4r fortfarande ett avg\u00f6rande steg, vilket g\u00f6r det m\u00f6jligt f\u00f6r individer att fatta v\u00e4lgrundade beslut, minimera potentiella risker och delta i en s\u00e4ker och trevlig onlinelotteriupplevelse.<\/p>\n<h2>RedFoxLotto: Ett s\u00e4kert och transparent alternativ:<\/h2>\n<p>RedFoxLotto utm\u00e4rker sig som en plattform som \u00e4r engagerad i att tillhandah\u00e5lla en s\u00e4ker och transparent onlinelotteriupplevelse. Anv\u00e4ndare kan dra nytta av f\u00f6ljande funktioner;<\/p>\n<h3>Best\u00e4llning och lottskanning<\/h3>\n<p>N\u00e4r anv\u00e4ndare g\u00f6r en best\u00e4llning p\u00e5 v\u00e5r plattform, RedFoxLotto, tar v\u00e5r lotteribudtj\u00e4nst hand om att <a href=\"http:\/\/https\/\/redfoxlotto.com\/lotteries\">anskaffa officiella lotter<\/a> fr\u00e5n licensierade \u00e5terf\u00f6rs\u00e4ljare. Processen inkluderar noggrant urval av valda nummer, spelalternativ, datum, tid och plats f\u00f6r ink\u00f6p. Lotterna, med all relevant information, f\u00f6rvaras s\u00e4kert tills priserna h\u00e4mtas ut eller lotterna l\u00f6per ut.<\/p>\n<h3>Betalnings- och uttagsmetoder: S\u00e4kerst\u00e4ller s\u00e4kra och bekv\u00e4ma transaktioner<\/h3>\n<p>S\u00e4kerhet och bekv\u00e4mlighet prioriteras genom flera betalningsmetoder, inklusive kreditkort, bank\u00f6verf\u00f6ringar, Bitcoin och s\u00e4kra anslutningar till internetbanksystem som Klarna och Directa24.<\/p>\n<h3>Uttag och vinstuttag: Effektiv och problemfri process<\/h3>\n<p>RedFoxLotto s\u00e4kerst\u00e4ller en effektiv och problemfri process f\u00f6r uttag, inklusive automatiska \u00f6verf\u00f6ringar f\u00f6r sm\u00e5 vinster upp till 2 500 euro.<\/p>\n<h3>St\u00f6d f\u00f6r st\u00f6rre vinster: Expertv\u00e4gledning varje steg p\u00e5 v\u00e4gen<\/h3>\n<p>F\u00f6r st\u00f6rre vinster ger v\u00e5rt dedikerade supportteam expertv\u00e4gledning och tydliga instruktioner genom hela ans\u00f6kningsprocessen.<\/p>\n<h3>Skatteansvar: Transparent kommunikation och support<\/h3>\n<p>Transparent kommunikation och support fr\u00e5n RedFoxLotto hj\u00e4lper anv\u00e4ndare att f\u00f6rst\u00e5 och uppfylla sina skatteansvar, vilket s\u00e4kerst\u00e4ller en omfattande och p\u00e5litlig lotteriupplevelse.<\/p>\n<p>Medan lagligheten av att k\u00f6pa online-lotter f\u00f6r internationella lotterier beror p\u00e5 jurisdiktionslagstiftning, str\u00e4var plattformar som RedFoxLotto efter att erbjuda en s\u00e4ker, transparent och trevlig upplevelse f\u00f6r deltagarna. Var alltid f\u00f6rsiktig, g\u00f6r noggrann research och f\u00f6lj lokala lagar f\u00f6r att maximera sp\u00e4nningen som erbjuds av internationella lotterier.<\/p>\n","protected":false},"excerpt":{"rendered":"<p>Att navigera i lagligheten och f\u00f6rdelarna med online-lotterier f\u00f6r internationella lotterier \u00c4r det lagligt att&hellip;<\/p>\n","protected":false},"author":1,"featured_media":0,"parent":0,"menu_order":0,"comment_status":"closed","ping_status":"closed","template":"","meta":{"footnotes":""},"class_list":["post-63","page","type-page","status-publish","hentry"],"yoast_head":"<!-- This site is optimized with the Yoast SEO plugin v25.9 - https:\/\/yoast.com\/wordpress\/plugins\/seo\/ -->\n<title>K\u00f6p lotter till internationella lotterier lagligt online<\/title>\n<meta name=\"robots\" content=\"index, follow, max-snippet:-1, max-image-preview:large, max-video-preview:-1\" \/>\n<link rel=\"canonical\" href=\"https:\/\/redfox777.com\/sv\/\" \/>\n<meta property=\"og:locale\" content=\"sv_SE\" \/>\n<meta property=\"og:type\" content=\"article\" \/>\n<meta property=\"og:title\" content=\"K\u00f6p lotter till internationella lotterier lagligt online\" \/>\n<meta property=\"og:description\" content=\"Att navigera i lagligheten och f\u00f6rdelarna med online-lotterier f\u00f6r internationella lotterier \u00c4r det lagligt att&hellip;\" \/>\n<meta property=\"og:url\" content=\"https:\/\/redfox777.com\/sv\/\" \/>\n<meta name=\"twitter:card\" content=\"summary_large_image\" \/>\n<meta name=\"twitter:label1\" content=\"Ber\u00e4knad l\u00e4stid\" \/>\n\t<meta name=\"twitter:data1\" content=\"3 minuter\" \/>\n<script type=\"application\/ld+json\" class=\"yoast-schema-graph\">{\"@context\":\"https:\/\/schema.org\",\"@graph\":[{\"@type\":\"WebPage\",\"@id\":\"https:\/\/redfox777.com\/sv\/\",\"url\":\"https:\/\/redfox777.com\/sv\/\",\"name\":\"K\u00f6p lotter till internationella lotterier lagligt online\",\"isPartOf\":{\"@id\":\"https:\/\/redfox777.com\/sv\/#website\"},\"datePublished\":\"2024-09-09T18:24:48+00:00\",\"breadcrumb\":{\"@id\":\"https:\/\/redfox777.com\/sv\/#breadcrumb\"},\"inLanguage\":\"sv-SE\",\"potentialAction\":[{\"@type\":\"ReadAction\",\"target\":[\"https:\/\/redfox777.com\/sv\/\"]}]},{\"@type\":\"BreadcrumbList\",\"@id\":\"https:\/\/redfox777.com\/sv\/#breadcrumb\",\"itemListElement\":[{\"@type\":\"ListItem\",\"position\":1,\"name\":\"Home\",\"item\":\"https:\/\/redfox777.com\/sv\/hem\/\"},{\"@type\":\"ListItem\",\"position\":2,\"name\":\"Hem\"}]},{\"@type\":\"WebSite\",\"@id\":\"https:\/\/redfox777.com\/sv\/#website\",\"url\":\"https:\/\/redfox777.com\/sv\/\",\"name\":\"\",\"description\":\"\",\"potentialAction\":[{\"@type\":\"SearchAction\",\"target\":{\"@type\":\"EntryPoint\",\"urlTemplate\":\"https:\/\/redfox777.com\/sv\/?s={search_term_string}\"},\"query-input\":{\"@type\":\"PropertyValueSpecification\",\"valueRequired\":true,\"valueName\":\"search_term_string\"}}],\"inLanguage\":\"sv-SE\"}]}<\/script>\n<!-- \/ Yoast SEO plugin. -->","yoast_head_json":{"title":"K\u00f6p lotter till internationella lotterier lagligt online","robots":{"index":"index","follow":"follow","max-snippet":"max-snippet:-1","max-image-preview":"max-image-preview:large","max-video-preview":"max-video-preview:-1"},"canonical":"https:\/\/redfox777.com\/sv\/","og_locale":"sv_SE","og_type":"article","og_title":"K\u00f6p lotter till internationella lotterier lagligt online","og_description":"Att navigera i lagligheten och f\u00f6rdelarna med online-lotterier f\u00f6r internationella lotterier \u00c4r det lagligt att&hellip;","og_url":"https:\/\/redfox777.com\/sv\/","twitter_card":"summary_large_image","twitter_misc":{"Ber\u00e4knad l\u00e4stid":"3 minuter"},"schema":{"@context":"https:\/\/schema.org","@graph":[{"@type":"WebPage","@id":"https:\/\/redfox777.com\/sv\/","url":"https:\/\/redfox777.com\/sv\/","name":"K\u00f6p lotter till internationella lotterier lagligt online","isPartOf":{"@id":"https:\/\/redfox777.com\/sv\/#website"},"datePublished":"2024-09-09T18:24:48+00:00","breadcrumb":{"@id":"https:\/\/redfox777.com\/sv\/#breadcrumb"},"inLanguage":"sv-SE","potentialAction":[{"@type":"ReadAction","target":["https:\/\/redfox777.com\/sv\/"]}]},{"@type":"BreadcrumbList","@id":"https:\/\/redfox777.com\/sv\/#breadcrumb","itemListElement":[{"@type":"ListItem","position":1,"name":"Home","item":"https:\/\/redfox777.com\/sv\/hem\/"},{"@type":"ListItem","position":2,"name":"Hem"}]},{"@type":"WebSite","@id":"https:\/\/redfox777.com\/sv\/#website","url":"https:\/\/redfox777.com\/sv\/","name":"","description":"","potentialAction":[{"@type":"SearchAction","target":{"@type":"EntryPoint","urlTemplate":"https:\/\/redfox777.com\/sv\/?s={search_term_string}"},"query-input":{"@type":"PropertyValueSpecification","valueRequired":true,"valueName":"search_term_string"}}],"inLanguage":"sv-SE"}]}},"_links":{"self":[{"href":"https:\/\/redfox777.com\/sv\/wp-json\/wp\/v2\/pages\/63","targetHints":{"allow":["GET"]}}],"collection":[{"href":"https:\/\/redfox777.com\/sv\/wp-json\/wp\/v2\/pages"}],"about":[{"href":"https:\/\/redfox777.com\/sv\/wp-json\/wp\/v2\/types\/page"}],"author":[{"embeddable":true,"href":"https:\/\/redfox777.com\/sv\/wp-json\/wp\/v2\/users\/1"}],"replies":[{"embeddable":true,"href":"https:\/\/redfox777.com\/sv\/wp-json\/wp\/v2\/comments?post=63"}],"version-history":[{"count":0,"href":"https:\/\/redfox777.com\/sv\/wp-json\/wp\/v2\/pages\/63\/revisions"}],"wp:attachment":[{"href":"https:\/\/redfox777.com\/sv\/wp-json\/wp\/v2\/media?parent=63"}],"curies":[{"name":"wp","href":"https:\/\/api.w.org\/{rel}","templated":true}]}}