{"id":289,"date":"2024-09-09T19:24:48","date_gmt":"2024-09-09T18:24:48","guid":{"rendered":"https:\/\/redfox777.com\/domov\/"},"modified":"2024-09-09T19:24:48","modified_gmt":"2024-09-09T18:24:48","slug":"domov","status":"publish","type":"page","link":"https:\/\/redfox777.com\/sl\/","title":{"rendered":"Domov"},"content":{"rendered":"<h2>Spoznavanje zakonitosti in prednosti spletnih sre\u010dk za mednarodne loterije<\/h2>\n<p>Ali je pridobitev spletnih sre\u010dk za mednarodne loterije zakonita? Svet spletnih loterij se je raz\u0161iril in navdu\u0161encem ponuja mo\u017enost sodelovanja v svetovnih \u017erebanju iz udobja svojega doma. To \u0161iritev omogo\u010dajo spletne kurirske slu\u017ebe za loterijo, ki delujejo kot tretje osebe z licenco v dr\u017eavah, kjer loterija deluje.<\/p>\n<p>Te storitve omogo\u010dajo nakup, skeniranje in nalaganje fizi\u010dnih sre\u010dk na registrirane uporabni\u0161ke ra\u010dune strank, kar ponuja zakonit in priro\u010den na\u010din sodelovanja v mednarodnih loterijah. V tem \u010dlanku se poglobimo v pravne vidike, prednosti in varnostne ukrepe, povezane s pridobitvijo spletnih sre\u010dk za svetovne loterije.<\/p>\n<h2>Demistificiranje zakonov o loteriji: Ali je pridobitev spletnih sre\u010dk za mednarodne loterije zakonita<\/h2>\n<p>Legitimnost je bistvenega pomena za igranje loterije, ki jo utele\u0161ajo platforme, ki delujejo na podlagi licenc in upo\u0161tevajo stroge predpise v dolo\u010denih jurisdikcijah. Predvsem platforme, kot je RedFoxLotto, ponazarjajo to zavezanost, saj uporabnikom zagotavljajo varno in pregledno okolje, ki spodbuja zaupanje v spletno loterijsko izku\u0161njo.<\/p>\n<p>Pomen varnih transakcij poudarjajo ugledne platforme, ki uporabljajo varne na\u010dine pla\u010devanja in uporabnikom zagotavljajo podrobne skenirane sre\u010dk kot dokazilo o nakupu. Ta zavezanost pove\u010duje preglednost in zanesljivost uporabnikov ter postavlja temelje za zaupanja vredno sodelovanje s spletnimi loterijami.<br \/>\nTemeljita raziskava ugleda spletnih loterijskih platform ostaja klju\u010dni korak, ki posameznikom omogo\u010da, da se informirano odlo\u010dajo, zmanj\u0161ajo morebitna tveganja in sodelujejo v varni in prijetni spletni loterijski izku\u0161nji.<\/p>\n<h2>RedFoxLotto: Varna in pregledna mo\u017enost:<\/h2>\n<p>RedFoxLotto izstopa kot platforma, ki je zavezana zagotavljanju varne in pregledne spletne loterijske izku\u0161nje. Uporabniki lahko izkoristijo naslednje funkcije;<\/p>\n<h3>Naro\u010danje in skeniranje sre\u010dk<\/h3>\n<p>Ko uporabniki oddajo naro\u010dilo na na\u0161i platformi RedFoxLotto, na\u0161a storitev za po\u0161iljanje loterijskih sre\u010dk prevzame odgovornost za <a href=\"http:\/\/https\/\/redfoxlotto.com\/lotteries\">pridobitev uradnih loto sre\u010dk<\/a> od poobla\u0161\u010denih prodajalcev. Postopek vklju\u010duje natan\u010dno izbiro izbranih \u0161tevilk, mo\u017enosti igranja, datuma, ure in lokacije nakupa. Sre\u010dke z vsemi ustreznimi podatki so varno shranjene, dokler se nagrade ne prevzamejo ali sre\u010dke ne pote\u010dejo.<\/p>\n<h3>Na\u010dini pla\u010dila in dviga: Zagotavljanje varnih in priro\u010dnih transakcij<\/h3>\n<p>Varnost in priro\u010dnost sta prednostno obravnavani z ve\u010d na\u010dini pla\u010dila, vklju\u010dno s kreditnimi karticami, ban\u010dnimi nakazili, Bitcoinom in varnimi povezavami do spletnih ban\u010dnih sistemov, kot sta Klarna in Directa24.<\/p>\n<h3>Dvigi in prevzem dobitkov: Poenostavljen in enostaven postopek<\/h3>\n<p>RedFoxLotto zagotavlja poenostavljen in enostaven postopek dvigov, vklju\u010dno z avtomatskimi prenosi za majhne dobitke do 2500 \u20ac.<\/p>\n<h3>Podpora za ve\u010dje dobitke: Strokovno vodenje na vsakem koraku<\/h3>\n<p>Za ve\u010dje dobitke na\u0161a namenska ekipa za podporo nudi strokovno vodenje in jasna navodila skozi celoten postopek uveljavljanja.<\/p>\n<h3>Dav\u010dne obveznosti: Transparentna komunikacija in podpora<\/h3>\n<p>Transparentna komunikacija in podpora RedFoxLotto pomagata uporabnikom pri razumevanju in izpolnjevanju njihovih dav\u010dnih obveznosti ter zagotavljata celovito in zaupanja vredno izku\u0161njo z loterijo.<\/p>\n<p>\u010ceprav je zakonitost nakupa spletnih sre\u010dk za mednarodne loterije odvisna od jurisdikcijskih zakonov, si platforme, kot je RedFoxLotto, prizadevajo ponuditi varno, pregledno in prijetno izku\u0161njo za udele\u017eence. Vedno bodite previdni, opravite temeljito raziskavo in upo\u0161tevajte lokalne zakone, da bi kar najbolje izkoristili vznemirjenje, ki ga ponujajo mednarodne loterije.<\/p>\n","protected":false},"excerpt":{"rendered":"<p>Spoznavanje zakonitosti in prednosti spletnih sre\u010dk za mednarodne loterije Ali je pridobitev spletnih sre\u010dk za&hellip;<\/p>\n","protected":false},"author":1,"featured_media":0,"parent":0,"menu_order":0,"comment_status":"closed","ping_status":"closed","template":"","meta":{"footnotes":""},"class_list":["post-289","page","type-page","status-publish","hentry"],"yoast_head":"<!-- This site is optimized with the Yoast SEO plugin v25.9 - https:\/\/yoast.com\/wordpress\/plugins\/seo\/ -->\n<title>Legalno kupite sre\u010dke za mednarodne loterije na spletu<\/title>\n<meta name=\"robots\" content=\"index, follow, max-snippet:-1, max-image-preview:large, max-video-preview:-1\" \/>\n<link rel=\"canonical\" href=\"https:\/\/redfox777.com\/sl\/\" \/>\n<meta property=\"og:locale\" content=\"sl_SI\" \/>\n<meta property=\"og:type\" content=\"article\" \/>\n<meta property=\"og:title\" content=\"Legalno kupite sre\u010dke za mednarodne loterije na spletu\" \/>\n<meta property=\"og:description\" content=\"Spoznavanje zakonitosti in prednosti spletnih sre\u010dk za mednarodne loterije Ali je pridobitev spletnih sre\u010dk za&hellip;\" \/>\n<meta property=\"og:url\" content=\"https:\/\/redfox777.com\/sl\/\" \/>\n<meta name=\"twitter:card\" content=\"summary_large_image\" \/>\n<meta name=\"twitter:label1\" content=\"Est. reading time\" \/>\n\t<meta name=\"twitter:data1\" content=\"3 minute\" \/>\n<script type=\"application\/ld+json\" class=\"yoast-schema-graph\">{\"@context\":\"https:\/\/schema.org\",\"@graph\":[{\"@type\":\"WebPage\",\"@id\":\"https:\/\/redfox777.com\/sl\/\",\"url\":\"https:\/\/redfox777.com\/sl\/\",\"name\":\"Legalno kupite sre\u010dke za mednarodne loterije na spletu\",\"isPartOf\":{\"@id\":\"https:\/\/redfox777.com\/sl\/#website\"},\"datePublished\":\"2024-09-09T18:24:48+00:00\",\"breadcrumb\":{\"@id\":\"https:\/\/redfox777.com\/sl\/#breadcrumb\"},\"inLanguage\":\"sl-SI\",\"potentialAction\":[{\"@type\":\"ReadAction\",\"target\":[\"https:\/\/redfox777.com\/sl\/\"]}]},{\"@type\":\"BreadcrumbList\",\"@id\":\"https:\/\/redfox777.com\/sl\/#breadcrumb\",\"itemListElement\":[{\"@type\":\"ListItem\",\"position\":1,\"name\":\"Home\",\"item\":\"https:\/\/redfox777.com\/sl\/domov\/\"},{\"@type\":\"ListItem\",\"position\":2,\"name\":\"Domov\"}]},{\"@type\":\"WebSite\",\"@id\":\"https:\/\/redfox777.com\/sl\/#website\",\"url\":\"https:\/\/redfox777.com\/sl\/\",\"name\":\"\",\"description\":\"\",\"potentialAction\":[{\"@type\":\"SearchAction\",\"target\":{\"@type\":\"EntryPoint\",\"urlTemplate\":\"https:\/\/redfox777.com\/sl\/?s={search_term_string}\"},\"query-input\":{\"@type\":\"PropertyValueSpecification\",\"valueRequired\":true,\"valueName\":\"search_term_string\"}}],\"inLanguage\":\"sl-SI\"}]}<\/script>\n<!-- \/ Yoast SEO plugin. -->","yoast_head_json":{"title":"Legalno kupite sre\u010dke za mednarodne loterije na spletu","robots":{"index":"index","follow":"follow","max-snippet":"max-snippet:-1","max-image-preview":"max-image-preview:large","max-video-preview":"max-video-preview:-1"},"canonical":"https:\/\/redfox777.com\/sl\/","og_locale":"sl_SI","og_type":"article","og_title":"Legalno kupite sre\u010dke za mednarodne loterije na spletu","og_description":"Spoznavanje zakonitosti in prednosti spletnih sre\u010dk za mednarodne loterije Ali je pridobitev spletnih sre\u010dk za&hellip;","og_url":"https:\/\/redfox777.com\/sl\/","twitter_card":"summary_large_image","twitter_misc":{"Est. reading time":"3 minute"},"schema":{"@context":"https:\/\/schema.org","@graph":[{"@type":"WebPage","@id":"https:\/\/redfox777.com\/sl\/","url":"https:\/\/redfox777.com\/sl\/","name":"Legalno kupite sre\u010dke za mednarodne loterije na spletu","isPartOf":{"@id":"https:\/\/redfox777.com\/sl\/#website"},"datePublished":"2024-09-09T18:24:48+00:00","breadcrumb":{"@id":"https:\/\/redfox777.com\/sl\/#breadcrumb"},"inLanguage":"sl-SI","potentialAction":[{"@type":"ReadAction","target":["https:\/\/redfox777.com\/sl\/"]}]},{"@type":"BreadcrumbList","@id":"https:\/\/redfox777.com\/sl\/#breadcrumb","itemListElement":[{"@type":"ListItem","position":1,"name":"Home","item":"https:\/\/redfox777.com\/sl\/domov\/"},{"@type":"ListItem","position":2,"name":"Domov"}]},{"@type":"WebSite","@id":"https:\/\/redfox777.com\/sl\/#website","url":"https:\/\/redfox777.com\/sl\/","name":"","description":"","potentialAction":[{"@type":"SearchAction","target":{"@type":"EntryPoint","urlTemplate":"https:\/\/redfox777.com\/sl\/?s={search_term_string}"},"query-input":{"@type":"PropertyValueSpecification","valueRequired":true,"valueName":"search_term_string"}}],"inLanguage":"sl-SI"}]}},"_links":{"self":[{"href":"https:\/\/redfox777.com\/sl\/wp-json\/wp\/v2\/pages\/289","targetHints":{"allow":["GET"]}}],"collection":[{"href":"https:\/\/redfox777.com\/sl\/wp-json\/wp\/v2\/pages"}],"about":[{"href":"https:\/\/redfox777.com\/sl\/wp-json\/wp\/v2\/types\/page"}],"author":[{"embeddable":true,"href":"https:\/\/redfox777.com\/sl\/wp-json\/wp\/v2\/users\/1"}],"replies":[{"embeddable":true,"href":"https:\/\/redfox777.com\/sl\/wp-json\/wp\/v2\/comments?post=289"}],"version-history":[{"count":0,"href":"https:\/\/redfox777.com\/sl\/wp-json\/wp\/v2\/pages\/289\/revisions"}],"wp:attachment":[{"href":"https:\/\/redfox777.com\/sl\/wp-json\/wp\/v2\/media?parent=289"}],"curies":[{"name":"wp","href":"https:\/\/api.w.org\/{rel}","templated":true}]}}