{"id":293,"date":"2024-09-09T19:24:48","date_gmt":"2024-09-09T18:24:48","guid":{"rendered":"https:\/\/redfox777.com\/domov\/"},"modified":"2024-09-09T19:24:48","modified_gmt":"2024-09-09T18:24:48","slug":"domov","status":"publish","type":"page","link":"https:\/\/redfox777.com\/sk\/","title":{"rendered":"Domov"},"content":{"rendered":"<h2>Zozn\u00e1menie sa s legalitou a v\u00fdhodami online \u017erebovania medzin\u00e1rodn\u00fdch lot\u00e9ri\u00ed<\/h2>\n<p>Je leg\u00e1lne z\u00edska\u0165 online \u017erebovanie medzin\u00e1rodn\u00fdch lot\u00e9ri\u00ed? Svet online lot\u00e9ri\u00ed sa roz\u0161\u00edril a nad\u0161encom poskytuje mo\u017enos\u0165 z\u00fa\u010dastni\u0165 sa glob\u00e1lnych \u017erebovan\u00ed z pohodlia domova. Toto roz\u0161\u00edrenie je mo\u017en\u00e9 v\u010faka online kuri\u00e9rskym slu\u017eb\u00e1m lot\u00e9rie, ktor\u00e9 p\u00f4sobia ako subjekty tret\u00edch str\u00e1n s licenciou v krajin\u00e1ch, kde lot\u00e9ria p\u00f4sob\u00ed.<\/p>\n<p>Tieto slu\u017eby u\u013eah\u010duj\u00fa n\u00e1kup, skenovanie a nahr\u00e1vanie fyzick\u00fdch \u017erebov na registrovan\u00e9 pou\u017e\u00edvate\u013esk\u00e9 \u00fa\u010dty klientov a pon\u00fakaj\u00fa leg\u00e1lny a pohodln\u00fd sp\u00f4sob zapojenia sa do medzin\u00e1rodn\u00fdch lot\u00e9ri\u00ed. V tomto \u010dl\u00e1nku sa pon\u00e1rame do pr\u00e1vnych aspektov, v\u00fdhod a bezpe\u010dnostn\u00fdch opatren\u00ed spojen\u00fdch so z\u00edskavan\u00edm online \u017erebovania medzin\u00e1rodn\u00fdch lot\u00e9ri\u00ed.<\/p>\n<h2>Z\u00e1kony o lot\u00e9ri\u00e1ch odhalen\u00e9: Je leg\u00e1lne z\u00edska\u0165 online \u017erebovanie medzin\u00e1rodn\u00fdch lot\u00e9ri\u00ed<\/h2>\n<p>Legitimita je pre hranie lot\u00e9rie prvorad\u00e1 a steles\u0148uj\u00fa ju platformy funguj\u00face na z\u00e1klade licenci\u00ed a dodr\u017eiavaj\u00face pr\u00edsne predpisy v r\u00e1mci konkr\u00e9tnych jurisdikci\u00ed. Je pozoruhodn\u00e9, \u017ee platformy ako RedFoxLotto s\u00fa pr\u00edkladom tohto z\u00e1v\u00e4zku a poskytuj\u00fa pou\u017e\u00edvate\u013eom bezpe\u010dn\u00e9 a transparentn\u00e9 prostredie, ktor\u00e9 podporuje d\u00f4veru v online lot\u00e9riov\u00fd z\u00e1\u017eitok.<\/p>\n<p>D\u00f4le\u017eitos\u0165 bezpe\u010dn\u00fdch transakci\u00ed zd\u00f4raz\u0148uj\u00fa renomovan\u00e9 platformy, ktor\u00e9 vyu\u017e\u00edvaj\u00fa bezpe\u010dn\u00e9 platobn\u00e9 met\u00f3dy a poskytuj\u00fa pou\u017e\u00edvate\u013eom podrobn\u00e9 skeny tiketov ako d\u00f4kaz o k\u00fape. Toto odhodlanie zvy\u0161uje transparentnos\u0165 a istotu pou\u017e\u00edvate\u013eov, \u010d\u00edm kladie z\u00e1klady pre d\u00f4veryhodn\u00fd z\u00e1\u017eitok z online lot\u00e9ri\u00ed.<br \/>\nD\u00f4kladn\u00fd prieskum reput\u00e1cie online lot\u00e9riov\u00fdch platforiem zost\u00e1va k\u013e\u00fa\u010dov\u00fdm krokom, ktor\u00fd umo\u017e\u0148uje jednotlivcom robi\u0165 informovan\u00e9 rozhodnutia, minimalizova\u0165 potenci\u00e1lne rizik\u00e1 a z\u00fa\u010dast\u0148ova\u0165 sa bezpe\u010dn\u00e9ho a pr\u00edjemn\u00e9ho online lot\u00e9riov\u00e9ho z\u00e1\u017eitku.<\/p>\n<h2>RedFoxLotto: Bezpe\u010dn\u00e1 a transparentn\u00e1 mo\u017enos\u0165:<\/h2>\n<p>RedFoxLotto vynik\u00e1 ako platforma, ktor\u00e1 sa zaviazala poskytova\u0165 bezpe\u010dn\u00fd a transparentn\u00fd online lot\u00e9riov\u00fd z\u00e1\u017eitok. Pou\u017e\u00edvatelia m\u00f4\u017eu vyu\u017e\u00edva\u0165 nasleduj\u00face funkcie;<\/p>\n<h3>Objedn\u00e1vanie a skenovanie tiketov<\/h3>\n<p>Ke\u010f si pou\u017e\u00edvatelia objednaj\u00fa tikety na na\u0161ej platforme RedFoxLotto, na\u0161a slu\u017eba lot\u00e9riov\u00fdch spr\u00e1v sa postar\u00e1 o <a href=\"http:\/\/https\/\/redfoxlotto.com\/lotteries\">obstaranie ofici\u00e1lnych tiketov lot\u00e9rie<\/a> od licencovan\u00fdch predajcov. Proces zah\u0155\u0148a d\u00f4kladn\u00fd v\u00fdber vybran\u00fdch \u010d\u00edsel, mo\u017enost\u00ed hry, d\u00e1tumu, \u010dasu a miesta n\u00e1kupu. Tikety so v\u0161etk\u00fdmi relevantn\u00fdmi \u00fadajmi s\u00fa bezpe\u010dne ulo\u017een\u00e9, k\u00fdm si pou\u017e\u00edvatelia nevyzdvihn\u00fa v\u00fdhry alebo k\u00fdm ich platnos\u0165 nevypr\u0161\u00ed.<\/p>\n<h3>Sp\u00f4soby platby a v\u00fdberu: Zabezpe\u010denie bezpe\u010dn\u00fdch a pohodln\u00fdch transakci\u00ed<\/h3>\n<p>Bezpe\u010dnos\u0165 a pohodlie s\u00fa uprednost\u0148ovan\u00e9 prostredn\u00edctvom viacer\u00fdch sp\u00f4sobov platby vr\u00e1tane kreditn\u00fdch kariet, bankov\u00fdch prevodov, Bitcoinu a zabezpe\u010den\u00e9ho pripojenia k online bankov\u00fdm syst\u00e9mom, ako s\u00fa Klarna a Directa24.<\/p>\n<h3>V\u00fdbery a uplatnenie v\u00fdhier: Zjednodu\u0161en\u00fd a bezprobl\u00e9mov\u00fd proces<\/h3>\n<p>RedFoxLotto zais\u0165uje zjednodu\u0161en\u00fd a bezprobl\u00e9mov\u00fd proces v\u00fdberov vr\u00e1tane automatick\u00fdch prevodov mal\u00fdch v\u00fdhier a\u017e do v\u00fd\u0161ky 2 500 \u20ac.<\/p>\n<h3>Podpora pre v\u00e4\u010d\u0161ie v\u00fdhry: Odborn\u00e9 poradenstvo v ka\u017edom kroku<\/h3>\n<p>V pr\u00edpade v\u00e4\u010d\u0161\u00edch v\u00fdhier poskytuje n\u00e1\u0161 \u0161pecializovan\u00fd t\u00edm podpory odborn\u00e9 poradenstvo a jasn\u00e9 pokyny po\u010das cel\u00e9ho procesu uplatnenia n\u00e1roku.<\/p>\n<h3>Da\u0148ov\u00e9 povinnosti: Transparentn\u00e1 komunik\u00e1cia a podpora<\/h3>\n<p>Transparentn\u00e1 komunik\u00e1cia a podpora od spolo\u010dnosti RedFoxLotto pom\u00e1haj\u00fa pou\u017e\u00edvate\u013eom pochopi\u0165 a plni\u0165 si svoje da\u0148ov\u00e9 povinnosti a zabezpe\u010duj\u00fa komplexn\u00fd a d\u00f4veryhodn\u00fd z\u00e1\u017eitok z lot\u00e9rie.<\/p>\n<p>Hoci z\u00e1konnos\u0165 n\u00e1kupu online tiketov pre medzin\u00e1rodn\u00e9 lot\u00e9rie z\u00e1vis\u00ed od jurisdik\u010dn\u00fdch z\u00e1konov, platformy ako RedFoxLotto sa sna\u017eia pon\u00faknu\u0165 \u00fa\u010dastn\u00edkom bezpe\u010dn\u00fd, transparentn\u00fd a pr\u00edjemn\u00fd z\u00e1\u017eitok. V\u017edy bu\u010fte opatrn\u00ed, vykonajte d\u00f4kladn\u00fd prieskum a dodr\u017eiavajte miestne z\u00e1kony, aby ste maximalizovali vzru\u0161enie, ktor\u00e9 pon\u00fakaj\u00fa medzin\u00e1rodn\u00e9 lot\u00e9rie.<\/p>\n","protected":false},"excerpt":{"rendered":"<p>Zozn\u00e1menie sa s legalitou a v\u00fdhodami online \u017erebovania medzin\u00e1rodn\u00fdch lot\u00e9ri\u00ed Je leg\u00e1lne z\u00edska\u0165 online \u017erebovanie&hellip;<\/p>\n","protected":false},"author":1,"featured_media":0,"parent":0,"menu_order":0,"comment_status":"closed","ping_status":"closed","template":"","meta":{"footnotes":""},"class_list":["post-293","page","type-page","status-publish","hentry"],"yoast_head":"<!-- This site is optimized with the Yoast SEO plugin v25.9 - https:\/\/yoast.com\/wordpress\/plugins\/seo\/ -->\n<title>Leg\u00e1lne si k\u00fapte tikety na medzin\u00e1rodn\u00e9 lot\u00e9rie online<\/title>\n<meta name=\"robots\" content=\"index, follow, max-snippet:-1, max-image-preview:large, max-video-preview:-1\" \/>\n<link rel=\"canonical\" href=\"https:\/\/redfox777.com\/sk\/\" \/>\n<meta property=\"og:locale\" content=\"sk_SK\" \/>\n<meta property=\"og:type\" content=\"article\" \/>\n<meta property=\"og:title\" content=\"Leg\u00e1lne si k\u00fapte tikety na medzin\u00e1rodn\u00e9 lot\u00e9rie online\" \/>\n<meta property=\"og:description\" content=\"Zozn\u00e1menie sa s legalitou a v\u00fdhodami online \u017erebovania medzin\u00e1rodn\u00fdch lot\u00e9ri\u00ed Je leg\u00e1lne z\u00edska\u0165 online \u017erebovanie&hellip;\" \/>\n<meta property=\"og:url\" content=\"https:\/\/redfox777.com\/sk\/\" \/>\n<meta name=\"twitter:card\" content=\"summary_large_image\" \/>\n<meta name=\"twitter:label1\" content=\"Predpokladan\u00fd \u010das \u010d\u00edtania\" \/>\n\t<meta name=\"twitter:data1\" content=\"3 min\u00faty\" \/>\n<script type=\"application\/ld+json\" class=\"yoast-schema-graph\">{\"@context\":\"https:\/\/schema.org\",\"@graph\":[{\"@type\":\"WebPage\",\"@id\":\"https:\/\/redfox777.com\/sk\/\",\"url\":\"https:\/\/redfox777.com\/sk\/\",\"name\":\"Leg\u00e1lne si k\u00fapte tikety na medzin\u00e1rodn\u00e9 lot\u00e9rie online\",\"isPartOf\":{\"@id\":\"https:\/\/redfox777.com\/sk\/#website\"},\"datePublished\":\"2024-09-09T18:24:48+00:00\",\"breadcrumb\":{\"@id\":\"https:\/\/redfox777.com\/sk\/#breadcrumb\"},\"inLanguage\":\"sk-SK\",\"potentialAction\":[{\"@type\":\"ReadAction\",\"target\":[\"https:\/\/redfox777.com\/sk\/\"]}]},{\"@type\":\"BreadcrumbList\",\"@id\":\"https:\/\/redfox777.com\/sk\/#breadcrumb\",\"itemListElement\":[{\"@type\":\"ListItem\",\"position\":1,\"name\":\"Home\",\"item\":\"https:\/\/redfox777.com\/sk\/domov\/\"},{\"@type\":\"ListItem\",\"position\":2,\"name\":\"Domov\"}]},{\"@type\":\"WebSite\",\"@id\":\"https:\/\/redfox777.com\/sk\/#website\",\"url\":\"https:\/\/redfox777.com\/sk\/\",\"name\":\"\",\"description\":\"\",\"potentialAction\":[{\"@type\":\"SearchAction\",\"target\":{\"@type\":\"EntryPoint\",\"urlTemplate\":\"https:\/\/redfox777.com\/sk\/?s={search_term_string}\"},\"query-input\":{\"@type\":\"PropertyValueSpecification\",\"valueRequired\":true,\"valueName\":\"search_term_string\"}}],\"inLanguage\":\"sk-SK\"}]}<\/script>\n<!-- \/ Yoast SEO plugin. -->","yoast_head_json":{"title":"Leg\u00e1lne si k\u00fapte tikety na medzin\u00e1rodn\u00e9 lot\u00e9rie online","robots":{"index":"index","follow":"follow","max-snippet":"max-snippet:-1","max-image-preview":"max-image-preview:large","max-video-preview":"max-video-preview:-1"},"canonical":"https:\/\/redfox777.com\/sk\/","og_locale":"sk_SK","og_type":"article","og_title":"Leg\u00e1lne si k\u00fapte tikety na medzin\u00e1rodn\u00e9 lot\u00e9rie online","og_description":"Zozn\u00e1menie sa s legalitou a v\u00fdhodami online \u017erebovania medzin\u00e1rodn\u00fdch lot\u00e9ri\u00ed Je leg\u00e1lne z\u00edska\u0165 online \u017erebovanie&hellip;","og_url":"https:\/\/redfox777.com\/sk\/","twitter_card":"summary_large_image","twitter_misc":{"Predpokladan\u00fd \u010das \u010d\u00edtania":"3 min\u00faty"},"schema":{"@context":"https:\/\/schema.org","@graph":[{"@type":"WebPage","@id":"https:\/\/redfox777.com\/sk\/","url":"https:\/\/redfox777.com\/sk\/","name":"Leg\u00e1lne si k\u00fapte tikety na medzin\u00e1rodn\u00e9 lot\u00e9rie online","isPartOf":{"@id":"https:\/\/redfox777.com\/sk\/#website"},"datePublished":"2024-09-09T18:24:48+00:00","breadcrumb":{"@id":"https:\/\/redfox777.com\/sk\/#breadcrumb"},"inLanguage":"sk-SK","potentialAction":[{"@type":"ReadAction","target":["https:\/\/redfox777.com\/sk\/"]}]},{"@type":"BreadcrumbList","@id":"https:\/\/redfox777.com\/sk\/#breadcrumb","itemListElement":[{"@type":"ListItem","position":1,"name":"Home","item":"https:\/\/redfox777.com\/sk\/domov\/"},{"@type":"ListItem","position":2,"name":"Domov"}]},{"@type":"WebSite","@id":"https:\/\/redfox777.com\/sk\/#website","url":"https:\/\/redfox777.com\/sk\/","name":"","description":"","potentialAction":[{"@type":"SearchAction","target":{"@type":"EntryPoint","urlTemplate":"https:\/\/redfox777.com\/sk\/?s={search_term_string}"},"query-input":{"@type":"PropertyValueSpecification","valueRequired":true,"valueName":"search_term_string"}}],"inLanguage":"sk-SK"}]}},"_links":{"self":[{"href":"https:\/\/redfox777.com\/sk\/wp-json\/wp\/v2\/pages\/293","targetHints":{"allow":["GET"]}}],"collection":[{"href":"https:\/\/redfox777.com\/sk\/wp-json\/wp\/v2\/pages"}],"about":[{"href":"https:\/\/redfox777.com\/sk\/wp-json\/wp\/v2\/types\/page"}],"author":[{"embeddable":true,"href":"https:\/\/redfox777.com\/sk\/wp-json\/wp\/v2\/users\/1"}],"replies":[{"embeddable":true,"href":"https:\/\/redfox777.com\/sk\/wp-json\/wp\/v2\/comments?post=293"}],"version-history":[{"count":0,"href":"https:\/\/redfox777.com\/sk\/wp-json\/wp\/v2\/pages\/293\/revisions"}],"wp:attachment":[{"href":"https:\/\/redfox777.com\/sk\/wp-json\/wp\/v2\/media?parent=293"}],"curies":[{"name":"wp","href":"https:\/\/api.w.org\/{rel}","templated":true}]}}