{"id":62,"date":"2024-09-09T19:24:48","date_gmt":"2024-09-09T18:24:48","guid":{"rendered":"https:\/\/redfox777.com\/acasa\/"},"modified":"2024-09-09T19:24:48","modified_gmt":"2024-09-09T18:24:48","slug":"acasa","status":"publish","type":"page","link":"https:\/\/redfox777.com\/ro\/","title":{"rendered":"Acas\u0103"},"content":{"rendered":"<h2>Navigarea legalit\u0103\u021bii \u0219i beneficiilor biletelor online pentru loterii interna\u021bionale<\/h2>\n<p>Este legal s\u0103 ob\u021bii bilete online pentru loterii interna\u021bionale? Lumea loterii online s-a extins, oferind pasiona\u021bilor oportunitatea de a participa la extrageri globale din confortul casei lor. Aceast\u0103 extindere este posibil\u0103 prin intermediul serviciilor de curierat online pentru loterie care ac\u021bioneaz\u0103 ca entit\u0103\u021bi ter\u021be licen\u021biate \u00een \u021b\u0103rile \u00een care se desf\u0103\u0219oar\u0103 loteria.<\/p>\n<p>Aceste servicii faciliteaz\u0103 achizi\u021bionarea, scanarea \u0219i \u00eenc\u0103rcarea biletelor fizice \u00een conturile de utilizator \u00eenregistrate ale clien\u021bilor, oferind o modalitate legal\u0103 \u0219i convenabil\u0103 de a participa la loterii interna\u021bionale. \u00cen acest articol, analiz\u0103m considera\u021biile legale, beneficiile \u0219i m\u0103surile de siguran\u021b\u0103 asociate cu achizi\u021bionarea de bilete online pentru loterii globale.<\/p>\n<h2>Legile loteriei demitizate: Este legal s\u0103 ob\u021bii bilete online pentru loterii interna\u021bionale<\/h2>\n<p>Legititudinea este esen\u021bial\u0103 pentru a juca la loterie, fiind reprezentat\u0103 de platforme care opereaz\u0103 sub licen\u021be \u0219i respect\u0103 reglement\u0103ri stricte \u00een anumite jurisdic\u021bii. \u00cen mod special, <a href=\"https:\/\/redfoxlotto.com\">platforme precum RedFoxLotto<\/a> exemplific\u0103 acest angajament, oferind utilizatorilor un mediu sigur \u0219i transparent care \u00eencurajeaz\u0103 \u00eencrederea \u00een experien\u021ba loteriei online.<\/p>\n<p>Importan\u021ba tranzac\u021biilor securizate este subliniat\u0103 de platformele reputate, care utilizeaz\u0103 metode de plat\u0103 securizate \u0219i furnizeaz\u0103 utilizatorilor scan\u0103ri detaliate ale biletelor ca dovad\u0103 a achizi\u021biei. Aceast\u0103 dedicare spore\u0219te transparen\u021ba \u0219i siguran\u021ba utilizatorilor, pun\u00e2nd bazele unei interac\u021biuni de \u00eencredere cu loteriile online.<br \/>\nCercetarea am\u0103nun\u021bit\u0103 a reputa\u021biei platformelor de loterie online r\u0103m\u00e2ne un pas crucial, permi\u021b\u00e2nd persoanelor s\u0103 fac\u0103 alegeri informate, s\u0103 minimizeze riscurile poten\u021biale \u0219i s\u0103 participe la o experien\u021b\u0103 de loterie online sigur\u0103 \u0219i pl\u0103cut\u0103.<\/p>\n<h2>RedFoxLotto: O op\u021biune sigur\u0103 \u0219i transparent\u0103:<\/h2>\n<p>RedFoxLotto se remarc\u0103 ca o platform\u0103 dedicat\u0103 furniz\u0103rii unei experien\u021be de loterie online sigure \u0219i transparente. Utilizatorii pot beneficia de urm\u0103toarele caracteristici;<\/p>\n<h3>Comand\u0103 \u0219i scanare bilete<\/h3>\n<p>Atunci c\u00e2nd utilizatorii plaseaz\u0103 o comand\u0103 pe platforma noastr\u0103, RedFoxLotto, serviciul nostru de mesagerie loterie se ocup\u0103 de <a href=\"http:\/\/https\/\/redfoxlotto.com\/lotteries\">achizi\u021bionarea biletelor loto oficiale<\/a> de la comercian\u021bii autoriza\u021bi. Procesul include selec\u021bia meticuloas\u0103 a numerelor alese, op\u021biunile de joc, data, ora \u0219i loca\u021bia achizi\u021biei. Biletele, cu toate detaliile relevante, sunt stocate \u00een siguran\u021b\u0103 p\u00e2n\u0103 la revendicarea premiilor sau expirarea biletelor.<\/p>\n<h3>Metode de plat\u0103 \u0219i retragere: Asigurarea unor tranzac\u021bii sigure \u0219i convenabile<\/h3>\n<p>Securitatea \u0219i confortul sunt prioritizate prin intermediul mai multor metode de plat\u0103, inclusiv carduri de credit, transferuri bancare, Bitcoin \u0219i conexiuni securizate la sisteme bancare online precum Klarna \u0219i Directa24.<\/p>\n<h3>Retrageri \u0219i revendicare c\u00e2\u0219tiguri: Proces simplificat \u0219i f\u0103r\u0103 probleme<\/h3>\n<p>RedFoxLotto asigur\u0103 un proces simplificat \u0219i f\u0103r\u0103 probleme pentru retrageri, inclusiv transferuri automate pentru c\u00e2\u0219tiguri mici de p\u00e2n\u0103 la 2.500 EUR.<\/p>\n<h3>Asisten\u021b\u0103 pentru c\u00e2\u0219tiguri mai mari: \u00cendrumare de specialitate la fiecare pas<\/h3>\n<p>Pentru c\u00e2\u0219tiguri mai mari, echipa noastr\u0103 dedicat\u0103 de asisten\u021b\u0103 ofer\u0103 \u00eendrumare de specialitate \u0219i instruc\u021biuni clare pe tot parcursul procesului de revendicare.<\/p>\n<h3>Responsabilit\u0103\u021bi fiscale: Comunicare \u0219i asisten\u021b\u0103 transparente<\/h3>\n<p>Comunicarea \u0219i asisten\u021ba transparente din partea RedFoxLotto ajut\u0103 utilizatorii s\u0103 \u00een\u021beleag\u0103 \u0219i s\u0103 \u00ee\u0219i \u00eendeplineasc\u0103 responsabilit\u0103\u021bile fiscale, asigur\u00e2nd o experien\u021b\u0103 loteric\u0103 complet\u0103 \u0219i de \u00eencredere.<\/p>\n<p>De\u0219i legalitatea achizi\u021bion\u0103rii de bilete online pentru loterii interna\u021bionale depinde de legile jurisdic\u021bionale, platforme precum RedFoxLotto \u00ee\u0219i propun s\u0103 ofere o experien\u021b\u0103 sigur\u0103, transparent\u0103 \u0219i pl\u0103cut\u0103 participan\u021bilor. Fi\u021bi \u00eentotdeauna precau\u021bi, efectua\u021bi cercet\u0103ri am\u0103nun\u021bite \u0219i respecta\u021bi legile locale pentru a maximiza entuziasmul oferit de loteriile interna\u021bionale.<\/p>\n","protected":false},"excerpt":{"rendered":"<p>Navigarea legalit\u0103\u021bii \u0219i beneficiilor biletelor online pentru loterii interna\u021bionale Este legal s\u0103 ob\u021bii bilete online&hellip;<\/p>\n","protected":false},"author":1,"featured_media":0,"parent":0,"menu_order":0,"comment_status":"closed","ping_status":"closed","template":"","meta":{"footnotes":""},"class_list":["post-62","page","type-page","status-publish","hentry"],"yoast_head":"<!-- This site is optimized with the Yoast SEO plugin v25.9 - https:\/\/yoast.com\/wordpress\/plugins\/seo\/ -->\n<title>Cump\u0103ra\u021bi online bilete pentru loterii interna\u021bionale \u00een mod legal<\/title>\n<meta name=\"robots\" content=\"index, follow, max-snippet:-1, max-image-preview:large, max-video-preview:-1\" \/>\n<link rel=\"canonical\" href=\"https:\/\/redfox777.com\/ro\/\" \/>\n<meta property=\"og:locale\" content=\"ro_RO\" \/>\n<meta property=\"og:type\" content=\"article\" \/>\n<meta property=\"og:title\" content=\"Cump\u0103ra\u021bi online bilete pentru loterii interna\u021bionale \u00een mod legal\" \/>\n<meta property=\"og:description\" content=\"Navigarea legalit\u0103\u021bii \u0219i beneficiilor biletelor online pentru loterii interna\u021bionale Este legal s\u0103 ob\u021bii bilete online&hellip;\" \/>\n<meta property=\"og:url\" content=\"https:\/\/redfox777.com\/ro\/\" \/>\n<meta name=\"twitter:card\" content=\"summary_large_image\" \/>\n<meta name=\"twitter:label1\" content=\"Timp estimat pentru citire\" \/>\n\t<meta name=\"twitter:data1\" content=\"3 minute\" \/>\n<script type=\"application\/ld+json\" class=\"yoast-schema-graph\">{\"@context\":\"https:\/\/schema.org\",\"@graph\":[{\"@type\":\"WebPage\",\"@id\":\"https:\/\/redfox777.com\/ro\/\",\"url\":\"https:\/\/redfox777.com\/ro\/\",\"name\":\"Cump\u0103ra\u021bi online bilete pentru loterii interna\u021bionale \u00een mod legal\",\"isPartOf\":{\"@id\":\"https:\/\/redfox777.com\/ro\/#website\"},\"datePublished\":\"2024-09-09T18:24:48+00:00\",\"breadcrumb\":{\"@id\":\"https:\/\/redfox777.com\/ro\/#breadcrumb\"},\"inLanguage\":\"ro-RO\",\"potentialAction\":[{\"@type\":\"ReadAction\",\"target\":[\"https:\/\/redfox777.com\/ro\/\"]}]},{\"@type\":\"BreadcrumbList\",\"@id\":\"https:\/\/redfox777.com\/ro\/#breadcrumb\",\"itemListElement\":[{\"@type\":\"ListItem\",\"position\":1,\"name\":\"Home\",\"item\":\"https:\/\/redfox777.com\/ro\/acasa\/\"},{\"@type\":\"ListItem\",\"position\":2,\"name\":\"Acas\u0103\"}]},{\"@type\":\"WebSite\",\"@id\":\"https:\/\/redfox777.com\/ro\/#website\",\"url\":\"https:\/\/redfox777.com\/ro\/\",\"name\":\"\",\"description\":\"\",\"potentialAction\":[{\"@type\":\"SearchAction\",\"target\":{\"@type\":\"EntryPoint\",\"urlTemplate\":\"https:\/\/redfox777.com\/ro\/?s={search_term_string}\"},\"query-input\":{\"@type\":\"PropertyValueSpecification\",\"valueRequired\":true,\"valueName\":\"search_term_string\"}}],\"inLanguage\":\"ro-RO\"}]}<\/script>\n<!-- \/ Yoast SEO plugin. -->","yoast_head_json":{"title":"Cump\u0103ra\u021bi online bilete pentru loterii interna\u021bionale \u00een mod legal","robots":{"index":"index","follow":"follow","max-snippet":"max-snippet:-1","max-image-preview":"max-image-preview:large","max-video-preview":"max-video-preview:-1"},"canonical":"https:\/\/redfox777.com\/ro\/","og_locale":"ro_RO","og_type":"article","og_title":"Cump\u0103ra\u021bi online bilete pentru loterii interna\u021bionale \u00een mod legal","og_description":"Navigarea legalit\u0103\u021bii \u0219i beneficiilor biletelor online pentru loterii interna\u021bionale Este legal s\u0103 ob\u021bii bilete online&hellip;","og_url":"https:\/\/redfox777.com\/ro\/","twitter_card":"summary_large_image","twitter_misc":{"Timp estimat pentru citire":"3 minute"},"schema":{"@context":"https:\/\/schema.org","@graph":[{"@type":"WebPage","@id":"https:\/\/redfox777.com\/ro\/","url":"https:\/\/redfox777.com\/ro\/","name":"Cump\u0103ra\u021bi online bilete pentru loterii interna\u021bionale \u00een mod legal","isPartOf":{"@id":"https:\/\/redfox777.com\/ro\/#website"},"datePublished":"2024-09-09T18:24:48+00:00","breadcrumb":{"@id":"https:\/\/redfox777.com\/ro\/#breadcrumb"},"inLanguage":"ro-RO","potentialAction":[{"@type":"ReadAction","target":["https:\/\/redfox777.com\/ro\/"]}]},{"@type":"BreadcrumbList","@id":"https:\/\/redfox777.com\/ro\/#breadcrumb","itemListElement":[{"@type":"ListItem","position":1,"name":"Home","item":"https:\/\/redfox777.com\/ro\/acasa\/"},{"@type":"ListItem","position":2,"name":"Acas\u0103"}]},{"@type":"WebSite","@id":"https:\/\/redfox777.com\/ro\/#website","url":"https:\/\/redfox777.com\/ro\/","name":"","description":"","potentialAction":[{"@type":"SearchAction","target":{"@type":"EntryPoint","urlTemplate":"https:\/\/redfox777.com\/ro\/?s={search_term_string}"},"query-input":{"@type":"PropertyValueSpecification","valueRequired":true,"valueName":"search_term_string"}}],"inLanguage":"ro-RO"}]}},"_links":{"self":[{"href":"https:\/\/redfox777.com\/ro\/wp-json\/wp\/v2\/pages\/62","targetHints":{"allow":["GET"]}}],"collection":[{"href":"https:\/\/redfox777.com\/ro\/wp-json\/wp\/v2\/pages"}],"about":[{"href":"https:\/\/redfox777.com\/ro\/wp-json\/wp\/v2\/types\/page"}],"author":[{"embeddable":true,"href":"https:\/\/redfox777.com\/ro\/wp-json\/wp\/v2\/users\/1"}],"replies":[{"embeddable":true,"href":"https:\/\/redfox777.com\/ro\/wp-json\/wp\/v2\/comments?post=62"}],"version-history":[{"count":0,"href":"https:\/\/redfox777.com\/ro\/wp-json\/wp\/v2\/pages\/62\/revisions"}],"wp:attachment":[{"href":"https:\/\/redfox777.com\/ro\/wp-json\/wp\/v2\/media?parent=62"}],"curies":[{"name":"wp","href":"https:\/\/api.w.org\/{rel}","templated":true}]}}