{"id":61,"date":"2024-09-09T19:24:48","date_gmt":"2024-09-09T18:24:48","guid":{"rendered":"https:\/\/redfox777.com\/casa\/"},"modified":"2024-09-09T19:24:48","modified_gmt":"2024-09-09T18:24:48","slug":"casa","status":"publish","type":"page","link":"https:\/\/redfox777.com\/pt-pt\/","title":{"rendered":"Casa"},"content":{"rendered":"<h2>Navegando pela legalidade e pelos benef\u00edcios dos bilhetes online para lotarias internacionais<\/h2>\n<p>\u00c9 legal comprar bilhetes online para lotarias internacionais? O mundo das lotarias online expandiu-se, proporcionando aos entusiastas a oportunidade de participar em sorteios globais no conforto das suas casas. Esta expans\u00e3o \u00e9 poss\u00edvel atrav\u00e9s de servi\u00e7os de entrega de lotaria online que atuam como entidades terceirizadas licenciadas nos pa\u00edses de opera\u00e7\u00e3o da lotaria.<\/p>\n<p>Estes servi\u00e7os facilitam a compra, a digitaliza\u00e7\u00e3o e o carregamento de bilhetes f\u00edsicos para as contas de utilizadores registados dos clientes, oferecendo uma forma legal e conveniente de participar em lotarias internacionais. Neste artigo, aprofundamos as considera\u00e7\u00f5es legais, os benef\u00edcios e as medidas de seguran\u00e7a associadas \u00e0 aquisi\u00e7\u00e3o online de bilhetes para lotarias globais.<\/p>\n<h2>Leis da lotaria desmistificadas: \u00e9 legal comprar bilhetes online para lotarias internacionais?<\/h2>\n<p>A legitimidade \u00e9 fundamental para jogar na lotaria, representada por plataformas que operam sob licen\u00e7as e aderem a regulamentos rigorosos dentro de jurisdi\u00e7\u00f5es espec\u00edficas. Notavelmente, <a href=\"https:\/\/redfoxlotto.com\">plataformas como a RedFoxLotto<\/a> exemplificam este compromisso, proporcionando aos utilizadores um ambiente seguro e transparente que promove a confian\u00e7a na experi\u00eancia de lotaria online.<\/p>\n<p>A import\u00e2ncia das transa\u00e7\u00f5es seguras \u00e9 salientada por plataformas respeit\u00e1veis, que empregam m\u00e9todos de pagamento seguros e fornecem aos utilizadores digitaliza\u00e7\u00f5es detalhadas dos bilhetes como prova de compra. Esta dedica\u00e7\u00e3o aumenta a transpar\u00eancia e a seguran\u00e7a do utilizador, estabelecendo a base para um envolvimento fi\u00e1vel com as lotarias online.<br \/>\nUma pesquisa completa sobre a reputa\u00e7\u00e3o das plataformas de lotaria online continua a ser um passo crucial, permitindo que os indiv\u00edduos fa\u00e7am escolhas informadas, minimizem os riscos potenciais e participem numa experi\u00eancia de lotaria online segura e agrad\u00e1vel.<br \/>\nRedFoxLotto: Uma op\u00e7\u00e3o segura e transparente:<br \/>\nA RedFoxLotto destaca-se como uma plataforma empenhada em proporcionar uma experi\u00eancia de lotaria online segura e transparente. Os utilizadores podem beneficiar dos seguintes recursos;<\/p>\n<h3>Encomendas e digitaliza\u00e7\u00e3o de bilhetes<\/h3>\n<p>Quando os utilizadores fazem uma encomenda na nossa plataforma, RedFoxLotto, o nosso servi\u00e7o de mensagens de lotaria encarrega-se de <a href=\"http:\/\/https\/\/redfoxlotto.com\/lotteries\">adquirir bilhetes de lotaria oficiais<\/a> aos retalhistas licenciados. O processo inclui a sele\u00e7\u00e3o meticulosa dos n\u00fameros escolhidos, op\u00e7\u00f5es de jogo, data, hora e local de compra. Os bilhetes, com todos os detalhes relevantes, s\u00e3o armazenados em seguran\u00e7a at\u00e9 que os pr\u00e9mios sejam reclamados ou os bilhetes expirem.<br \/>\nM\u00e9todos de pagamento e levantamento: garantir transa\u00e7\u00f5es seguras e convenientes<br \/>\nA seguran\u00e7a e a conveni\u00eancia s\u00e3o priorizadas atrav\u00e9s de v\u00e1rios m\u00e9todos de pagamento, incluindo cart\u00f5es de cr\u00e9dito, transfer\u00eancias banc\u00e1rias, Bitcoin e liga\u00e7\u00f5es seguras a sistemas banc\u00e1rios online como o Klarna e o Directa24.<\/p>\n<h3>Levantamentos e Reivindica\u00e7\u00e3o de Ganhos: Processo Simplificado e Sem Complica\u00e7\u00f5es<\/h3>\n<p>A RedFoxLotto garante um processo simplificado e sem complica\u00e7\u00f5es para levantamentos, incluindo transfer\u00eancias autom\u00e1ticas para pequenos ganhos at\u00e9 2.500\u20ac.<br \/>\nSuporte para ganhos maiores: orienta\u00e7\u00e3o especializada em cada etapa do caminho<br \/>\nPara maiores ganhos, a nossa equipa de suporte dedicada fornece orienta\u00e7\u00e3o especializada e instru\u00e7\u00f5es claras durante todo o processo de reclama\u00e7\u00e3o.<br \/>\nResponsabilidades fiscais: comunica\u00e7\u00e3o e apoio transparentes<br \/>\nA comunica\u00e7\u00e3o transparente e o suporte da RedFoxLotto ajudam os utilizadores a compreender e a cumprir as suas responsabilidades fiscais, garantindo uma experi\u00eancia de lotaria abrangente e fi\u00e1vel.<\/p>\n<p>Embora a legalidade da compra online de bilhetes para lotarias internacionais dependa das leis jurisdicionais, plataformas como a RedFoxLotto pretendem oferecer uma experi\u00eancia segura, transparente e agrad\u00e1vel para os participantes. Seja sempre cauteloso, fa\u00e7a uma pesquisa completa e cumpra as leis locais para maximizar a emo\u00e7\u00e3o oferecida pelas lotarias internacionais.<\/p>\n","protected":false},"excerpt":{"rendered":"<p>Navegando pela legalidade e pelos benef\u00edcios dos bilhetes online para lotarias internacionais \u00c9 legal comprar&hellip;<\/p>\n","protected":false},"author":1,"featured_media":0,"parent":0,"menu_order":0,"comment_status":"closed","ping_status":"closed","template":"","meta":{"footnotes":""},"class_list":["post-61","page","type-page","status-publish","hentry"],"yoast_head":"<!-- This site is optimized with the Yoast SEO plugin v25.9 - https:\/\/yoast.com\/wordpress\/plugins\/seo\/ -->\n<title>Compre legalmente bilhetes para lotarias internacionais online<\/title>\n<meta name=\"robots\" content=\"index, follow, max-snippet:-1, max-image-preview:large, max-video-preview:-1\" \/>\n<link rel=\"canonical\" href=\"https:\/\/redfox777.com\/pt-pt\/\" \/>\n<meta property=\"og:locale\" content=\"pt_PT\" \/>\n<meta property=\"og:type\" content=\"article\" \/>\n<meta property=\"og:title\" content=\"Compre legalmente bilhetes para lotarias internacionais online\" \/>\n<meta property=\"og:description\" content=\"Navegando pela legalidade e pelos benef\u00edcios dos bilhetes online para lotarias internacionais \u00c9 legal comprar&hellip;\" \/>\n<meta property=\"og:url\" content=\"https:\/\/redfox777.com\/pt-pt\/\" \/>\n<meta name=\"twitter:card\" content=\"summary_large_image\" \/>\n<meta name=\"twitter:label1\" content=\"Tempo estimado de leitura\" \/>\n\t<meta name=\"twitter:data1\" content=\"3 minutos\" \/>\n<script type=\"application\/ld+json\" class=\"yoast-schema-graph\">{\"@context\":\"https:\/\/schema.org\",\"@graph\":[{\"@type\":\"WebPage\",\"@id\":\"https:\/\/redfox777.com\/pt-pt\/\",\"url\":\"https:\/\/redfox777.com\/pt-pt\/\",\"name\":\"Compre legalmente bilhetes para lotarias internacionais online\",\"isPartOf\":{\"@id\":\"https:\/\/redfox777.com\/pt-pt\/#website\"},\"datePublished\":\"2024-09-09T18:24:48+00:00\",\"breadcrumb\":{\"@id\":\"https:\/\/redfox777.com\/pt-pt\/#breadcrumb\"},\"inLanguage\":\"pt-PT\",\"potentialAction\":[{\"@type\":\"ReadAction\",\"target\":[\"https:\/\/redfox777.com\/pt-pt\/\"]}]},{\"@type\":\"BreadcrumbList\",\"@id\":\"https:\/\/redfox777.com\/pt-pt\/#breadcrumb\",\"itemListElement\":[{\"@type\":\"ListItem\",\"position\":1,\"name\":\"Home\",\"item\":\"https:\/\/redfox777.com\/pt-pt\/casa\/\"},{\"@type\":\"ListItem\",\"position\":2,\"name\":\"Casa\"}]},{\"@type\":\"WebSite\",\"@id\":\"https:\/\/redfox777.com\/pt-pt\/#website\",\"url\":\"https:\/\/redfox777.com\/pt-pt\/\",\"name\":\"\",\"description\":\"\",\"potentialAction\":[{\"@type\":\"SearchAction\",\"target\":{\"@type\":\"EntryPoint\",\"urlTemplate\":\"https:\/\/redfox777.com\/pt-pt\/?s={search_term_string}\"},\"query-input\":{\"@type\":\"PropertyValueSpecification\",\"valueRequired\":true,\"valueName\":\"search_term_string\"}}],\"inLanguage\":\"pt-PT\"}]}<\/script>\n<!-- \/ Yoast SEO plugin. -->","yoast_head_json":{"title":"Compre legalmente bilhetes para lotarias internacionais online","robots":{"index":"index","follow":"follow","max-snippet":"max-snippet:-1","max-image-preview":"max-image-preview:large","max-video-preview":"max-video-preview:-1"},"canonical":"https:\/\/redfox777.com\/pt-pt\/","og_locale":"pt_PT","og_type":"article","og_title":"Compre legalmente bilhetes para lotarias internacionais online","og_description":"Navegando pela legalidade e pelos benef\u00edcios dos bilhetes online para lotarias internacionais \u00c9 legal comprar&hellip;","og_url":"https:\/\/redfox777.com\/pt-pt\/","twitter_card":"summary_large_image","twitter_misc":{"Tempo estimado de leitura":"3 minutos"},"schema":{"@context":"https:\/\/schema.org","@graph":[{"@type":"WebPage","@id":"https:\/\/redfox777.com\/pt-pt\/","url":"https:\/\/redfox777.com\/pt-pt\/","name":"Compre legalmente bilhetes para lotarias internacionais online","isPartOf":{"@id":"https:\/\/redfox777.com\/pt-pt\/#website"},"datePublished":"2024-09-09T18:24:48+00:00","breadcrumb":{"@id":"https:\/\/redfox777.com\/pt-pt\/#breadcrumb"},"inLanguage":"pt-PT","potentialAction":[{"@type":"ReadAction","target":["https:\/\/redfox777.com\/pt-pt\/"]}]},{"@type":"BreadcrumbList","@id":"https:\/\/redfox777.com\/pt-pt\/#breadcrumb","itemListElement":[{"@type":"ListItem","position":1,"name":"Home","item":"https:\/\/redfox777.com\/pt-pt\/casa\/"},{"@type":"ListItem","position":2,"name":"Casa"}]},{"@type":"WebSite","@id":"https:\/\/redfox777.com\/pt-pt\/#website","url":"https:\/\/redfox777.com\/pt-pt\/","name":"","description":"","potentialAction":[{"@type":"SearchAction","target":{"@type":"EntryPoint","urlTemplate":"https:\/\/redfox777.com\/pt-pt\/?s={search_term_string}"},"query-input":{"@type":"PropertyValueSpecification","valueRequired":true,"valueName":"search_term_string"}}],"inLanguage":"pt-PT"}]}},"_links":{"self":[{"href":"https:\/\/redfox777.com\/pt-pt\/wp-json\/wp\/v2\/pages\/61","targetHints":{"allow":["GET"]}}],"collection":[{"href":"https:\/\/redfox777.com\/pt-pt\/wp-json\/wp\/v2\/pages"}],"about":[{"href":"https:\/\/redfox777.com\/pt-pt\/wp-json\/wp\/v2\/types\/page"}],"author":[{"embeddable":true,"href":"https:\/\/redfox777.com\/pt-pt\/wp-json\/wp\/v2\/users\/1"}],"replies":[{"embeddable":true,"href":"https:\/\/redfox777.com\/pt-pt\/wp-json\/wp\/v2\/comments?post=61"}],"version-history":[{"count":0,"href":"https:\/\/redfox777.com\/pt-pt\/wp-json\/wp\/v2\/pages\/61\/revisions"}],"wp:attachment":[{"href":"https:\/\/redfox777.com\/pt-pt\/wp-json\/wp\/v2\/media?parent=61"}],"curies":[{"name":"wp","href":"https:\/\/api.w.org\/{rel}","templated":true}]}}