{"id":301,"date":"2024-09-09T19:24:48","date_gmt":"2024-09-09T18:24:48","guid":{"rendered":"https:\/\/redfox777.com\/sakums\/"},"modified":"2024-09-09T19:24:48","modified_gmt":"2024-09-09T18:24:48","slug":"sakums","status":"publish","type":"page","link":"https:\/\/redfox777.com\/lv\/","title":{"rendered":"S\u0101kums"},"content":{"rendered":"<h2>Starptautisko loteriju tie\u0161saistes bi\u013ce\u0161u likum\u012bbas un priek\u0161roc\u012bbu izpratne<\/h2>\n<p>Vai ir likum\u012bgi ieg\u016bt starptautisk\u0101s loterijas bi\u013cetes tie\u0161saist\u0113? Tie\u0161saistes loteriju pasaule ir papla\u0161in\u0101jusies, sniedzot entuziastiem iesp\u0113ju piedal\u012bties glob\u0101l\u0101s izloz\u0113s, \u0113rti atrodoties m\u0101j\u0101s. \u0160\u012b papla\u0161in\u0101\u0161an\u0101s ir iesp\u0113jama, pateicoties tie\u0161saistes loteriju kurjerdienestiem, kas darbojas k\u0101 tre\u0161o pu\u0161u vien\u012bbas, kur\u0101m ir licence loteriju darb\u012bbas valst\u012bs.<\/p>\n<p>\u0160ie pakalpojumi atvieglo fizisku bi\u013ce\u0161u ieg\u0101di, sken\u0113\u0161anu un aug\u0161upiel\u0101di klientu re\u0123istr\u0113tajos lietot\u0101ju kontos, pied\u0101v\u0101jot likum\u012bgu un \u0113rtu veidu, k\u0101 piedal\u012bties starptautiskaj\u0101s loterij\u0101s. \u0160aj\u0101 rakst\u0101 m\u0113s iedzi\u013cin\u0101mies juridiskajos apsv\u0113rumos, priek\u0161roc\u012bb\u0101s un dro\u0161\u012bbas pas\u0101kumos, kas saist\u012bti ar glob\u0101lo loteriju tie\u0161saistes bi\u013ce\u0161u ieg\u0101di.<\/p>\n<h2>Loteriju likumu atmasko\u0161ana: Vai ir likum\u012bgi ieg\u016bt starptautisk\u0101s loterijas bi\u013cetes tie\u0161saist\u0113<\/h2>\n<p>Loterijas sp\u0113l\u0113\u0161anai ir \u0101rk\u0101rt\u012bgi svar\u012bga likum\u012bba, ko iemieso platformas, kas darbojas saska\u0146\u0101 ar licenc\u0113m un iev\u0113ro stingrus noteikumus konkr\u0113t\u0101s jurisdikcij\u0101s. J\u0101atz\u012bm\u0113, ka <a href=\"https:\/\/redfoxlotto.com\">platformas, piem\u0113ram, RedFoxLotto<\/a>, ir \u0161\u012bs ap\u0146em\u0161an\u0101s piem\u0113rs, nodro\u0161inot lietot\u0101jiem dro\u0161u un p\u0101rredzamu vidi, kas veicina uztic\u012bbu tie\u0161saistes loterijas pieredzei.<\/p>\n<p>Dro\u0161u dar\u012bjumu noz\u012bmi uzsver cien\u012bjamas platformas, kas izmanto dro\u0161as maks\u0101jumu metodes un nodro\u0161ina lietot\u0101jiem detaliz\u0113tas bi\u013ce\u0161u sken\u0113\u0161anas k\u0101 pirkuma apliecin\u0101jumu. \u0160\u012b ap\u0146em\u0161an\u0101s uzlabo p\u0101rredzam\u012bbu un lietot\u0101ju p\u0101rliec\u012bbu, liekot pamatus uzticamai sadarb\u012bbai ar tie\u0161saistes loterij\u0101m.<br \/>\nR\u016bp\u012bga tie\u0161saistes loteriju platformu reput\u0101cijas izp\u0113te joproj\u0101m ir iz\u0161\u0137iro\u0161s solis, kas \u013cauj indiv\u012bdiem izdar\u012bt apzin\u0101tu izv\u0113li, samazin\u0101t iesp\u0113jamos riskus un piedal\u012bties dro\u0161\u0101 un pat\u012bkam\u0101 tie\u0161saistes loterijas pieredz\u0113.<\/p>\n<h2>RedFoxLotto: dro\u0161a un p\u0101rredzama iesp\u0113ja:<\/h2>\n<p>RedFoxLotto izce\u013cas k\u0101 platforma, kas ap\u0146\u0113musies nodro\u0161in\u0101t dro\u0161u un p\u0101rredzamu tie\u0161saistes loterijas pieredzi. Lietot\u0101ji var g\u016bt labumu no \u0161\u0101d\u0101m funkcij\u0101m:<\/p>\n<h3>Pas\u016bt\u012b\u0161ana un bi\u013ce\u0161u sken\u0113\u0161ana<\/h3>\n<p>Kad lietot\u0101ji veic pas\u016bt\u012bjumu m\u016bsu platform\u0101, m\u016bsu loterijas kurjera pakalpojums RedFoxLotto p\u0101r\u0146em <a href=\"http:\/\/https\/\/redfoxlotto.com\/lotteries\">ofici\u0101lu loterijas bi\u013ce\u0161u ieg\u0101di<\/a> no licenc\u0113tiem mazumtirgot\u0101jiem. Process ietver r\u016bp\u012bgu izv\u0113l\u0113to skait\u013cu, sp\u0113les iesp\u0113ju, ieg\u0101des datuma, laika un vietas atlasi. Bi\u013cetes ar visu b\u016btisko inform\u0101ciju tiek dro\u0161i glab\u0101tas, l\u012bdz tiek piepras\u012btas balvas vai beidzas bi\u013ce\u0161u der\u012bguma termi\u0146\u0161.<\/p>\n<h3>Maks\u0101jumu un izmaksu metodes: dro\u0161u un \u0113rtu dar\u012bjumu nodro\u0161in\u0101\u0161ana<\/h3>\n<p>Dro\u0161\u012bba un \u0113rt\u012bbas tiek uzskat\u012btas par priorit\u0101ti, izmantojot vair\u0101kas maks\u0101jumu metodes, tostarp kred\u012btkartes, bankas p\u0101rskait\u012bjumus, Bitcoin un dro\u0161us savienojumus ar tie\u0161saistes banku sist\u0113m\u0101m, piem\u0113ram, Klarna un Directa24.<\/p>\n<h3>Izmaksas un laimestu piepras\u012b\u0161ana: vienk\u0101r\u0161ots un bezprobl\u0113mu process<\/h3>\n<p>RedFoxLotto nodro\u0161ina vienk\u0101r\u0161otu un bezprobl\u0113mu izmaksu procesu, tostarp autom\u0101tiskus p\u0101rskait\u012bjumus nelieliem laimestiem l\u012bdz 2500 eiro. <\/p>\n<h3>Atbalsts liel\u0101kiem laimestiem: ekspertu nor\u0101d\u012bjumi ik uz so\u013ca<\/h3>\n<p>Liel\u0101kiem laimestiem m\u016bsu \u012bpa\u0161\u0101 atbalsta komanda sniedz ekspertu nor\u0101d\u012bjumus un skaidrus nor\u0101d\u012bjumus vis\u0101 piepras\u012b\u0161anas proces\u0101.<\/p>\n<h3>Nodok\u013cu saist\u012bbas: caursp\u012bd\u012bga komunik\u0101cija un atbalsts<\/h3>\n<p>Caursp\u012bd\u012bga komunik\u0101cija un atbalsts no RedFoxLotto pal\u012bdz lietot\u0101jiem izprast un pild\u012bt savus nodok\u013cu pien\u0101kumus, nodro\u0161inot visaptvero\u0161u un uzticamu loterijas pieredzi.<\/p>\n<p>Lai gan starptautisko loteriju bi\u013ce\u0161u ieg\u0101des tie\u0161saist\u0113 likum\u012bba ir atkar\u012bga no jurisdikcijas likumiem, t\u0101das platformas k\u0101 RedFoxLotto cen\u0161as pied\u0101v\u0101t dal\u012bbniekiem dro\u0161u, caursp\u012bd\u012bgu un pat\u012bkamu pieredzi. Vienm\u0113r iev\u0113rojiet piesardz\u012bbu, veiciet r\u016bp\u012bgu izp\u0113ti un iev\u0113rojiet viet\u0113jos likumus, lai maksim\u0101li palielin\u0101tu starptautisko loteriju pied\u0101v\u0101to aizraut\u012bbu.<\/p>\n","protected":false},"excerpt":{"rendered":"<p>Starptautisko loteriju tie\u0161saistes bi\u013ce\u0161u likum\u012bbas un priek\u0161roc\u012bbu izpratne Vai ir likum\u012bgi ieg\u016bt starptautisk\u0101s loterijas bi\u013cetes&hellip;<\/p>\n","protected":false},"author":1,"featured_media":0,"parent":0,"menu_order":0,"comment_status":"closed","ping_status":"closed","template":"","meta":{"footnotes":""},"class_list":["post-301","page","type-page","status-publish","hentry"],"yoast_head":"<!-- This site is optimized with the Yoast SEO plugin v25.9 - https:\/\/yoast.com\/wordpress\/plugins\/seo\/ -->\n<title>Likum\u012bgi ieg\u0101d\u0101jieties bi\u013cetes uz starptautisk\u0101m loterij\u0101m tie\u0161saist\u0113<\/title>\n<meta name=\"robots\" content=\"index, follow, max-snippet:-1, max-image-preview:large, max-video-preview:-1\" \/>\n<link rel=\"canonical\" href=\"https:\/\/redfox777.com\/lv\/\" \/>\n<meta property=\"og:locale\" content=\"lv_LV\" \/>\n<meta property=\"og:type\" content=\"article\" \/>\n<meta property=\"og:title\" content=\"Likum\u012bgi ieg\u0101d\u0101jieties bi\u013cetes uz starptautisk\u0101m loterij\u0101m tie\u0161saist\u0113\" \/>\n<meta property=\"og:description\" content=\"Starptautisko loteriju tie\u0161saistes bi\u013ce\u0161u likum\u012bbas un priek\u0161roc\u012bbu izpratne Vai ir likum\u012bgi ieg\u016bt starptautisk\u0101s loterijas bi\u013cetes&hellip;\" \/>\n<meta property=\"og:url\" content=\"https:\/\/redfox777.com\/lv\/\" \/>\n<meta name=\"twitter:card\" content=\"summary_large_image\" \/>\n<meta name=\"twitter:label1\" content=\"Est. reading time\" \/>\n\t<meta name=\"twitter:data1\" content=\"3 minutes\" \/>\n<script type=\"application\/ld+json\" class=\"yoast-schema-graph\">{\"@context\":\"https:\/\/schema.org\",\"@graph\":[{\"@type\":\"WebPage\",\"@id\":\"https:\/\/redfox777.com\/lv\/\",\"url\":\"https:\/\/redfox777.com\/lv\/\",\"name\":\"Likum\u012bgi ieg\u0101d\u0101jieties bi\u013cetes uz starptautisk\u0101m loterij\u0101m tie\u0161saist\u0113\",\"isPartOf\":{\"@id\":\"https:\/\/redfox777.com\/lv\/#website\"},\"datePublished\":\"2024-09-09T18:24:48+00:00\",\"breadcrumb\":{\"@id\":\"https:\/\/redfox777.com\/lv\/#breadcrumb\"},\"inLanguage\":\"lv-LV\",\"potentialAction\":[{\"@type\":\"ReadAction\",\"target\":[\"https:\/\/redfox777.com\/lv\/\"]}]},{\"@type\":\"BreadcrumbList\",\"@id\":\"https:\/\/redfox777.com\/lv\/#breadcrumb\",\"itemListElement\":[{\"@type\":\"ListItem\",\"position\":1,\"name\":\"Home\",\"item\":\"https:\/\/redfox777.com\/lv\/sakums\/\"},{\"@type\":\"ListItem\",\"position\":2,\"name\":\"S\u0101kums\"}]},{\"@type\":\"WebSite\",\"@id\":\"https:\/\/redfox777.com\/lv\/#website\",\"url\":\"https:\/\/redfox777.com\/lv\/\",\"name\":\"\",\"description\":\"\",\"potentialAction\":[{\"@type\":\"SearchAction\",\"target\":{\"@type\":\"EntryPoint\",\"urlTemplate\":\"https:\/\/redfox777.com\/lv\/?s={search_term_string}\"},\"query-input\":{\"@type\":\"PropertyValueSpecification\",\"valueRequired\":true,\"valueName\":\"search_term_string\"}}],\"inLanguage\":\"lv-LV\"}]}<\/script>\n<!-- \/ Yoast SEO plugin. -->","yoast_head_json":{"title":"Likum\u012bgi ieg\u0101d\u0101jieties bi\u013cetes uz starptautisk\u0101m loterij\u0101m tie\u0161saist\u0113","robots":{"index":"index","follow":"follow","max-snippet":"max-snippet:-1","max-image-preview":"max-image-preview:large","max-video-preview":"max-video-preview:-1"},"canonical":"https:\/\/redfox777.com\/lv\/","og_locale":"lv_LV","og_type":"article","og_title":"Likum\u012bgi ieg\u0101d\u0101jieties bi\u013cetes uz starptautisk\u0101m loterij\u0101m tie\u0161saist\u0113","og_description":"Starptautisko loteriju tie\u0161saistes bi\u013ce\u0161u likum\u012bbas un priek\u0161roc\u012bbu izpratne Vai ir likum\u012bgi ieg\u016bt starptautisk\u0101s loterijas bi\u013cetes&hellip;","og_url":"https:\/\/redfox777.com\/lv\/","twitter_card":"summary_large_image","twitter_misc":{"Est. reading time":"3 minutes"},"schema":{"@context":"https:\/\/schema.org","@graph":[{"@type":"WebPage","@id":"https:\/\/redfox777.com\/lv\/","url":"https:\/\/redfox777.com\/lv\/","name":"Likum\u012bgi ieg\u0101d\u0101jieties bi\u013cetes uz starptautisk\u0101m loterij\u0101m tie\u0161saist\u0113","isPartOf":{"@id":"https:\/\/redfox777.com\/lv\/#website"},"datePublished":"2024-09-09T18:24:48+00:00","breadcrumb":{"@id":"https:\/\/redfox777.com\/lv\/#breadcrumb"},"inLanguage":"lv-LV","potentialAction":[{"@type":"ReadAction","target":["https:\/\/redfox777.com\/lv\/"]}]},{"@type":"BreadcrumbList","@id":"https:\/\/redfox777.com\/lv\/#breadcrumb","itemListElement":[{"@type":"ListItem","position":1,"name":"Home","item":"https:\/\/redfox777.com\/lv\/sakums\/"},{"@type":"ListItem","position":2,"name":"S\u0101kums"}]},{"@type":"WebSite","@id":"https:\/\/redfox777.com\/lv\/#website","url":"https:\/\/redfox777.com\/lv\/","name":"","description":"","potentialAction":[{"@type":"SearchAction","target":{"@type":"EntryPoint","urlTemplate":"https:\/\/redfox777.com\/lv\/?s={search_term_string}"},"query-input":{"@type":"PropertyValueSpecification","valueRequired":true,"valueName":"search_term_string"}}],"inLanguage":"lv-LV"}]}},"_links":{"self":[{"href":"https:\/\/redfox777.com\/lv\/wp-json\/wp\/v2\/pages\/301","targetHints":{"allow":["GET"]}}],"collection":[{"href":"https:\/\/redfox777.com\/lv\/wp-json\/wp\/v2\/pages"}],"about":[{"href":"https:\/\/redfox777.com\/lv\/wp-json\/wp\/v2\/types\/page"}],"author":[{"embeddable":true,"href":"https:\/\/redfox777.com\/lv\/wp-json\/wp\/v2\/users\/1"}],"replies":[{"embeddable":true,"href":"https:\/\/redfox777.com\/lv\/wp-json\/wp\/v2\/comments?post=301"}],"version-history":[{"count":0,"href":"https:\/\/redfox777.com\/lv\/wp-json\/wp\/v2\/pages\/301\/revisions"}],"wp:attachment":[{"href":"https:\/\/redfox777.com\/lv\/wp-json\/wp\/v2\/media?parent=301"}],"curies":[{"name":"wp","href":"https:\/\/api.w.org\/{rel}","templated":true}]}}