{"id":302,"date":"2024-09-09T19:24:48","date_gmt":"2024-09-09T18:24:48","guid":{"rendered":"https:\/\/redfox777.com\/pradzia\/"},"modified":"2024-09-09T19:24:48","modified_gmt":"2024-09-09T18:24:48","slug":"pradzia","status":"publish","type":"page","link":"https:\/\/redfox777.com\/lt\/","title":{"rendered":"Prad\u017eia"},"content":{"rendered":"<h2>Internetini\u0173 biliet\u0173 \u012f tarptautines loterijas teis\u0117tumo ir privalum\u0173 ap\u017evalga<\/h2>\n<p>Ar teis\u0117ta \u012fsigyti internetinius bilietus \u012f tarptautines loterijas? Internetini\u0173 loterij\u0173 pasaulis i\u0161sipl\u0117t\u0117, suteikdamas entuziastams galimyb\u0119 dalyvauti pasauliniuose traukimuose patogiai i\u0161 nam\u0173. \u0160i pl\u0117tra \u012fmanoma d\u0117l internetini\u0173 loterij\u0173 kurjeri\u0173 paslaug\u0173, veikian\u010di\u0173 kaip tre\u010di\u0173j\u0173 \u0161ali\u0173 subjektai, licencijuoti loterij\u0173 veiklos \u0161alyse.<\/p>\n<p>\u0160ios paslaugos palengvina fizini\u0173 biliet\u0173 pirkim\u0105, nuskaitym\u0105 ir \u012fk\u0117lim\u0105 \u012f klient\u0173 registruotas vartotoj\u0173 paskyras, si\u016blydamos teis\u0117t\u0105 ir patog\u0173 b\u016bd\u0105 dalyvauti tarptautin\u0117se loterijose. \u0160iame straipsnyje aptariame teisinius aspektus, privalumus ir saugos priemones, susijusias su internetini\u0173 biliet\u0173 \u012f pasaulines loterijas \u012fsigijimu.<\/p>\n<h2>Loterij\u0173 \u012fstatym\u0173 demaskavimas: ar teis\u0117ta \u012fsigyti internetinius bilietus \u012f tarptautines loterijas<\/h2>\n<p>Teis\u0117tumas yra svarbiausias \u017eaid\u017eiant loterij\u0105, kur\u012f \u012fk\u016bnija platformos, veikian\u010dios pagal licencijas ir besilaikan\u010dios grie\u017et\u0173 taisykli\u0173 konkre\u010diose jurisdikcijose. Pa\u017eym\u0117tina, kad <a href=\"https:\/\/redfoxlotto.com\">tokios platformos kaip \u201eRedFoxLotto\u201c<\/a> puikiai iliustruoja \u0161\u012f \u012fsipareigojim\u0105, suteikdamos vartotojams saugi\u0105 ir skaidri\u0105 aplink\u0105, kuri skatina pasitik\u0117jim\u0105 internetini\u0173 loterij\u0173 patirtimi.<\/p>\n<p>Saugi\u0173 operacij\u0173 svarb\u0105 pabr\u0117\u017eia patikimos platformos, naudojan\u010dios saugius mok\u0117jimo metodus ir pateikian\u010dios vartotojams i\u0161samius biliet\u0173 nuskaitymus kaip pirkimo \u012frodym\u0105. \u0160is \u012fsipareigojimas didina skaidrum\u0105 ir vartotoj\u0173 pasitik\u0117jim\u0105, klodamas pagrind\u0105 patikimam bendravimui su internetin\u0117mis loterijomis.<br \/>\nI\u0161samus internetini\u0173 loterij\u0173 platform\u0173 reputacijos tyrimas i\u0161lieka labai svarbiu \u017eingsniu, leid\u017eian\u010diu asmenims priimti pagr\u012fstus sprendimus, suma\u017einti galim\u0105 rizik\u0105 ir dalyvauti saugioje bei malonioje internetini\u0173 loterij\u0173 patirtyje.<\/p>\n<h2>\u201eRedFoxLotto\u201c: saugus ir skaidrus pasirinkimas:<\/h2>\n<p>\u201eRedFoxLotto\u201c i\u0161siskiria kaip platforma, \u012fsipareigojusi teikti saugi\u0105 ir skaidri\u0105 internetini\u0173 loterij\u0173 patirt\u012f. Vartotojai gali pasinaudoti \u0161iomis funkcijomis:<\/p>\n<h3>U\u017esakymas ir biliet\u0173 nuskaitymas<\/h3>\n<p>Kai vartotojai pateikia u\u017esakym\u0105 m\u016bs\u0173 platformoje \u201eRedFoxLotto\u201c, m\u016bs\u0173 loterijos pasiuntini\u0173 paslauga perima <a href=\"http:\/\/https\/\/redfoxlotto.com\/lotteries\">oficiali\u0173 loterijos biliet\u0173 \u012fsigijim\u0105<\/a> i\u0161 licencijuot\u0173 ma\u017emeninink\u0173. Procesas apima kruop\u0161t\u0173 pasirinkt\u0173 skai\u010di\u0173, \u017eaidimo parink\u010di\u0173, datos, laiko ir pirkimo vietos pasirinkim\u0105. Bilietai su visa svarbia informacija yra saugiai saugomi, kol atsiimami prizai arba biliet\u0173 galiojimo laikas baigiasi.<\/p>\n<h3>Mok\u0117jimo ir i\u0161\u0117mimo b\u016bdai: saugi\u0173 ir patogi\u0173 operacij\u0173 u\u017etikrinimas<\/h3>\n<p>Saugumas ir patogumas yra prioritetas, nes naudojami keli mok\u0117jimo b\u016bdai, \u012fskaitant kreditines korteles, banko pavedimus, bitkoinus ir saugius ry\u0161ius su internetin\u0117s bankininkyst\u0117s sistemomis, tokiomis kaip \u201eKlarna\u201c ir \u201eDirecta24\u201c.<\/p>\n<h3>I\u0161\u0117mimai ir laim\u0117jim\u0173 atsi\u0117mimas: supaprastintas ir be r\u016bpes\u010di\u0173 procesas<\/h3>\n<p>\u201eRedFoxLotto\u201c u\u017etikrina supaprastint\u0105 ir be r\u016bpes\u010di\u0173 i\u0161\u0117mimo proces\u0105, \u012fskaitant automatinius pervedimus ma\u017eiems laim\u0117jimams iki 2500 \u20ac. <\/p>\n<h3>Pagalba siekiant didesni\u0173 laim\u0117jim\u0173: ekspert\u0173 konsultacijos kiekviename \u017eingsnyje<\/h3>\n<p>Didesniems laim\u0117jimams m\u016bs\u0173 atsidavusi palaikymo komanda teikia ekspert\u0173 konsultacijas ir ai\u0161kias instrukcijas viso reikalavimo proceso metu.<\/p>\n<h3>Mokes\u010di\u0173 atsakomyb\u0117: skaidrus bendravimas ir palaikymas<\/h3>\n<p>Skaidri \u201eRedFoxLotto\u201c komunikacija ir palaikymas padeda vartotojams suprasti ir vykdyti savo mokes\u010di\u0173 pareigas, u\u017etikrinant i\u0161sami\u0105 ir patikim\u0105 loterijos patirt\u012f.<\/p>\n<p>Nors tarptautini\u0173 loterij\u0173 biliet\u0173 pirkimo internetu teis\u0117tumas priklauso nuo jurisdikcijos \u012fstatym\u0173, tokios platformos kaip \u201eRedFoxLotto\u201c siekia dalyviams pasi\u016blyti saugi\u0105, skaidri\u0105 ir maloni\u0105 patirt\u012f. Visada b\u016bkite atsarg\u016bs, atlikite i\u0161sam\u0173 tyrim\u0105 ir laikykit\u0117s vietos \u012fstatym\u0173, kad maksimaliai padidintum\u0117te tarptautini\u0173 loterij\u0173 teikiam\u0105 jaudul\u012f.<\/p>\n","protected":false},"excerpt":{"rendered":"<p>Internetini\u0173 biliet\u0173 \u012f tarptautines loterijas teis\u0117tumo ir privalum\u0173 ap\u017evalga Ar teis\u0117ta \u012fsigyti internetinius bilietus \u012f&hellip;<\/p>\n","protected":false},"author":1,"featured_media":0,"parent":0,"menu_order":0,"comment_status":"closed","ping_status":"closed","template":"","meta":{"footnotes":""},"class_list":["post-302","page","type-page","status-publish","hentry"],"yoast_head":"<!-- This site is optimized with the Yoast SEO plugin v25.9 - https:\/\/yoast.com\/wordpress\/plugins\/seo\/ -->\n<title>Legaliai pirkite bilietus \u012f tarptautines loterijas internetu<\/title>\n<meta name=\"robots\" content=\"index, follow, max-snippet:-1, max-image-preview:large, max-video-preview:-1\" \/>\n<link rel=\"canonical\" href=\"https:\/\/redfox777.com\/lt\/\" \/>\n<meta property=\"og:locale\" content=\"lt_LT\" \/>\n<meta property=\"og:type\" content=\"article\" \/>\n<meta property=\"og:title\" content=\"Legaliai pirkite bilietus \u012f tarptautines loterijas internetu\" \/>\n<meta property=\"og:description\" content=\"Internetini\u0173 biliet\u0173 \u012f tarptautines loterijas teis\u0117tumo ir privalum\u0173 ap\u017evalga Ar teis\u0117ta \u012fsigyti internetinius bilietus \u012f&hellip;\" \/>\n<meta property=\"og:url\" content=\"https:\/\/redfox777.com\/lt\/\" \/>\n<meta name=\"twitter:card\" content=\"summary_large_image\" \/>\n<meta name=\"twitter:label1\" content=\"Est. reading time\" \/>\n\t<meta name=\"twitter:data1\" content=\"2 minut\u0117s\" \/>\n<script type=\"application\/ld+json\" class=\"yoast-schema-graph\">{\"@context\":\"https:\/\/schema.org\",\"@graph\":[{\"@type\":\"WebPage\",\"@id\":\"https:\/\/redfox777.com\/lt\/\",\"url\":\"https:\/\/redfox777.com\/lt\/\",\"name\":\"Legaliai pirkite bilietus \u012f tarptautines loterijas internetu\",\"isPartOf\":{\"@id\":\"https:\/\/redfox777.com\/lt\/#website\"},\"datePublished\":\"2024-09-09T18:24:48+00:00\",\"breadcrumb\":{\"@id\":\"https:\/\/redfox777.com\/lt\/#breadcrumb\"},\"inLanguage\":\"lt-LT\",\"potentialAction\":[{\"@type\":\"ReadAction\",\"target\":[\"https:\/\/redfox777.com\/lt\/\"]}]},{\"@type\":\"BreadcrumbList\",\"@id\":\"https:\/\/redfox777.com\/lt\/#breadcrumb\",\"itemListElement\":[{\"@type\":\"ListItem\",\"position\":1,\"name\":\"Home\",\"item\":\"https:\/\/redfox777.com\/lt\/pradzia\/\"},{\"@type\":\"ListItem\",\"position\":2,\"name\":\"Prad\u017eia\"}]},{\"@type\":\"WebSite\",\"@id\":\"https:\/\/redfox777.com\/lt\/#website\",\"url\":\"https:\/\/redfox777.com\/lt\/\",\"name\":\"\",\"description\":\"\",\"potentialAction\":[{\"@type\":\"SearchAction\",\"target\":{\"@type\":\"EntryPoint\",\"urlTemplate\":\"https:\/\/redfox777.com\/lt\/?s={search_term_string}\"},\"query-input\":{\"@type\":\"PropertyValueSpecification\",\"valueRequired\":true,\"valueName\":\"search_term_string\"}}],\"inLanguage\":\"lt-LT\"}]}<\/script>\n<!-- \/ Yoast SEO plugin. -->","yoast_head_json":{"title":"Legaliai pirkite bilietus \u012f tarptautines loterijas internetu","robots":{"index":"index","follow":"follow","max-snippet":"max-snippet:-1","max-image-preview":"max-image-preview:large","max-video-preview":"max-video-preview:-1"},"canonical":"https:\/\/redfox777.com\/lt\/","og_locale":"lt_LT","og_type":"article","og_title":"Legaliai pirkite bilietus \u012f tarptautines loterijas internetu","og_description":"Internetini\u0173 biliet\u0173 \u012f tarptautines loterijas teis\u0117tumo ir privalum\u0173 ap\u017evalga Ar teis\u0117ta \u012fsigyti internetinius bilietus \u012f&hellip;","og_url":"https:\/\/redfox777.com\/lt\/","twitter_card":"summary_large_image","twitter_misc":{"Est. reading time":"2 minut\u0117s"},"schema":{"@context":"https:\/\/schema.org","@graph":[{"@type":"WebPage","@id":"https:\/\/redfox777.com\/lt\/","url":"https:\/\/redfox777.com\/lt\/","name":"Legaliai pirkite bilietus \u012f tarptautines loterijas internetu","isPartOf":{"@id":"https:\/\/redfox777.com\/lt\/#website"},"datePublished":"2024-09-09T18:24:48+00:00","breadcrumb":{"@id":"https:\/\/redfox777.com\/lt\/#breadcrumb"},"inLanguage":"lt-LT","potentialAction":[{"@type":"ReadAction","target":["https:\/\/redfox777.com\/lt\/"]}]},{"@type":"BreadcrumbList","@id":"https:\/\/redfox777.com\/lt\/#breadcrumb","itemListElement":[{"@type":"ListItem","position":1,"name":"Home","item":"https:\/\/redfox777.com\/lt\/pradzia\/"},{"@type":"ListItem","position":2,"name":"Prad\u017eia"}]},{"@type":"WebSite","@id":"https:\/\/redfox777.com\/lt\/#website","url":"https:\/\/redfox777.com\/lt\/","name":"","description":"","potentialAction":[{"@type":"SearchAction","target":{"@type":"EntryPoint","urlTemplate":"https:\/\/redfox777.com\/lt\/?s={search_term_string}"},"query-input":{"@type":"PropertyValueSpecification","valueRequired":true,"valueName":"search_term_string"}}],"inLanguage":"lt-LT"}]}},"_links":{"self":[{"href":"https:\/\/redfox777.com\/lt\/wp-json\/wp\/v2\/pages\/302","targetHints":{"allow":["GET"]}}],"collection":[{"href":"https:\/\/redfox777.com\/lt\/wp-json\/wp\/v2\/pages"}],"about":[{"href":"https:\/\/redfox777.com\/lt\/wp-json\/wp\/v2\/types\/page"}],"author":[{"embeddable":true,"href":"https:\/\/redfox777.com\/lt\/wp-json\/wp\/v2\/users\/1"}],"replies":[{"embeddable":true,"href":"https:\/\/redfox777.com\/lt\/wp-json\/wp\/v2\/comments?post=302"}],"version-history":[{"count":0,"href":"https:\/\/redfox777.com\/lt\/wp-json\/wp\/v2\/pages\/302\/revisions"}],"wp:attachment":[{"href":"https:\/\/redfox777.com\/lt\/wp-json\/wp\/v2\/media?parent=302"}],"curies":[{"name":"wp","href":"https:\/\/api.w.org\/{rel}","templated":true}]}}