{"id":55,"date":"2024-09-09T19:24:48","date_gmt":"2024-09-09T18:24:48","guid":{"rendered":"https:\/\/redfox777.com\/casa\/"},"modified":"2024-09-09T19:24:48","modified_gmt":"2024-09-09T18:24:48","slug":"casa","status":"publish","type":"page","link":"https:\/\/redfox777.com\/it\/","title":{"rendered":"Casa"},"content":{"rendered":"<h2>Analisi della legalit\u00e0 e dei vantaggi dei biglietti online per le lotterie internazionali<\/h2>\n<p>\u00c8 legale acquistare biglietti online per le lotterie internazionali? Il mondo delle lotterie online si \u00e8 ampliato, offrendo agli appassionati l&#8217;opportunit\u00e0 di partecipare a estrazioni globali comodamente da casa. Questa espansione \u00e8 resa possibile dai servizi di corriere per le lotterie online che agiscono come entit\u00e0 terze autorizzate nei paesi in cui opera la lotteria.<\/p>\n<p>Questi servizi facilitano l&#8217;acquisto, la scansione e il caricamento dei biglietti fisici sugli account utente registrati dei clienti, offrendo un modo legale e conveniente per partecipare alle lotterie internazionali. In questo articolo, approfondiamo le considerazioni legali, i vantaggi e le misure di sicurezza associati all&#8217;acquisto di biglietti online per le lotterie internazionali.<\/p>\n<h2>Leggi sulla lotteria: \u00e8 legale acquistare biglietti online per le lotterie internazionali?<\/h2>\n<p>La legittimit\u00e0 \u00e8 fondamentale per giocare alla lotteria, incarnata dalle piattaforme che operano con licenze e aderiscono a rigide normative all&#8217;interno di specifiche giurisdizioni. In particolare, <a href=\"https:\/\/redfoxlotto.com\">piattaforme come RedFoxLotto<\/a> esemplificano questo impegno, offrendo agli utenti un ambiente sicuro e trasparente che promuove la fiducia nell&#8217;esperienza di gioco della lotteria online.<\/p>\n<p>L&#8217;importanza di transazioni sicure \u00e8 sottolineata da piattaforme affidabili, che utilizzano metodi di pagamento sicuri e forniscono agli utenti scansioni dettagliate dei biglietti come prova d&#8217;acquisto. Questo impegno aumenta la trasparenza e la sicurezza degli utenti, gettando le basi per un&#8217;esperienza di gioco affidabile con le lotterie online.<br \/>\nUna ricerca approfondita sulla reputazione delle piattaforme di lotteria online rimane un passaggio fondamentale, che consente agli utenti di fare scelte consapevoli, ridurre al minimo i potenziali rischi e vivere un&#8217;esperienza di gioco sicura e piacevole.<\/p>\n<h2>RedFoxLotto: un&#8217;opzione sicura e trasparente:<\/h2>\n<p>RedFoxLotto si distingue come una piattaforma impegnata a fornire un&#8217;esperienza di gioco della lotteria online sicura e trasparente. Gli utenti possono beneficiare delle seguenti funzionalit\u00e0: <\/p>\n<h3>Ordini e Scansioni dei Biglietti<\/h3>\n<p>Quando gli utenti effettuano un ordine sulla nostra piattaforma, RedFoxLotto, il nostro servizio di messaggistica si occupa di <a href=\"http:\/\/https\/\/redfoxlotto.com\/lotteries\">procurarsi i biglietti ufficiali della lotteria<\/a> presso i rivenditori autorizzati. Il processo include una selezione meticolosa dei numeri scelti, delle opzioni di gioco, della data, dell&#8217;ora e del luogo di acquisto. I biglietti, con tutti i dettagli rilevanti, vengono conservati in modo sicuro fino alla riscossione dei premi o alla scadenza dei biglietti.<\/p>\n<h3>Metodi di Pagamento e Prelievo: Garantire Transazioni Sicure e Comode<\/h3>\n<p>Sicurezza e comodit\u00e0 sono prioritarie grazie a diversi metodi di pagamento, tra cui carte di credito, bonifici bancari, Bitcoin e connessioni sicure a sistemi di online banking come Klarna e Directa24. <\/p>\n<h3>Prelievi e riscossione delle vincite: una procedura semplificata e senza intoppi<\/h3>\n<p>RedFoxLotto garantisce una procedura di prelievo semplificata e senza intoppi, inclusi trasferimenti automatici per piccole vincite fino a \u20ac2.500.<\/p>\n<h3>Assistenza per vincite pi\u00f9 consistenti: assistenza esperta in ogni fase del processo<\/h3>\n<p>Per vincite pi\u00f9 consistenti, il nostro team di assistenza dedicato fornisce assistenza esperta e istruzioni chiare durante tutto il processo di riscossione.<\/p>\n<h3>Responsabilit\u00e0 fiscali: comunicazione e supporto trasparenti<\/h3>\n<p>La comunicazione e il supporto trasparenti di RedFoxLotto aiutano gli utenti a comprendere e adempiere ai propri obblighi fiscali, garantendo un&#8217;esperienza di lotteria completa e affidabile.<\/p>\n<p>Sebbene la legalit\u00e0 dell&#8217;acquisto online di biglietti per lotterie internazionali dipenda dalle leggi giurisdizionali, piattaforme come RedFoxLotto mirano a offrire ai partecipanti un&#8217;esperienza sicura, trasparente e piacevole. Si prega di prestare sempre attenzione, condurre ricerche approfondite e rispettare le leggi locali per massimizzare l&#8217;emozione offerta dalle lotterie internazionali.<\/p>\n","protected":false},"excerpt":{"rendered":"<p>Analisi della legalit\u00e0 e dei vantaggi dei biglietti online per le lotterie internazionali \u00c8 legale&hellip;<\/p>\n","protected":false},"author":1,"featured_media":0,"parent":0,"menu_order":0,"comment_status":"closed","ping_status":"closed","template":"","meta":{"footnotes":""},"class_list":["post-55","page","type-page","status-publish","hentry"],"yoast_head":"<!-- This site is optimized with the Yoast SEO plugin v25.9 - https:\/\/yoast.com\/wordpress\/plugins\/seo\/ -->\n<title>Acquista legalmente i biglietti per le lotterie internazionali online<\/title>\n<meta name=\"robots\" content=\"index, follow, max-snippet:-1, max-image-preview:large, max-video-preview:-1\" \/>\n<link rel=\"canonical\" href=\"https:\/\/redfox777.com\/it\/\" \/>\n<meta property=\"og:locale\" content=\"it_IT\" \/>\n<meta property=\"og:type\" content=\"article\" \/>\n<meta property=\"og:title\" content=\"Acquista legalmente i biglietti per le lotterie internazionali online\" \/>\n<meta property=\"og:description\" content=\"Analisi della legalit\u00e0 e dei vantaggi dei biglietti online per le lotterie internazionali \u00c8 legale&hellip;\" \/>\n<meta property=\"og:url\" content=\"https:\/\/redfox777.com\/it\/\" \/>\n<meta name=\"twitter:card\" content=\"summary_large_image\" \/>\n<meta name=\"twitter:label1\" content=\"Tempo di lettura stimato\" \/>\n\t<meta name=\"twitter:data1\" content=\"3 minuti\" \/>\n<script type=\"application\/ld+json\" class=\"yoast-schema-graph\">{\"@context\":\"https:\/\/schema.org\",\"@graph\":[{\"@type\":\"WebPage\",\"@id\":\"https:\/\/redfox777.com\/it\/\",\"url\":\"https:\/\/redfox777.com\/it\/\",\"name\":\"Acquista legalmente i biglietti per le lotterie internazionali online\",\"isPartOf\":{\"@id\":\"https:\/\/redfox777.com\/it\/#website\"},\"datePublished\":\"2024-09-09T18:24:48+00:00\",\"breadcrumb\":{\"@id\":\"https:\/\/redfox777.com\/it\/#breadcrumb\"},\"inLanguage\":\"it-IT\",\"potentialAction\":[{\"@type\":\"ReadAction\",\"target\":[\"https:\/\/redfox777.com\/it\/\"]}]},{\"@type\":\"BreadcrumbList\",\"@id\":\"https:\/\/redfox777.com\/it\/#breadcrumb\",\"itemListElement\":[{\"@type\":\"ListItem\",\"position\":1,\"name\":\"Home\",\"item\":\"https:\/\/redfox777.com\/it\/casa\/\"},{\"@type\":\"ListItem\",\"position\":2,\"name\":\"Casa\"}]},{\"@type\":\"WebSite\",\"@id\":\"https:\/\/redfox777.com\/it\/#website\",\"url\":\"https:\/\/redfox777.com\/it\/\",\"name\":\"\",\"description\":\"\",\"potentialAction\":[{\"@type\":\"SearchAction\",\"target\":{\"@type\":\"EntryPoint\",\"urlTemplate\":\"https:\/\/redfox777.com\/it\/?s={search_term_string}\"},\"query-input\":{\"@type\":\"PropertyValueSpecification\",\"valueRequired\":true,\"valueName\":\"search_term_string\"}}],\"inLanguage\":\"it-IT\"}]}<\/script>\n<!-- \/ Yoast SEO plugin. -->","yoast_head_json":{"title":"Acquista legalmente i biglietti per le lotterie internazionali online","robots":{"index":"index","follow":"follow","max-snippet":"max-snippet:-1","max-image-preview":"max-image-preview:large","max-video-preview":"max-video-preview:-1"},"canonical":"https:\/\/redfox777.com\/it\/","og_locale":"it_IT","og_type":"article","og_title":"Acquista legalmente i biglietti per le lotterie internazionali online","og_description":"Analisi della legalit\u00e0 e dei vantaggi dei biglietti online per le lotterie internazionali \u00c8 legale&hellip;","og_url":"https:\/\/redfox777.com\/it\/","twitter_card":"summary_large_image","twitter_misc":{"Tempo di lettura stimato":"3 minuti"},"schema":{"@context":"https:\/\/schema.org","@graph":[{"@type":"WebPage","@id":"https:\/\/redfox777.com\/it\/","url":"https:\/\/redfox777.com\/it\/","name":"Acquista legalmente i biglietti per le lotterie internazionali online","isPartOf":{"@id":"https:\/\/redfox777.com\/it\/#website"},"datePublished":"2024-09-09T18:24:48+00:00","breadcrumb":{"@id":"https:\/\/redfox777.com\/it\/#breadcrumb"},"inLanguage":"it-IT","potentialAction":[{"@type":"ReadAction","target":["https:\/\/redfox777.com\/it\/"]}]},{"@type":"BreadcrumbList","@id":"https:\/\/redfox777.com\/it\/#breadcrumb","itemListElement":[{"@type":"ListItem","position":1,"name":"Home","item":"https:\/\/redfox777.com\/it\/casa\/"},{"@type":"ListItem","position":2,"name":"Casa"}]},{"@type":"WebSite","@id":"https:\/\/redfox777.com\/it\/#website","url":"https:\/\/redfox777.com\/it\/","name":"","description":"","potentialAction":[{"@type":"SearchAction","target":{"@type":"EntryPoint","urlTemplate":"https:\/\/redfox777.com\/it\/?s={search_term_string}"},"query-input":{"@type":"PropertyValueSpecification","valueRequired":true,"valueName":"search_term_string"}}],"inLanguage":"it-IT"}]}},"_links":{"self":[{"href":"https:\/\/redfox777.com\/it\/wp-json\/wp\/v2\/pages\/55","targetHints":{"allow":["GET"]}}],"collection":[{"href":"https:\/\/redfox777.com\/it\/wp-json\/wp\/v2\/pages"}],"about":[{"href":"https:\/\/redfox777.com\/it\/wp-json\/wp\/v2\/types\/page"}],"author":[{"embeddable":true,"href":"https:\/\/redfox777.com\/it\/wp-json\/wp\/v2\/users\/1"}],"replies":[{"embeddable":true,"href":"https:\/\/redfox777.com\/it\/wp-json\/wp\/v2\/comments?post=55"}],"version-history":[{"count":0,"href":"https:\/\/redfox777.com\/it\/wp-json\/wp\/v2\/pages\/55\/revisions"}],"wp:attachment":[{"href":"https:\/\/redfox777.com\/it\/wp-json\/wp\/v2\/media?parent=55"}],"curies":[{"name":"wp","href":"https:\/\/api.w.org\/{rel}","templated":true}]}}