{"id":287,"date":"2024-09-09T19:24:48","date_gmt":"2024-09-09T18:24:48","guid":{"rendered":"https:\/\/redfox777.com\/dom\/"},"modified":"2024-09-09T19:24:48","modified_gmt":"2024-09-09T18:24:48","slug":"dom","status":"publish","type":"page","link":"https:\/\/redfox777.com\/hr\/","title":{"rendered":"Dom"},"content":{"rendered":"<h2>Snala\u017eenje u zakonitosti i prednostima online ulaznica za me\u0111unarodne lutrije<\/h2>\n<p>Je li legalno nabaviti online ulaznice za me\u0111unarodne lutrije? Svijet online lutrija pro\u0161irio se, pru\u017eaju\u0107i entuzijastima priliku da sudjeluju u globalnim izvla\u010denjima iz udobnosti svog doma. Ovo \u0161irenje omogu\u0107eno je putem online usluga dostavljanja lutrijskih ulaznica koje djeluju kao tre\u0107e strane s licencom u zemljama u kojima se lutrija odvija.<\/p>\n<p>Ove usluge olak\u0161avaju kupnju, skeniranje i prijenos fizi\u010dkih ulaznica na registrirane korisni\u010dke ra\u010dune klijenata, nude\u0107i legalan i prakti\u010dan na\u010din sudjelovanja u me\u0111unarodnim lutrijama. U ovom \u010dlanku istra\u017eujemo pravna razmatranja, prednosti i sigurnosne mjere povezane s nabavom online ulaznica za globalne lutrije.<\/p>\n<h2>Demistificirani zakoni o lutriji: Je li legalno nabaviti online ulaznice za me\u0111unarodne lutrije<\/h2>\n<p>Legitimnost je od najve\u0107e va\u017enosti za igranje lutrije, a utjelovljuju je platforme koje posluju pod licencama i pridr\u017eavaju se strogih propisa unutar odre\u0111enih jurisdikcija. Posebno, <a href=\"https:\/\/redfoxlotto.com\">platforme poput RedFoxLotto<\/a> primjer su ove predanosti, pru\u017eaju\u0107i korisnicima sigurno i transparentno okru\u017eenje koje poti\u010de povjerenje u iskustvo online lutrije.<\/p>\n<p>Va\u017enost sigurnih transakcija nagla\u0161avaju ugledne platforme, koje koriste sigurne metode pla\u0107anja i korisnicima pru\u017eaju detaljne skenove listi\u0107a kao dokaz o kupnji. Ova predanost pove\u0107ava transparentnost i sigurnost korisnika, postavljaju\u0107i temelje za pouzdanu interakciju s online lutrijama.<br \/>\nTemeljito istra\u017eivanje ugleda online platformi za lutriju ostaje klju\u010dan korak, omogu\u0107uju\u0107i pojedincima da donesu informirane odluke, minimiziraju potencijalne rizike i sudjeluju u sigurnom i ugodnom iskustvu online lutrije.<\/p>\n<h2>RedFoxLotto: Sigurna i transparentna opcija:<\/h2>\n<p>RedFoxLotto isti\u010de se kao platforma posve\u0107ena pru\u017eanju sigurnog i transparentnog iskustva online lutrije. Korisnici mogu imati koristi od sljede\u0107ih zna\u010dajki;<\/p>\n<h3>Naru\u010divanje i skeniranje tiketa<\/h3>\n<p>Kada korisnici naru\u010de na na\u0161oj platformi, RedFoxLotto, na\u0161a usluga razmjene lutrijskih tiketa preuzima odgovornost za <a href=\"http:\/\/https\/\/redfoxlotto.com\/lotteries\">nabavu slu\u017ebenih loto tiketa<\/a> od ovla\u0161tenih trgovaca. Proces uklju\u010duje pedantan odabir odabranih brojeva, opcija igre, datuma, vremena i mjesta kupnje. Tiketi, sa svim relevantnim podacima, sigurno se pohranjuju dok se nagrade ne preuzmu ili tiketi ne isteknu.<\/p>\n<h3>Metode pla\u0107anja i isplate: Osiguravanje sigurnih i prakti\u010dnih transakcija<\/h3>\n<p>Sigurnost i prakti\u010dnost imaju prioritet kroz vi\u0161e na\u010dina pla\u0107anja, uklju\u010duju\u0107i kreditne kartice, bankovne transfere, Bitcoin i sigurne veze s online bankarskim sustavima poput Klarne i Directa24.<\/p>\n<h3>Isplate i preuzimanje dobitaka: Pojednostavljen i jednostavan proces<\/h3>\n<p>RedFoxLotto osigurava pojednostavljen i jednostavan proces isplate, uklju\u010duju\u0107i automatske transfere za male dobitke do 2500 \u20ac.<\/p>\n<h3>Podr\u0161ka za ve\u0107e dobitke: Stru\u010dno vodstvo u svakom koraku<\/h3>\n<p>Za ve\u0107e dobitke, na\u0161 predani tim za podr\u0161ku pru\u017ea stru\u010dno vodstvo i jasne upute tijekom cijelog postupka podno\u0161enja zahtjeva.<\/p>\n<h3>Porezne obveze: Transparentna komunikacija i podr\u0161ka<\/h3>\n<p>Transparentna komunikacija i podr\u0161ka tvrtke RedFoxLotto poma\u017eu korisnicima u razumijevanju i ispunjavanju njihovih poreznih obveza, osiguravaju\u0107i sveobuhvatno i pouzdano iskustvo lutrije.<\/p>\n<p>Iako zakonitost kupnje online ulaznica za me\u0111unarodne lutrije ovisi o jurisdikcijskim zakonima, platforme poput RedFoxLotta nastoje ponuditi sigurno, transparentno i ugodno iskustvo za sudionike. Uvijek budite oprezni, provedite temeljito istra\u017eivanje i pridr\u017eavajte se lokalnih zakona kako biste maksimalno iskoristili uzbu\u0111enje koje nude me\u0111unarodne lutrije.<\/p>\n","protected":false},"excerpt":{"rendered":"<p>Snala\u017eenje u zakonitosti i prednostima online ulaznica za me\u0111unarodne lutrije Je li legalno nabaviti online&hellip;<\/p>\n","protected":false},"author":1,"featured_media":0,"parent":0,"menu_order":0,"comment_status":"closed","ping_status":"closed","template":"","meta":{"footnotes":""},"class_list":["post-287","page","type-page","status-publish","hentry"],"yoast_head":"<!-- This site is optimized with the Yoast SEO plugin v25.9 - https:\/\/yoast.com\/wordpress\/plugins\/seo\/ -->\n<title>Legalno kupite tikete za me\u0111unarodne lutrije putem interneta<\/title>\n<meta name=\"robots\" content=\"index, follow, max-snippet:-1, max-image-preview:large, max-video-preview:-1\" \/>\n<link rel=\"canonical\" href=\"https:\/\/redfox777.com\/hr\/\" \/>\n<meta property=\"og:locale\" content=\"hr_HR\" \/>\n<meta property=\"og:type\" content=\"article\" \/>\n<meta property=\"og:title\" content=\"Legalno kupite tikete za me\u0111unarodne lutrije putem interneta\" \/>\n<meta property=\"og:description\" content=\"Snala\u017eenje u zakonitosti i prednostima online ulaznica za me\u0111unarodne lutrije Je li legalno nabaviti online&hellip;\" \/>\n<meta property=\"og:url\" content=\"https:\/\/redfox777.com\/hr\/\" \/>\n<meta name=\"twitter:card\" content=\"summary_large_image\" \/>\n<meta name=\"twitter:label1\" content=\"Procijenjeno vrijeme \u010ditanja\" \/>\n\t<meta name=\"twitter:data1\" content=\"3 minute\" \/>\n<script type=\"application\/ld+json\" class=\"yoast-schema-graph\">{\"@context\":\"https:\/\/schema.org\",\"@graph\":[{\"@type\":\"WebPage\",\"@id\":\"https:\/\/redfox777.com\/hr\/\",\"url\":\"https:\/\/redfox777.com\/hr\/\",\"name\":\"Legalno kupite tikete za me\u0111unarodne lutrije putem interneta\",\"isPartOf\":{\"@id\":\"https:\/\/redfox777.com\/hr\/#website\"},\"datePublished\":\"2024-09-09T18:24:48+00:00\",\"breadcrumb\":{\"@id\":\"https:\/\/redfox777.com\/hr\/#breadcrumb\"},\"inLanguage\":\"hr\",\"potentialAction\":[{\"@type\":\"ReadAction\",\"target\":[\"https:\/\/redfox777.com\/hr\/\"]}]},{\"@type\":\"BreadcrumbList\",\"@id\":\"https:\/\/redfox777.com\/hr\/#breadcrumb\",\"itemListElement\":[{\"@type\":\"ListItem\",\"position\":1,\"name\":\"Home\",\"item\":\"https:\/\/redfox777.com\/hr\/dom\/\"},{\"@type\":\"ListItem\",\"position\":2,\"name\":\"Dom\"}]},{\"@type\":\"WebSite\",\"@id\":\"https:\/\/redfox777.com\/hr\/#website\",\"url\":\"https:\/\/redfox777.com\/hr\/\",\"name\":\"\",\"description\":\"\",\"potentialAction\":[{\"@type\":\"SearchAction\",\"target\":{\"@type\":\"EntryPoint\",\"urlTemplate\":\"https:\/\/redfox777.com\/hr\/?s={search_term_string}\"},\"query-input\":{\"@type\":\"PropertyValueSpecification\",\"valueRequired\":true,\"valueName\":\"search_term_string\"}}],\"inLanguage\":\"hr\"}]}<\/script>\n<!-- \/ Yoast SEO plugin. -->","yoast_head_json":{"title":"Legalno kupite tikete za me\u0111unarodne lutrije putem interneta","robots":{"index":"index","follow":"follow","max-snippet":"max-snippet:-1","max-image-preview":"max-image-preview:large","max-video-preview":"max-video-preview:-1"},"canonical":"https:\/\/redfox777.com\/hr\/","og_locale":"hr_HR","og_type":"article","og_title":"Legalno kupite tikete za me\u0111unarodne lutrije putem interneta","og_description":"Snala\u017eenje u zakonitosti i prednostima online ulaznica za me\u0111unarodne lutrije Je li legalno nabaviti online&hellip;","og_url":"https:\/\/redfox777.com\/hr\/","twitter_card":"summary_large_image","twitter_misc":{"Procijenjeno vrijeme \u010ditanja":"3 minute"},"schema":{"@context":"https:\/\/schema.org","@graph":[{"@type":"WebPage","@id":"https:\/\/redfox777.com\/hr\/","url":"https:\/\/redfox777.com\/hr\/","name":"Legalno kupite tikete za me\u0111unarodne lutrije putem interneta","isPartOf":{"@id":"https:\/\/redfox777.com\/hr\/#website"},"datePublished":"2024-09-09T18:24:48+00:00","breadcrumb":{"@id":"https:\/\/redfox777.com\/hr\/#breadcrumb"},"inLanguage":"hr","potentialAction":[{"@type":"ReadAction","target":["https:\/\/redfox777.com\/hr\/"]}]},{"@type":"BreadcrumbList","@id":"https:\/\/redfox777.com\/hr\/#breadcrumb","itemListElement":[{"@type":"ListItem","position":1,"name":"Home","item":"https:\/\/redfox777.com\/hr\/dom\/"},{"@type":"ListItem","position":2,"name":"Dom"}]},{"@type":"WebSite","@id":"https:\/\/redfox777.com\/hr\/#website","url":"https:\/\/redfox777.com\/hr\/","name":"","description":"","potentialAction":[{"@type":"SearchAction","target":{"@type":"EntryPoint","urlTemplate":"https:\/\/redfox777.com\/hr\/?s={search_term_string}"},"query-input":{"@type":"PropertyValueSpecification","valueRequired":true,"valueName":"search_term_string"}}],"inLanguage":"hr"}]}},"_links":{"self":[{"href":"https:\/\/redfox777.com\/hr\/wp-json\/wp\/v2\/pages\/287","targetHints":{"allow":["GET"]}}],"collection":[{"href":"https:\/\/redfox777.com\/hr\/wp-json\/wp\/v2\/pages"}],"about":[{"href":"https:\/\/redfox777.com\/hr\/wp-json\/wp\/v2\/types\/page"}],"author":[{"embeddable":true,"href":"https:\/\/redfox777.com\/hr\/wp-json\/wp\/v2\/users\/1"}],"replies":[{"embeddable":true,"href":"https:\/\/redfox777.com\/hr\/wp-json\/wp\/v2\/comments?post=287"}],"version-history":[{"count":0,"href":"https:\/\/redfox777.com\/hr\/wp-json\/wp\/v2\/pages\/287\/revisions"}],"wp:attachment":[{"href":"https:\/\/redfox777.com\/hr\/wp-json\/wp\/v2\/media?parent=287"}],"curies":[{"name":"wp","href":"https:\/\/api.w.org\/{rel}","templated":true}]}}