{"id":26,"date":"2024-09-09T19:24:48","date_gmt":"2024-09-09T18:24:48","guid":{"rendered":"https:\/\/redfox777.com\/accueil\/"},"modified":"2024-09-09T19:24:48","modified_gmt":"2024-09-09T18:24:48","slug":"accueil","status":"publish","type":"page","link":"https:\/\/redfox777.com\/fr\/","title":{"rendered":"Accueil"},"content":{"rendered":"<h2>La l\u00e9galit\u00e9 et les avantages des billets en ligne pour les loteries internationales<\/h2>\n<p>Est-il l\u00e9gal d&rsquo;acheter des billets de loterie internationale en ligne ? Le monde des loteries en ligne s&rsquo;est d\u00e9velopp\u00e9, offrant aux amateurs la possibilit\u00e9 de participer \u00e0 des tirages mondiaux depuis le confort de leur domicile. Cette expansion est rendue possible par les services de messagerie de loterie en ligne qui agissent en tant qu&rsquo;entit\u00e9s tierces autoris\u00e9es dans les pays o\u00f9 se d\u00e9roulent les loteries.  <\/p>\n<p>Ces services facilitent l&rsquo;achat, la num\u00e9risation et le t\u00e9l\u00e9chargement de billets physiques sur les comptes d&rsquo;utilisateurs enregistr\u00e9s des clients, offrant ainsi un moyen l\u00e9gal et pratique de participer \u00e0 des loteries internationales. Dans cet article, nous examinons les consid\u00e9rations juridiques, les avantages et les mesures de s\u00e9curit\u00e9 associ\u00e9s \u00e0 l&rsquo;achat de billets en ligne pour des loteries internationales. <\/p>\n<h2>Les lois sur les loteries d\u00e9mystifi\u00e9es : Est-il l\u00e9gal d&rsquo;acheter des billets en ligne pour des loteries internationales ?<\/h2>\n<p>La l\u00e9gitimit\u00e9 est primordiale pour jouer \u00e0 la loterie, incarn\u00e9e par des plates-formes op\u00e9rant sous licence et adh\u00e9rant \u00e0 des r\u00e9glementations strictes dans des juridictions sp\u00e9cifiques. Des <a href=\"https:\/\/redfoxlotto.com\">plateformes telles que RedFoxLotto<\/a> illustrent cet engagement, en offrant aux utilisateurs un environnement s\u00e9curis\u00e9 et transparent qui favorise la confiance dans l&rsquo;exp\u00e9rience de la loterie en ligne. <\/p>\n<p>L&rsquo;importance des transactions s\u00e9curis\u00e9es est soulign\u00e9e par les plateformes r\u00e9put\u00e9es, qui utilisent des m\u00e9thodes de paiement s\u00e9curis\u00e9es et fournissent aux utilisateurs des scans d\u00e9taill\u00e9s des billets comme preuve d&rsquo;achat. Cet engagement renforce la transparence et l&rsquo;assurance des utilisateurs, jetant les bases d&rsquo;un engagement fiable avec les loteries en ligne.<br \/>\nUne recherche approfondie sur la r\u00e9putation des plateformes de loterie en ligne reste une \u00e9tape cruciale, permettant aux individus de faire des choix \u00e9clair\u00e9s, de minimiser les risques potentiels, et de participer \u00e0 une exp\u00e9rience de loterie en ligne s\u00fbre et agr\u00e9able. <\/p>\n<h2>RedFoxLotto : Une option s\u00fbre et transparente :<\/h2>\n<p>RedFoxLotto est une plateforme qui s&rsquo;engage \u00e0 fournir une exp\u00e9rience de loterie en ligne s\u00e9curis\u00e9e et transparente. Les utilisateurs peuvent b\u00e9n\u00e9ficier des caract\u00e9ristiques suivantes ; <\/p>\n<h3>Commande et scannage des billets<\/h3>\n<p>Lorsque les utilisateurs passent une commande sur notre plateforme, RedFoxLotto, notre service de messagerie de loterie se charge d&rsquo;<a href=\"http:\/\/https\/\/redfoxlotto.com\/lotteries\">obtenir des billets de loterie officiels<\/a> aupr\u00e8s de d\u00e9taillants agr\u00e9\u00e9s. Le processus comprend une s\u00e9lection m\u00e9ticuleuse des num\u00e9ros choisis, des options de jeu, de la date, de l&rsquo;heure et du lieu d&rsquo;achat. Les billets, avec tous les d\u00e9tails pertinents, sont conserv\u00e9s en toute s\u00e9curit\u00e9 jusqu&rsquo;\u00e0 ce que les prix soient r\u00e9clam\u00e9s ou que les billets expirent.  <\/p>\n<h3>M\u00e9thodes de paiement et de retrait : Garantir des transactions s\u00fbres et pratiques<\/h3>\n<p>La s\u00e9curit\u00e9 et la commodit\u00e9 sont des priorit\u00e9s gr\u00e2ce \u00e0 de multiples m\u00e9thodes de paiement, y compris les cartes de cr\u00e9dit, les virements bancaires, Bitcoin et les connexions s\u00e9curis\u00e9es aux syst\u00e8mes bancaires en ligne tels que Klarna et Directa24.<\/p>\n<h3>Retraits et r\u00e9clamation des gains : Processus simplifi\u00e9 et sans souci<\/h3>\n<p>RedFoxLotto assure un processus de retrait simplifi\u00e9 et sans probl\u00e8me, y compris des transferts automatiques pour les petits gains jusqu&rsquo;\u00e0 2 500 \u20ac.<\/p>\n<h3>Un soutien pour des gains plus importants : Des conseils d&rsquo;experts \u00e0 chaque \u00e9tape<\/h3>\n<p>Pour les gains plus importants, notre \u00e9quipe d&rsquo;assistance sp\u00e9cialis\u00e9e vous fournit des conseils d&rsquo;experts et des instructions claires tout au long de la proc\u00e9dure de r\u00e9clamation.<\/p>\n<h3>Responsabilit\u00e9s fiscales : Communication et soutien transparents<\/h3>\n<p>Une communication transparente et le soutien de RedFoxLotto aident les utilisateurs \u00e0 comprendre et \u00e0 remplir leurs responsabilit\u00e9s fiscales, garantissant une exp\u00e9rience de loterie compl\u00e8te et fiable.<\/p>\n<p>Bien que la l\u00e9galit\u00e9 de l&rsquo;achat de billets en ligne pour les loteries internationales d\u00e9pende des lois locales, les plateformes comme RedFoxLotto visent \u00e0 offrir une exp\u00e9rience s\u00fbre, transparente et agr\u00e9able aux participants. Faites toujours preuve de prudence, effectuez des recherches approfondies et respectez les lois locales pour profiter au maximum de l&rsquo;excitation offerte par les loteries internationales. <\/p>\n","protected":false},"excerpt":{"rendered":"<p>La l\u00e9galit\u00e9 et les avantages des billets en ligne pour les loteries internationales Est-il l\u00e9gal&hellip;<\/p>\n","protected":false},"author":1,"featured_media":0,"parent":0,"menu_order":0,"comment_status":"closed","ping_status":"closed","template":"","meta":{"footnotes":""},"class_list":["post-26","page","type-page","status-publish","hentry"],"yoast_head":"<!-- This site is optimized with the Yoast SEO plugin v25.9 - https:\/\/yoast.com\/wordpress\/plugins\/seo\/ -->\n<title>Acheter l\u00e9galement des billets de loteries internationales en ligne<\/title>\n<meta name=\"robots\" content=\"index, follow, max-snippet:-1, max-image-preview:large, max-video-preview:-1\" \/>\n<link rel=\"canonical\" href=\"https:\/\/redfox777.com\/fr\/\" \/>\n<meta property=\"og:locale\" content=\"fr_FR\" \/>\n<meta property=\"og:type\" content=\"article\" \/>\n<meta property=\"og:title\" content=\"Acheter l\u00e9galement des billets de loteries internationales en ligne\" \/>\n<meta property=\"og:description\" content=\"La l\u00e9galit\u00e9 et les avantages des billets en ligne pour les loteries internationales Est-il l\u00e9gal&hellip;\" \/>\n<meta property=\"og:url\" content=\"https:\/\/redfox777.com\/fr\/\" \/>\n<meta name=\"twitter:card\" content=\"summary_large_image\" \/>\n<meta name=\"twitter:label1\" content=\"Dur\u00e9e de lecture estim\u00e9e\" \/>\n\t<meta name=\"twitter:data1\" content=\"3 minutes\" \/>\n<script type=\"application\/ld+json\" class=\"yoast-schema-graph\">{\"@context\":\"https:\/\/schema.org\",\"@graph\":[{\"@type\":\"WebPage\",\"@id\":\"https:\/\/redfox777.com\/fr\/\",\"url\":\"https:\/\/redfox777.com\/fr\/\",\"name\":\"Acheter l\u00e9galement des billets de loteries internationales en ligne\",\"isPartOf\":{\"@id\":\"https:\/\/redfox777.com\/fr\/#website\"},\"datePublished\":\"2024-09-09T18:24:48+00:00\",\"breadcrumb\":{\"@id\":\"https:\/\/redfox777.com\/fr\/#breadcrumb\"},\"inLanguage\":\"fr-FR\",\"potentialAction\":[{\"@type\":\"ReadAction\",\"target\":[\"https:\/\/redfox777.com\/fr\/\"]}]},{\"@type\":\"BreadcrumbList\",\"@id\":\"https:\/\/redfox777.com\/fr\/#breadcrumb\",\"itemListElement\":[{\"@type\":\"ListItem\",\"position\":1,\"name\":\"Home\",\"item\":\"https:\/\/redfox777.com\/fr\/accueil\/\"},{\"@type\":\"ListItem\",\"position\":2,\"name\":\"Accueil\"}]},{\"@type\":\"WebSite\",\"@id\":\"https:\/\/redfox777.com\/fr\/#website\",\"url\":\"https:\/\/redfox777.com\/fr\/\",\"name\":\"\",\"description\":\"\",\"potentialAction\":[{\"@type\":\"SearchAction\",\"target\":{\"@type\":\"EntryPoint\",\"urlTemplate\":\"https:\/\/redfox777.com\/fr\/?s={search_term_string}\"},\"query-input\":{\"@type\":\"PropertyValueSpecification\",\"valueRequired\":true,\"valueName\":\"search_term_string\"}}],\"inLanguage\":\"fr-FR\"}]}<\/script>\n<!-- \/ Yoast SEO plugin. -->","yoast_head_json":{"title":"Acheter l\u00e9galement des billets de loteries internationales en ligne","robots":{"index":"index","follow":"follow","max-snippet":"max-snippet:-1","max-image-preview":"max-image-preview:large","max-video-preview":"max-video-preview:-1"},"canonical":"https:\/\/redfox777.com\/fr\/","og_locale":"fr_FR","og_type":"article","og_title":"Acheter l\u00e9galement des billets de loteries internationales en ligne","og_description":"La l\u00e9galit\u00e9 et les avantages des billets en ligne pour les loteries internationales Est-il l\u00e9gal&hellip;","og_url":"https:\/\/redfox777.com\/fr\/","twitter_card":"summary_large_image","twitter_misc":{"Dur\u00e9e de lecture estim\u00e9e":"3 minutes"},"schema":{"@context":"https:\/\/schema.org","@graph":[{"@type":"WebPage","@id":"https:\/\/redfox777.com\/fr\/","url":"https:\/\/redfox777.com\/fr\/","name":"Acheter l\u00e9galement des billets de loteries internationales en ligne","isPartOf":{"@id":"https:\/\/redfox777.com\/fr\/#website"},"datePublished":"2024-09-09T18:24:48+00:00","breadcrumb":{"@id":"https:\/\/redfox777.com\/fr\/#breadcrumb"},"inLanguage":"fr-FR","potentialAction":[{"@type":"ReadAction","target":["https:\/\/redfox777.com\/fr\/"]}]},{"@type":"BreadcrumbList","@id":"https:\/\/redfox777.com\/fr\/#breadcrumb","itemListElement":[{"@type":"ListItem","position":1,"name":"Home","item":"https:\/\/redfox777.com\/fr\/accueil\/"},{"@type":"ListItem","position":2,"name":"Accueil"}]},{"@type":"WebSite","@id":"https:\/\/redfox777.com\/fr\/#website","url":"https:\/\/redfox777.com\/fr\/","name":"","description":"","potentialAction":[{"@type":"SearchAction","target":{"@type":"EntryPoint","urlTemplate":"https:\/\/redfox777.com\/fr\/?s={search_term_string}"},"query-input":{"@type":"PropertyValueSpecification","valueRequired":true,"valueName":"search_term_string"}}],"inLanguage":"fr-FR"}]}},"_links":{"self":[{"href":"https:\/\/redfox777.com\/fr\/wp-json\/wp\/v2\/pages\/26","targetHints":{"allow":["GET"]}}],"collection":[{"href":"https:\/\/redfox777.com\/fr\/wp-json\/wp\/v2\/pages"}],"about":[{"href":"https:\/\/redfox777.com\/fr\/wp-json\/wp\/v2\/types\/page"}],"author":[{"embeddable":true,"href":"https:\/\/redfox777.com\/fr\/wp-json\/wp\/v2\/users\/1"}],"replies":[{"embeddable":true,"href":"https:\/\/redfox777.com\/fr\/wp-json\/wp\/v2\/comments?post=26"}],"version-history":[{"count":0,"href":"https:\/\/redfox777.com\/fr\/wp-json\/wp\/v2\/pages\/26\/revisions"}],"wp:attachment":[{"href":"https:\/\/redfox777.com\/fr\/wp-json\/wp\/v2\/media?parent=26"}],"curies":[{"name":"wp","href":"https:\/\/api.w.org\/{rel}","templated":true}]}}