{"id":292,"date":"2024-09-09T19:24:48","date_gmt":"2024-09-09T18:24:48","guid":{"rendered":"https:\/\/redfox777.com\/kotiin\/"},"modified":"2024-09-09T19:24:48","modified_gmt":"2024-09-09T18:24:48","slug":"kotiin","status":"publish","type":"page","link":"https:\/\/redfox777.com\/fi\/","title":{"rendered":"Kotiin"},"content":{"rendered":"<h2>Kansainv\u00e4listen arpajaisten verkkolippujen laillisuuden ja etujen selvitt\u00e4minen<\/h2>\n<p>Onko laillista ostaa kansainv\u00e4listen arpajaisten verkkolippuja? Verkkoarpajaisten maailma on laajentunut ja tarjonnut harrastajille mahdollisuuden osallistua maailmanlaajuisiin arvontoihin mukavasti kotoa k\u00e4sin. T\u00e4m\u00e4 laajentuminen on mahdollista verkkoarpajaisten kuriiripalveluiden kautta, jotka toimivat kolmannen osapuolen toimijoina, joilla on lisenssi arpajaisten toimintamaissa.<\/p>\n<p>N\u00e4m\u00e4 palvelut helpottavat fyysisten lippujen ostamista, skannaamista ja lataamista asiakkaiden rekister\u00f6ityneille k\u00e4ytt\u00e4j\u00e4tileille, mik\u00e4 tarjoaa laillisen ja k\u00e4tev\u00e4n tavan osallistua kansainv\u00e4lisiin arpajaisiin. T\u00e4ss\u00e4 artikkelissa perehdymme kansainv\u00e4listen arpajaisten verkkolippujen hankkimiseen liittyviin laillisiin n\u00e4k\u00f6kohtiin, etuihin ja turvatoimiin.<\/p>\n<h2>Arpajaislakien mysteerien selkeytt\u00e4minen: Onko laillista ostaa kansainv\u00e4listen arpajaisten verkkolippuja<\/h2>\n<p>Laillisuus on ensiarvoisen t\u00e4rke\u00e4\u00e4 arpajaisten pelaamisessa, ja sit\u00e4 ilment\u00e4v\u00e4t lisenssien alaisuudessa toimivat alustat, jotka noudattavat tiukkoja m\u00e4\u00e4r\u00e4yksi\u00e4 tietyill\u00e4 laink\u00e4ytt\u00f6alueilla. Erityisesti <a href=\"https:\/\/redfoxlotto.com\">alustat, kuten RedFoxLotto<\/a>, ovat esimerkki t\u00e4st\u00e4 sitoutumisesta tarjoamalla k\u00e4ytt\u00e4jille turvallisen ja l\u00e4pin\u00e4kyv\u00e4n ymp\u00e4rist\u00f6n, joka edist\u00e4\u00e4 luottamusta verkkoarpajaiskokemukseen.<\/p>\n<p>Turvallisten tapahtumien merkityst\u00e4 korostavat hyv\u00e4maineiset alustat, jotka k\u00e4ytt\u00e4v\u00e4t turvallisia maksutapoja ja tarjoavat k\u00e4ytt\u00e4jille yksityiskohtaisia \u200b\u200b\u200b\u200bkuponkiskannauksia ostotodistuksena. T\u00e4m\u00e4 sitoutuminen lis\u00e4\u00e4 l\u00e4pin\u00e4kyvyytt\u00e4 ja k\u00e4ytt\u00e4jien varmuutta, luoden pohjan luotettavalle sitoutumiselle verkkoarpajaisiin.<br \/>\nVerkkoarpajaisalustojen maineen perusteellinen tutkimus on edelleen ratkaiseva askel, jonka avulla yksil\u00f6t voivat tehd\u00e4 tietoon perustuvia valintoja, minimoida mahdolliset riskit ja osallistua turvalliseen ja nautinnolliseen verkkoarpajaiskokemukseen.<\/p>\n<h2>RedFoxLotto: Turvallinen ja l\u00e4pin\u00e4kyv\u00e4 vaihtoehto:<\/h2>\n<p>RedFoxLotto erottuu alustana, joka on sitoutunut tarjoamaan turvallisen ja l\u00e4pin\u00e4kyv\u00e4n verkkoarpajaiskokemuksen. K\u00e4ytt\u00e4j\u00e4t voivat hy\u00f6ty\u00e4 seuraavista ominaisuuksista:<\/p>\n<h3>Tilaaminen ja lippujen skannaus<\/h3>\n<p>Kun k\u00e4ytt\u00e4j\u00e4t tekev\u00e4t tilauksen alustallamme, RedFoxLotto, lottol\u00e4hettipalvelumme hoitaa <a href=\"http:\/\/https\/\/redfoxlotto.com\/lotteries\">virallisten lottokuponkien hankkimisen<\/a> lisensoiduilta j\u00e4lleenmyyjilt\u00e4. Prosessiin kuuluu valittujen numeroiden, pelivaihtoehtojen, ostop\u00e4iv\u00e4m\u00e4\u00e4r\u00e4n, -kellonajan ja -paikan huolellinen valinta. Kuponkeja, joissa on kaikki asiaankuuluvat tiedot, s\u00e4ilytet\u00e4\u00e4n turvallisesti, kunnes voitot lunastetaan tai liput vanhenevat.<\/p>\n<h3>Maksu- ja nostotavat: Turvallisten ja k\u00e4tevien tapahtumien varmistaminen<\/h3>\n<p>Turvallisuus ja k\u00e4tevyys ovat etusijalla useiden maksutapojen avulla, mukaan lukien luottokortit, pankkisiirrot, Bitcoin ja turvalliset yhteydet verkkopankkij\u00e4rjestelmiin, kuten Klarna ja Directa24.<\/p>\n<h3>Nostot ja voittojen lunastus: Virtaviivaistettu ja vaivaton prosessi<\/h3>\n<p>RedFoxLotto varmistaa virtaviivaisen ja vaivattoman nostoprosessin, mukaan lukien automaattiset siirrot pienille voitoille, jopa 2 500 euroon asti. <\/p>\n<h3>Tukea suuremmille voitoille: Asiantuntijaohjausta joka askeleella<\/h3>\n<p>Suuremmille voitoille omistautunut tukitiimimme tarjoaa asiantuntevaa ohjausta ja selkeit\u00e4 ohjeita koko lunastusprosessin ajan.<\/p>\n<h3>Verovelvollisuudet: L\u00e4pin\u00e4kyv\u00e4 viestint\u00e4 ja tuki<\/h3>\n<p>RedFoxLotton l\u00e4pin\u00e4kyv\u00e4 viestint\u00e4 ja tuki auttavat k\u00e4ytt\u00e4ji\u00e4 ymm\u00e4rt\u00e4m\u00e4\u00e4n ja t\u00e4ytt\u00e4m\u00e4\u00e4n verovelvollisuutensa varmistaen kattavan ja luotettavan lottokokemuksen.<\/p>\n<p>Vaikka kansainv\u00e4listen lottoarpajaisten verkko-ostosten laillisuus riippuu laink\u00e4ytt\u00f6alueesta, RedFoxLotton kaltaiset alustat pyrkiv\u00e4t tarjoamaan osallistujille turvallisen, l\u00e4pin\u00e4kyv\u00e4n ja nautinnollisen kokemuksen. Ole aina varovainen, tee perusteellista tutkimusta ja noudata paikallisia lakeja maksimoidaksesi kansainv\u00e4listen lottojen tarjoaman j\u00e4nnityksen.<\/p>\n","protected":false},"excerpt":{"rendered":"<p>Kansainv\u00e4listen arpajaisten verkkolippujen laillisuuden ja etujen selvitt\u00e4minen Onko laillista ostaa kansainv\u00e4listen arpajaisten verkkolippuja? Verkkoarpajaisten maailma&hellip;<\/p>\n","protected":false},"author":1,"featured_media":0,"parent":0,"menu_order":0,"comment_status":"closed","ping_status":"closed","template":"","meta":{"footnotes":""},"class_list":["post-292","page","type-page","status-publish","hentry"],"yoast_head":"<!-- This site is optimized with the Yoast SEO plugin v25.9 - https:\/\/yoast.com\/wordpress\/plugins\/seo\/ -->\n<title>Osta laillisesti kansainv\u00e4listen lottoarpajaisten lippuja netiss\u00e4<\/title>\n<meta name=\"robots\" content=\"index, follow, max-snippet:-1, max-image-preview:large, max-video-preview:-1\" \/>\n<link rel=\"canonical\" href=\"https:\/\/redfox777.com\/fi\/\" \/>\n<meta property=\"og:locale\" content=\"fi_FI\" \/>\n<meta property=\"og:type\" content=\"article\" \/>\n<meta property=\"og:title\" content=\"Osta laillisesti kansainv\u00e4listen lottoarpajaisten lippuja netiss\u00e4\" \/>\n<meta property=\"og:description\" content=\"Kansainv\u00e4listen arpajaisten verkkolippujen laillisuuden ja etujen selvitt\u00e4minen Onko laillista ostaa kansainv\u00e4listen arpajaisten verkkolippuja? Verkkoarpajaisten maailma&hellip;\" \/>\n<meta property=\"og:url\" content=\"https:\/\/redfox777.com\/fi\/\" \/>\n<meta name=\"twitter:card\" content=\"summary_large_image\" \/>\n<meta name=\"twitter:label1\" content=\"Arvioitu lukuaika\" \/>\n\t<meta name=\"twitter:data1\" content=\"2 minuuttia\" \/>\n<script type=\"application\/ld+json\" class=\"yoast-schema-graph\">{\"@context\":\"https:\/\/schema.org\",\"@graph\":[{\"@type\":\"WebPage\",\"@id\":\"https:\/\/redfox777.com\/fi\/\",\"url\":\"https:\/\/redfox777.com\/fi\/\",\"name\":\"Osta laillisesti kansainv\u00e4listen lottoarpajaisten lippuja netiss\u00e4\",\"isPartOf\":{\"@id\":\"https:\/\/redfox777.com\/fi\/#website\"},\"datePublished\":\"2024-09-09T18:24:48+00:00\",\"breadcrumb\":{\"@id\":\"https:\/\/redfox777.com\/fi\/#breadcrumb\"},\"inLanguage\":\"fi\",\"potentialAction\":[{\"@type\":\"ReadAction\",\"target\":[\"https:\/\/redfox777.com\/fi\/\"]}]},{\"@type\":\"BreadcrumbList\",\"@id\":\"https:\/\/redfox777.com\/fi\/#breadcrumb\",\"itemListElement\":[{\"@type\":\"ListItem\",\"position\":1,\"name\":\"Home\",\"item\":\"https:\/\/redfox777.com\/fi\/kotiin\/\"},{\"@type\":\"ListItem\",\"position\":2,\"name\":\"Kotiin\"}]},{\"@type\":\"WebSite\",\"@id\":\"https:\/\/redfox777.com\/fi\/#website\",\"url\":\"https:\/\/redfox777.com\/fi\/\",\"name\":\"\",\"description\":\"\",\"potentialAction\":[{\"@type\":\"SearchAction\",\"target\":{\"@type\":\"EntryPoint\",\"urlTemplate\":\"https:\/\/redfox777.com\/fi\/?s={search_term_string}\"},\"query-input\":{\"@type\":\"PropertyValueSpecification\",\"valueRequired\":true,\"valueName\":\"search_term_string\"}}],\"inLanguage\":\"fi\"}]}<\/script>\n<!-- \/ Yoast SEO plugin. -->","yoast_head_json":{"title":"Osta laillisesti kansainv\u00e4listen lottoarpajaisten lippuja netiss\u00e4","robots":{"index":"index","follow":"follow","max-snippet":"max-snippet:-1","max-image-preview":"max-image-preview:large","max-video-preview":"max-video-preview:-1"},"canonical":"https:\/\/redfox777.com\/fi\/","og_locale":"fi_FI","og_type":"article","og_title":"Osta laillisesti kansainv\u00e4listen lottoarpajaisten lippuja netiss\u00e4","og_description":"Kansainv\u00e4listen arpajaisten verkkolippujen laillisuuden ja etujen selvitt\u00e4minen Onko laillista ostaa kansainv\u00e4listen arpajaisten verkkolippuja? Verkkoarpajaisten maailma&hellip;","og_url":"https:\/\/redfox777.com\/fi\/","twitter_card":"summary_large_image","twitter_misc":{"Arvioitu lukuaika":"2 minuuttia"},"schema":{"@context":"https:\/\/schema.org","@graph":[{"@type":"WebPage","@id":"https:\/\/redfox777.com\/fi\/","url":"https:\/\/redfox777.com\/fi\/","name":"Osta laillisesti kansainv\u00e4listen lottoarpajaisten lippuja netiss\u00e4","isPartOf":{"@id":"https:\/\/redfox777.com\/fi\/#website"},"datePublished":"2024-09-09T18:24:48+00:00","breadcrumb":{"@id":"https:\/\/redfox777.com\/fi\/#breadcrumb"},"inLanguage":"fi","potentialAction":[{"@type":"ReadAction","target":["https:\/\/redfox777.com\/fi\/"]}]},{"@type":"BreadcrumbList","@id":"https:\/\/redfox777.com\/fi\/#breadcrumb","itemListElement":[{"@type":"ListItem","position":1,"name":"Home","item":"https:\/\/redfox777.com\/fi\/kotiin\/"},{"@type":"ListItem","position":2,"name":"Kotiin"}]},{"@type":"WebSite","@id":"https:\/\/redfox777.com\/fi\/#website","url":"https:\/\/redfox777.com\/fi\/","name":"","description":"","potentialAction":[{"@type":"SearchAction","target":{"@type":"EntryPoint","urlTemplate":"https:\/\/redfox777.com\/fi\/?s={search_term_string}"},"query-input":{"@type":"PropertyValueSpecification","valueRequired":true,"valueName":"search_term_string"}}],"inLanguage":"fi"}]}},"_links":{"self":[{"href":"https:\/\/redfox777.com\/fi\/wp-json\/wp\/v2\/pages\/292","targetHints":{"allow":["GET"]}}],"collection":[{"href":"https:\/\/redfox777.com\/fi\/wp-json\/wp\/v2\/pages"}],"about":[{"href":"https:\/\/redfox777.com\/fi\/wp-json\/wp\/v2\/types\/page"}],"author":[{"embeddable":true,"href":"https:\/\/redfox777.com\/fi\/wp-json\/wp\/v2\/users\/1"}],"replies":[{"embeddable":true,"href":"https:\/\/redfox777.com\/fi\/wp-json\/wp\/v2\/comments?post=292"}],"version-history":[{"count":0,"href":"https:\/\/redfox777.com\/fi\/wp-json\/wp\/v2\/pages\/292\/revisions"}],"wp:attachment":[{"href":"https:\/\/redfox777.com\/fi\/wp-json\/wp\/v2\/media?parent=292"}],"curies":[{"name":"wp","href":"https:\/\/api.w.org\/{rel}","templated":true}]}}