{"id":291,"date":"2024-09-09T19:24:48","date_gmt":"2024-09-09T18:24:48","guid":{"rendered":"https:\/\/redfox777.com\/avaleht\/"},"modified":"2024-09-09T19:24:48","modified_gmt":"2024-09-09T18:24:48","slug":"avaleht","status":"publish","type":"page","link":"https:\/\/redfox777.com\/et\/","title":{"rendered":"Avaleht"},"content":{"rendered":"<h2>Rahvusvaheliste loteriide veebipiletite seaduslikkuse ja eeliste tundma\u00f5ppimine<\/h2>\n<p>Kas rahvusvaheliste loteriide veebipiletite ostmine on seaduslik? Veebiloteriide maailm on laienenud, pakkudes entusiastidele v\u00f5imalust osaleda \u00fclemaailmsetes loosimistes mugavalt oma kodust lahkumata. See laienemine on v\u00f5imalik t\u00e4nu veebiloteriide kullerteenustele, mis tegutsevad loteriide korraldamise riikides litsentseeritud kolmandate osapooltena.<\/p>\n<p>Need teenused h\u00f5lbustavad f\u00fc\u00fcsiliste piletite ostmist, skannimist ja \u00fcleslaadimist klientide registreeritud kasutajakontodele, pakkudes seaduslikku ja mugavat viisi rahvusvahelistes loteriides osalemiseks. Selles artiklis s\u00fcveneme \u00fclemaailmsete loteriide veebipiletite omandamisega seotud juriidilistesse kaalutlustesse, eelistesse ja turvameetmetesse.<\/p>\n<h2>Loteriiseaduste lahtiseletamine: kas rahvusvaheliste loteriide veebipiletite ostmine on seaduslik<\/h2>\n<p>Loterii m\u00e4ngimisel on seaduslikkus \u00fclioluline, seda esindavad litsentside alusel tegutsevad platvormid, mis j\u00e4rgivad konkreetsetes jurisdiktsioonides rangeid eeskirju. M\u00e4rkimisv\u00e4\u00e4rselt on selle p\u00fchendumuse heaks n\u00e4iteks <a href=\"https:\/\/redfoxlotto.com\">platvormid nagu RedFoxLotto<\/a>, mis pakuvad kasutajatele turvalist ja l\u00e4bipaistvat keskkonda, mis soodustab usaldust veebiloteriikogemuse vastu.<\/p>\n<p>Turvaliste tehingute olulisust r\u00f5hutavad hea mainega platvormid, mis kasutavad turvalisi makseviise ja pakuvad kasutajatele ostut\u00f5endina detailseid piletiskaneeringuid. See p\u00fchendumus suurendab l\u00e4bipaistvust ja kasutajate kindlustunnet, luues aluse usaldusv\u00e4\u00e4rsele suhtlusele veebiloteriidega.<br \/>\nP\u00f5hjalik veebiloteriiplatvormide maine uurimine on endiselt oluline samm, mis v\u00f5imaldab inimestel teha teadlikke valikuid, minimeerida v\u00f5imalikke riske ja osaleda turvalises ja nauditavas veebiloteriikogemuses.<\/p>\n<h2>RedFoxLotto: turvaline ja l\u00e4bipaistev valik:<\/h2>\n<p>RedFoxLotto paistab silma platvormina, mis on p\u00fchendunud turvalise ja l\u00e4bipaistva veebiloteriikogemuse pakkumisele. Kasutajad saavad kasu j\u00e4rgmistest funktsioonidest:<\/p>\n<h3>Tellimine ja piletite skaneerimine<\/h3>\n<p>Kui kasutajad esitavad meie platvormil RedFoxLotto tellimuse, v\u00f5tab meie loteriis\u00f5numiteenus vastutuse <a href=\"http:\/\/https\/\/redfoxlotto.com\/lotteries\">ametlike lotopiletite hankimise<\/a> litsentseeritud jaem\u00fc\u00fcjatelt. Protsess h\u00f5lmab valitud numbrite, m\u00e4nguv\u00f5imaluste, ostukuup\u00e4eva, -kellaaja ja -koha hoolikat valimist. Pileteid koos k\u00f5igi asjakohaste andmetega hoitakse turvaliselt kuni auhindade lunastamise v\u00f5i piletite kehtivusaja l\u00f5ppemiseni.<\/p>\n<h3>Makse- ja v\u00e4ljamakseviisid: turvaliste ja mugavate tehingute tagamine<\/h3>\n<p>Turvalisus ja mugavus on esikohal mitmete makseviiside kaudu, sealhulgas krediitkaardid, panga\u00fclekanded, Bitcoin ja turvalised \u00fchendused internetipanga s\u00fcsteemidega nagu Klarna ja Directa24.<\/p>\n<h3>V\u00e4ljamaksed ja v\u00f5itude k\u00e4ttesaamine: sujuv ja probleemivaba protsess<\/h3>\n<p>RedFoxLotto tagab sujuva ja probleemivaba v\u00e4ljamakseprotsessi, sealhulgas automaatsed \u00fclekanded v\u00e4ikeste v\u00f5itude puhul kuni 2500 eurot. <\/p>\n<h3>Tugi suuremate v\u00f5itude saamiseks: asjatundlik juhendamine igal sammul<\/h3>\n<p>Suuremate v\u00f5itude korral pakub meie p\u00fchendunud tugimeeskond asjatundlikku juhendamist ja selgeid juhiseid kogu n\u00f5ude esitamise protsessi v\u00e4ltel.<\/p>\n<h3>Maksukohustused: l\u00e4bipaistev suhtlus ja tugi<\/h3>\n<p>RedFoxLotto l\u00e4bipaistev suhtlus ja tugi aitavad kasutajatel m\u00f5ista ja t\u00e4ita oma maksukohustusi, tagades tervikliku ja usaldusv\u00e4\u00e4rse loteriikogemuse.<\/p>\n<p>Kuigi rahvusvaheliste loteriide veebipiletite ostmise seaduslikkus s\u00f5ltub jurisdiktsiooni seadustest, on RedFoxLotto-taoliste platvormide eesm\u00e4rk pakkuda osalejatele turvalist, l\u00e4bipaistvat ja nauditavat kogemust. Olge alati ettevaatlik, tehke p\u00f5hjalikku uurimist\u00f6\u00f6d ja j\u00e4rgige kohalikke seadusi, et maksimeerida rahvusvaheliste loteriide pakutavat p\u00f5nevust.<\/p>\n","protected":false},"excerpt":{"rendered":"<p>Rahvusvaheliste loteriide veebipiletite seaduslikkuse ja eeliste tundma\u00f5ppimine Kas rahvusvaheliste loteriide veebipiletite ostmine on seaduslik? Veebiloteriide&hellip;<\/p>\n","protected":false},"author":1,"featured_media":0,"parent":0,"menu_order":0,"comment_status":"closed","ping_status":"closed","template":"","meta":{"footnotes":""},"class_list":["post-291","page","type-page","status-publish","hentry"],"yoast_head":"<!-- This site is optimized with the Yoast SEO plugin v25.9 - https:\/\/yoast.com\/wordpress\/plugins\/seo\/ -->\n<title>Osta seaduslikult rahvusvaheliste loteriide pileteid veebis<\/title>\n<meta name=\"robots\" content=\"index, follow, max-snippet:-1, max-image-preview:large, max-video-preview:-1\" \/>\n<link rel=\"canonical\" href=\"https:\/\/redfox777.com\/et\/\" \/>\n<meta property=\"og:locale\" content=\"et_EE\" \/>\n<meta property=\"og:type\" content=\"article\" \/>\n<meta property=\"og:title\" content=\"Osta seaduslikult rahvusvaheliste loteriide pileteid veebis\" \/>\n<meta property=\"og:description\" content=\"Rahvusvaheliste loteriide veebipiletite seaduslikkuse ja eeliste tundma\u00f5ppimine Kas rahvusvaheliste loteriide veebipiletite ostmine on seaduslik? Veebiloteriide&hellip;\" \/>\n<meta property=\"og:url\" content=\"https:\/\/redfox777.com\/et\/\" \/>\n<meta name=\"twitter:card\" content=\"summary_large_image\" \/>\n<meta name=\"twitter:label1\" content=\"Est. reading time\" \/>\n\t<meta name=\"twitter:data1\" content=\"2 minutit\" \/>\n<script type=\"application\/ld+json\" class=\"yoast-schema-graph\">{\"@context\":\"https:\/\/schema.org\",\"@graph\":[{\"@type\":\"WebPage\",\"@id\":\"https:\/\/redfox777.com\/et\/\",\"url\":\"https:\/\/redfox777.com\/et\/\",\"name\":\"Osta seaduslikult rahvusvaheliste loteriide pileteid veebis\",\"isPartOf\":{\"@id\":\"https:\/\/redfox777.com\/et\/#website\"},\"datePublished\":\"2024-09-09T18:24:48+00:00\",\"breadcrumb\":{\"@id\":\"https:\/\/redfox777.com\/et\/#breadcrumb\"},\"inLanguage\":\"et\",\"potentialAction\":[{\"@type\":\"ReadAction\",\"target\":[\"https:\/\/redfox777.com\/et\/\"]}]},{\"@type\":\"BreadcrumbList\",\"@id\":\"https:\/\/redfox777.com\/et\/#breadcrumb\",\"itemListElement\":[{\"@type\":\"ListItem\",\"position\":1,\"name\":\"Home\",\"item\":\"https:\/\/redfox777.com\/et\/avaleht\/\"},{\"@type\":\"ListItem\",\"position\":2,\"name\":\"Avaleht\"}]},{\"@type\":\"WebSite\",\"@id\":\"https:\/\/redfox777.com\/et\/#website\",\"url\":\"https:\/\/redfox777.com\/et\/\",\"name\":\"\",\"description\":\"\",\"potentialAction\":[{\"@type\":\"SearchAction\",\"target\":{\"@type\":\"EntryPoint\",\"urlTemplate\":\"https:\/\/redfox777.com\/et\/?s={search_term_string}\"},\"query-input\":{\"@type\":\"PropertyValueSpecification\",\"valueRequired\":true,\"valueName\":\"search_term_string\"}}],\"inLanguage\":\"et\"}]}<\/script>\n<!-- \/ Yoast SEO plugin. -->","yoast_head_json":{"title":"Osta seaduslikult rahvusvaheliste loteriide pileteid veebis","robots":{"index":"index","follow":"follow","max-snippet":"max-snippet:-1","max-image-preview":"max-image-preview:large","max-video-preview":"max-video-preview:-1"},"canonical":"https:\/\/redfox777.com\/et\/","og_locale":"et_EE","og_type":"article","og_title":"Osta seaduslikult rahvusvaheliste loteriide pileteid veebis","og_description":"Rahvusvaheliste loteriide veebipiletite seaduslikkuse ja eeliste tundma\u00f5ppimine Kas rahvusvaheliste loteriide veebipiletite ostmine on seaduslik? Veebiloteriide&hellip;","og_url":"https:\/\/redfox777.com\/et\/","twitter_card":"summary_large_image","twitter_misc":{"Est. reading time":"2 minutit"},"schema":{"@context":"https:\/\/schema.org","@graph":[{"@type":"WebPage","@id":"https:\/\/redfox777.com\/et\/","url":"https:\/\/redfox777.com\/et\/","name":"Osta seaduslikult rahvusvaheliste loteriide pileteid veebis","isPartOf":{"@id":"https:\/\/redfox777.com\/et\/#website"},"datePublished":"2024-09-09T18:24:48+00:00","breadcrumb":{"@id":"https:\/\/redfox777.com\/et\/#breadcrumb"},"inLanguage":"et","potentialAction":[{"@type":"ReadAction","target":["https:\/\/redfox777.com\/et\/"]}]},{"@type":"BreadcrumbList","@id":"https:\/\/redfox777.com\/et\/#breadcrumb","itemListElement":[{"@type":"ListItem","position":1,"name":"Home","item":"https:\/\/redfox777.com\/et\/avaleht\/"},{"@type":"ListItem","position":2,"name":"Avaleht"}]},{"@type":"WebSite","@id":"https:\/\/redfox777.com\/et\/#website","url":"https:\/\/redfox777.com\/et\/","name":"","description":"","potentialAction":[{"@type":"SearchAction","target":{"@type":"EntryPoint","urlTemplate":"https:\/\/redfox777.com\/et\/?s={search_term_string}"},"query-input":{"@type":"PropertyValueSpecification","valueRequired":true,"valueName":"search_term_string"}}],"inLanguage":"et"}]}},"_links":{"self":[{"href":"https:\/\/redfox777.com\/et\/wp-json\/wp\/v2\/pages\/291","targetHints":{"allow":["GET"]}}],"collection":[{"href":"https:\/\/redfox777.com\/et\/wp-json\/wp\/v2\/pages"}],"about":[{"href":"https:\/\/redfox777.com\/et\/wp-json\/wp\/v2\/types\/page"}],"author":[{"embeddable":true,"href":"https:\/\/redfox777.com\/et\/wp-json\/wp\/v2\/users\/1"}],"replies":[{"embeddable":true,"href":"https:\/\/redfox777.com\/et\/wp-json\/wp\/v2\/comments?post=291"}],"version-history":[{"count":0,"href":"https:\/\/redfox777.com\/et\/wp-json\/wp\/v2\/pages\/291\/revisions"}],"wp:attachment":[{"href":"https:\/\/redfox777.com\/et\/wp-json\/wp\/v2\/media?parent=291"}],"curies":[{"name":"wp","href":"https:\/\/api.w.org\/{rel}","templated":true}]}}