{"id":54,"date":"2024-09-09T19:24:48","date_gmt":"2024-09-09T18:24:48","guid":{"rendered":"https:\/\/redfox777.com\/heim\/"},"modified":"2024-09-09T19:24:48","modified_gmt":"2024-09-09T18:24:48","slug":"heim","status":"publish","type":"page","link":"https:\/\/redfox777.com\/de\/","title":{"rendered":"Heim"},"content":{"rendered":"<h2>Legalit\u00e4t und Vorteile von Online-Losen f\u00fcr internationale Lotterien<\/h2>\n<p>Ist der Erwerb von Online-Losen f\u00fcr internationale Lotterien legal? Die Welt der Online-Lotterien hat sich erweitert und bietet Lotteriebegeisterten die M\u00f6glichkeit, bequem von zu Hause aus an weltweiten Ziehungen teilzunehmen. Erm\u00f6glicht wird diese Expansion durch Online-Lotteriekurierdienste, die als Drittunternehmen in den L\u00e4ndern agieren, in denen Lotterien stattfinden.<\/p>\n<p>Diese Dienste erleichtern den Kauf, das Scannen und das Hochladen physischer Lose in die registrierten Benutzerkonten der Kunden und bieten so eine legale und bequeme M\u00f6glichkeit, an internationalen Lotterien teilzunehmen. In diesem Artikel gehen wir auf die rechtlichen Aspekte, Vorteile und Sicherheitsma\u00dfnahmen beim Erwerb von Online-Losen f\u00fcr internationale Lotterien ein.<\/p>\n<h2>Lotteriegesetze entmystifiziert: Ist der Erwerb von Online-Losen f\u00fcr internationale Lotterien legal?<\/h2>\n<p>Legitimit\u00e4t ist f\u00fcr das Lotteriespielen von gr\u00f6\u00dfter Bedeutung. Dies wird durch lizenzierte Plattformen und die Einhaltung strenger Vorschriften in den jeweiligen Rechtsr\u00e4umen gew\u00e4hrleistet. Plattformen wie RedFoxLotto verk\u00f6rpern dieses Engagement und bieten Nutzern eine sichere und transparente Umgebung, die das Vertrauen in das Online-Lotterieerlebnis st\u00e4rkt.<\/p>\n<p>Die Bedeutung sicherer Transaktionen wird durch seri\u00f6se Plattformen unterstrichen, die sichere Zahlungsmethoden verwenden und Nutzern detaillierte Ticket-Scans als Kaufnachweis zur Verf\u00fcgung stellen. Dieses Engagement erh\u00f6ht Transparenz und Nutzersicherheit und legt den Grundstein f\u00fcr eine vertrauensw\u00fcrdige Nutzung von Online-Lotterien.<br \/>\nEine gr\u00fcndliche \u00dcberpr\u00fcfung des Rufs von Online-Lotterieplattformen ist nach wie vor ein entscheidender Schritt, um fundierte Entscheidungen zu treffen, potenzielle Risiken zu minimieren und ein sicheres und angenehmes Online-Lotterieerlebnis zu genie\u00dfen.<\/p>\n<p>RedFoxLotto: Eine sichere und transparente Option:<\/p>\n<p>RedFoxLotto zeichnet sich als Plattform aus, die sich f\u00fcr ein sicheres und transparentes Online-Lotterieerlebnis einsetzt. Nutzer profitieren von folgenden Funktionen:<\/p>\n<h3>Bestellung und Ticket-Scan<\/h3>\n<p>Wenn Nutzer auf unserer Plattform RedFoxLotto eine Bestellung aufgeben, \u00fcbernimmt unser Lotterie-Messenger-Service die <a href=\"http:\/\/https\/\/redfoxlotto.com\/lotteries\">Beschaffung offizieller Lottoscheine<\/a> von lizenzierten H\u00e4ndlern. Der Prozess umfasst die sorgf\u00e4ltige Auswahl der gew\u00e4hlten Zahlen, der Spieloptionen sowie Datum, Uhrzeit und Ort des Kaufs. Die Scheine werden mit allen relevanten Daten sicher aufbewahrt, bis Gewinne eingefordert werden oder die G\u00fcltigkeit der Scheine abl\u00e4uft.<\/p>\n<h3>Zahlungs- und Auszahlungsmethoden: Sichere und bequeme Transaktionen<\/h3>\n<p>Sicherheit und Komfort stehen bei uns an erster Stelle. Wir bieten verschiedene Zahlungsmethoden an, darunter Kreditkarte, Bank\u00fcberweisung, Bitcoin und sichere Verbindungen zu Online-Banking-Systemen wie Klarna und Directa24.<\/p>\n<h3>Auszahlungen und Gewinnauszahlung: Optimierter und unkomplizierter Prozess<\/h3>\n<p>RedFoxLotto garantiert einen optimierten und unkomplizierten Auszahlungsprozess, einschlie\u00dflich automatischer \u00dcberweisungen f\u00fcr kleine Gewinne bis zu 2.500 \u20ac.<\/p>\n<h3>Unterst\u00fctzung bei gr\u00f6\u00dferen Gewinnen: Expertenberatung bei jedem Schritt<\/h3>\n<p>Bei gr\u00f6\u00dferen Gewinnen bietet Ihnen unser engagiertes Support-Team fachkundige Unterst\u00fctzung und klare Anweisungen w\u00e4hrend des gesamten Auszahlungsprozesses.<\/p>\n<h3>Steuerliche Verantwortung: Transparente Kommunikation und Support<\/h3>\n<p>Die transparente Kommunikation und der Support von RedFoxLotto unterst\u00fctzen Nutzer dabei, ihre steuerlichen Pflichten zu verstehen und zu erf\u00fcllen und gew\u00e4hrleisten so ein umfassendes und vertrauensw\u00fcrdiges Lotterieerlebnis.<\/p>\n<p>Obwohl die Rechtm\u00e4\u00dfigkeit des Online-Kaufs von internationalen Lotterien von den jeweiligen Gesetzen abh\u00e4ngt, m\u00f6chten Plattformen wie RedFoxLotto den Teilnehmern ein sicheres, transparentes und angenehmes Erlebnis bieten. Seien Sie stets vorsichtig, recherchieren Sie gr\u00fcndlich und halten Sie sich an die lokalen Gesetze, um den Spa\u00df an internationalen Lotterien zu maximieren.<\/p>\n","protected":false},"excerpt":{"rendered":"<p>Legalit\u00e4t und Vorteile von Online-Losen f\u00fcr internationale Lotterien Ist der Erwerb von Online-Losen f\u00fcr internationale&hellip;<\/p>\n","protected":false},"author":1,"featured_media":0,"parent":0,"menu_order":0,"comment_status":"closed","ping_status":"closed","template":"","meta":{"footnotes":""},"class_list":["post-54","page","type-page","status-publish","hentry"],"yoast_head":"<!-- This site is optimized with the Yoast SEO plugin v25.9 - https:\/\/yoast.com\/wordpress\/plugins\/seo\/ -->\n<title>Tickets f\u00fcr internationale Lotterien legal online kaufen<\/title>\n<meta name=\"robots\" content=\"index, follow, max-snippet:-1, max-image-preview:large, max-video-preview:-1\" \/>\n<link rel=\"canonical\" href=\"https:\/\/redfox777.com\/de\/\" \/>\n<meta property=\"og:locale\" content=\"de_DE\" \/>\n<meta property=\"og:type\" content=\"article\" \/>\n<meta property=\"og:title\" content=\"Tickets f\u00fcr internationale Lotterien legal online kaufen\" \/>\n<meta property=\"og:description\" content=\"Legalit\u00e4t und Vorteile von Online-Losen f\u00fcr internationale Lotterien Ist der Erwerb von Online-Losen f\u00fcr internationale&hellip;\" \/>\n<meta property=\"og:url\" content=\"https:\/\/redfox777.com\/de\/\" \/>\n<meta name=\"twitter:card\" content=\"summary_large_image\" \/>\n<meta name=\"twitter:label1\" content=\"Gesch\u00e4tzte Lesezeit\" \/>\n\t<meta name=\"twitter:data1\" content=\"3\u00a0Minuten\" \/>\n<script type=\"application\/ld+json\" class=\"yoast-schema-graph\">{\"@context\":\"https:\/\/schema.org\",\"@graph\":[{\"@type\":\"WebPage\",\"@id\":\"https:\/\/redfox777.com\/de\/\",\"url\":\"https:\/\/redfox777.com\/de\/\",\"name\":\"Tickets f\u00fcr internationale Lotterien legal online kaufen\",\"isPartOf\":{\"@id\":\"https:\/\/redfox777.com\/de\/#website\"},\"datePublished\":\"2024-09-09T18:24:48+00:00\",\"breadcrumb\":{\"@id\":\"https:\/\/redfox777.com\/de\/#breadcrumb\"},\"inLanguage\":\"de\",\"potentialAction\":[{\"@type\":\"ReadAction\",\"target\":[\"https:\/\/redfox777.com\/de\/\"]}]},{\"@type\":\"BreadcrumbList\",\"@id\":\"https:\/\/redfox777.com\/de\/#breadcrumb\",\"itemListElement\":[{\"@type\":\"ListItem\",\"position\":1,\"name\":\"Home\",\"item\":\"https:\/\/redfox777.com\/de\/heim\/\"},{\"@type\":\"ListItem\",\"position\":2,\"name\":\"Heim\"}]},{\"@type\":\"WebSite\",\"@id\":\"https:\/\/redfox777.com\/de\/#website\",\"url\":\"https:\/\/redfox777.com\/de\/\",\"name\":\"\",\"description\":\"\",\"potentialAction\":[{\"@type\":\"SearchAction\",\"target\":{\"@type\":\"EntryPoint\",\"urlTemplate\":\"https:\/\/redfox777.com\/de\/?s={search_term_string}\"},\"query-input\":{\"@type\":\"PropertyValueSpecification\",\"valueRequired\":true,\"valueName\":\"search_term_string\"}}],\"inLanguage\":\"de\"}]}<\/script>\n<!-- \/ Yoast SEO plugin. -->","yoast_head_json":{"title":"Tickets f\u00fcr internationale Lotterien legal online kaufen","robots":{"index":"index","follow":"follow","max-snippet":"max-snippet:-1","max-image-preview":"max-image-preview:large","max-video-preview":"max-video-preview:-1"},"canonical":"https:\/\/redfox777.com\/de\/","og_locale":"de_DE","og_type":"article","og_title":"Tickets f\u00fcr internationale Lotterien legal online kaufen","og_description":"Legalit\u00e4t und Vorteile von Online-Losen f\u00fcr internationale Lotterien Ist der Erwerb von Online-Losen f\u00fcr internationale&hellip;","og_url":"https:\/\/redfox777.com\/de\/","twitter_card":"summary_large_image","twitter_misc":{"Gesch\u00e4tzte Lesezeit":"3\u00a0Minuten"},"schema":{"@context":"https:\/\/schema.org","@graph":[{"@type":"WebPage","@id":"https:\/\/redfox777.com\/de\/","url":"https:\/\/redfox777.com\/de\/","name":"Tickets f\u00fcr internationale Lotterien legal online kaufen","isPartOf":{"@id":"https:\/\/redfox777.com\/de\/#website"},"datePublished":"2024-09-09T18:24:48+00:00","breadcrumb":{"@id":"https:\/\/redfox777.com\/de\/#breadcrumb"},"inLanguage":"de","potentialAction":[{"@type":"ReadAction","target":["https:\/\/redfox777.com\/de\/"]}]},{"@type":"BreadcrumbList","@id":"https:\/\/redfox777.com\/de\/#breadcrumb","itemListElement":[{"@type":"ListItem","position":1,"name":"Home","item":"https:\/\/redfox777.com\/de\/heim\/"},{"@type":"ListItem","position":2,"name":"Heim"}]},{"@type":"WebSite","@id":"https:\/\/redfox777.com\/de\/#website","url":"https:\/\/redfox777.com\/de\/","name":"","description":"","potentialAction":[{"@type":"SearchAction","target":{"@type":"EntryPoint","urlTemplate":"https:\/\/redfox777.com\/de\/?s={search_term_string}"},"query-input":{"@type":"PropertyValueSpecification","valueRequired":true,"valueName":"search_term_string"}}],"inLanguage":"de"}]}},"_links":{"self":[{"href":"https:\/\/redfox777.com\/de\/wp-json\/wp\/v2\/pages\/54","targetHints":{"allow":["GET"]}}],"collection":[{"href":"https:\/\/redfox777.com\/de\/wp-json\/wp\/v2\/pages"}],"about":[{"href":"https:\/\/redfox777.com\/de\/wp-json\/wp\/v2\/types\/page"}],"author":[{"embeddable":true,"href":"https:\/\/redfox777.com\/de\/wp-json\/wp\/v2\/users\/1"}],"replies":[{"embeddable":true,"href":"https:\/\/redfox777.com\/de\/wp-json\/wp\/v2\/comments?post=54"}],"version-history":[{"count":0,"href":"https:\/\/redfox777.com\/de\/wp-json\/wp\/v2\/pages\/54\/revisions"}],"wp:attachment":[{"href":"https:\/\/redfox777.com\/de\/wp-json\/wp\/v2\/media?parent=54"}],"curies":[{"name":"wp","href":"https:\/\/api.w.org\/{rel}","templated":true}]}}