{"id":58,"date":"2024-09-09T19:24:48","date_gmt":"2024-09-09T18:24:48","guid":{"rendered":"https:\/\/redfox777.com\/domov\/"},"modified":"2024-09-09T19:24:48","modified_gmt":"2024-09-09T18:24:48","slug":"domov","status":"publish","type":"page","link":"https:\/\/redfox777.com\/cs\/","title":{"rendered":"Domov"},"content":{"rendered":"<h2>Ovl\u00e1d\u00e1n\u00ed legality a v\u00fdhod online losov\u00e1n\u00ed mezin\u00e1rodn\u00edch loteri\u00ed<\/h2>\n<p>Je leg\u00e1ln\u00ed z\u00edskat online losov\u00e1n\u00ed mezin\u00e1rodn\u00edch loteri\u00ed? Sv\u011bt online loteri\u00ed se roz\u0161\u00ed\u0159il a nad\u0161enc\u016fm poskytuje mo\u017enost \u00fa\u010dastnit se glob\u00e1ln\u00edch losov\u00e1n\u00ed z pohodl\u00ed domova. Toto roz\u0161\u00ed\u0159en\u00ed je mo\u017en\u00e9 d\u00edky online kur\u00fdrn\u00edm slu\u017eb\u00e1m loteri\u00ed, kter\u00e9 jednaj\u00ed jako t\u0159et\u00ed strany s licenc\u00ed v zem\u00edch, kde loterie p\u016fsob\u00ed.<\/p>\n<p>Tyto slu\u017eby usnad\u0148uj\u00ed n\u00e1kup, skenov\u00e1n\u00ed a nahr\u00e1v\u00e1n\u00ed fyzick\u00fdch los\u016f na registrovan\u00e9 u\u017eivatelsk\u00e9 \u00fa\u010dty klient\u016f a nab\u00edzej\u00ed leg\u00e1ln\u00ed a pohodln\u00fd zp\u016fsob \u00fa\u010dasti v mezin\u00e1rodn\u00edch loteri\u00edch. V tomto \u010dl\u00e1nku se pono\u0159\u00edme do pr\u00e1vn\u00edch aspekt\u016f, v\u00fdhod a bezpe\u010dnostn\u00edch opat\u0159en\u00ed spojen\u00fdch se z\u00edsk\u00e1v\u00e1n\u00edm online losov\u00e1n\u00ed mezin\u00e1rodn\u00edch loteri\u00ed.<\/p>\n<h2>Z\u00e1kony o loteri\u00edch odhaleny: Je leg\u00e1ln\u00ed z\u00edskat online losov\u00e1n\u00ed mezin\u00e1rodn\u00edch loteri\u00ed<\/h2>\n<p>Legitimita je pro hran\u00ed loterie z\u00e1sadn\u00ed a zt\u011bles\u0148uj\u00ed ji platformy provozovan\u00e9 na z\u00e1klad\u011b licenc\u00ed a dodr\u017euj\u00edc\u00ed p\u0159\u00edsn\u00e9 p\u0159edpisy v r\u00e1mci konkr\u00e9tn\u00edch jurisdikc\u00ed. Zejm\u00e9na platformy jako RedFoxLotto, kter\u00e9 tento z\u00e1vazek dokl\u00e1daj\u00ed, poskytuj\u00ed u\u017eivatel\u016fm bezpe\u010dn\u00e9 a transparentn\u00ed prost\u0159ed\u00ed, je\u017e posiluje d\u016fv\u011bru v online loterijn\u00ed z\u00e1\u017eitek.<\/p>\n<p>D\u016fle\u017eitost bezpe\u010dn\u00fdch transakc\u00ed zd\u016fraz\u0148uj\u00ed renomovan\u00e9 platformy, kter\u00e9 vyu\u017e\u00edvaj\u00ed bezpe\u010dn\u00e9 platebn\u00ed metody a poskytuj\u00ed u\u017eivatel\u016fm podrobn\u00e9 skeny tiket\u016f jako doklad o koupi. Toto \u00fasil\u00ed zvy\u0161uje transparentnost a jistotu u\u017eivatel\u016f a pokl\u00e1d\u00e1 z\u00e1klady pro d\u016fv\u011bryhodn\u00fd p\u0159\u00edstup k online loteri\u00edm.<br \/>\nD\u016fkladn\u00fd pr\u016fzkum reputace online loterijn\u00edch platforem z\u016fst\u00e1v\u00e1 kl\u00ed\u010dov\u00fdm krokem, kter\u00fd umo\u017e\u0148uje jednotlivc\u016fm \u010dinit informovan\u00e1 rozhodnut\u00ed, minimalizovat potenci\u00e1ln\u00ed rizika a \u00fa\u010dastnit se bezpe\u010dn\u00e9ho a p\u0159\u00edjemn\u00e9ho online loterijn\u00edho z\u00e1\u017eitku.<\/p>\n<h2>RedFoxLotto: Bezpe\u010dn\u00e1 a transparentn\u00ed mo\u017enost:<\/h2>\n<p>RedFoxLotto vynik\u00e1 jako platforma, kter\u00e1 se zav\u00e1zala poskytovat bezpe\u010dn\u00fd a transparentn\u00ed online loterijn\u00ed z\u00e1\u017eitek. U\u017eivatel\u00e9 mohou t\u011b\u017eit z n\u00e1sleduj\u00edc\u00edch funkc\u00ed:<\/p>\n<h3>Objedn\u00e1v\u00e1n\u00ed a skenov\u00e1n\u00ed tiket\u016f<\/h3>\n<p>Kdy\u017e si u\u017eivatel\u00e9 objednaj\u00ed losy na na\u0161\u00ed platform\u011b RedFoxLotto, na\u0161e loterijn\u00ed kur\u00fdrn\u00ed slu\u017eba se postar\u00e1 o <a href=\"http:\/\/https\/\/redfoxlotto.com\/lotteries\">obstar\u00e1n\u00ed ofici\u00e1ln\u00edch loterijn\u00edch tiket\u016f<\/a> od licencovan\u00fdch prodejc\u016f. Proces zahrnuje pe\u010dliv\u00fd v\u00fdb\u011br vybran\u00fdch \u010d\u00edsel, hern\u00edch mo\u017enost\u00ed, data, \u010dasu a m\u00edsta n\u00e1kupu. Tikety se v\u0161emi relevantn\u00edmi \u00fadaji jsou bezpe\u010dn\u011b ulo\u017eeny, dokud si u\u017eivatel nevyzvedne v\u00fdhry nebo dokud tiket nevypr\u0161\u00ed.<\/p>\n<h3>Zp\u016fsoby platby a v\u00fdb\u011bru: Zaji\u0161t\u011bn\u00ed bezpe\u010dn\u00fdch a pohodln\u00fdch transakc\u00ed<\/h3>\n<p>Bezpe\u010dnost a pohodl\u00ed jsou prioritou d\u00edky v\u00edce platebn\u00edm metod\u00e1m, v\u010detn\u011b kreditn\u00edch karet, bankovn\u00edch p\u0159evod\u016f, Bitcoinu a zabezpe\u010den\u00e9ho p\u0159ipojen\u00ed k online bankovn\u00edm syst\u00e9m\u016fm, jako jsou Klarna a Directa24.<\/p>\n<h3>V\u00fdb\u011bry a uplat\u0148ov\u00e1n\u00ed v\u00fdher: Zjednodu\u0161en\u00fd a bezprobl\u00e9mov\u00fd proces<\/h3>\n<p>RedFoxLotto zaji\u0161\u0165uje zjednodu\u0161en\u00fd a bezprobl\u00e9mov\u00fd proces v\u00fdb\u011br\u016f, v\u010detn\u011b automatick\u00fdch p\u0159evod\u016f mal\u00fdch v\u00fdher a\u017e do v\u00fd\u0161e 2 500 EUR.<\/p>\n<h3>Podpora pro v\u011bt\u0161\u00ed v\u00fdhry: Odborn\u00e9 poradenstv\u00ed v ka\u017ed\u00e9m kroku<\/h3>\n<p>V p\u0159\u00edpad\u011b v\u011bt\u0161\u00edch v\u00fdher poskytuje n\u00e1\u0161 specializovan\u00fd t\u00fdm podpory odborn\u00e9 poradenstv\u00ed a jasn\u00e9 pokyny v pr\u016fb\u011bhu cel\u00e9ho procesu \u017e\u00e1dosti.<\/p>\n<h3>Da\u0148ov\u00e9 povinnosti: Transparentn\u00ed komunikace a podpora<\/h3>\n<p>Transparentn\u00ed komunikace a podpora od RedFoxLotto pom\u00e1haj\u00ed u\u017eivatel\u016fm porozum\u011bt a plnit jejich da\u0148ov\u00e9 povinnosti a zaji\u0161\u0165uj\u00ed komplexn\u00ed a d\u016fv\u011bryhodn\u00fd z\u00e1\u017eitek z loterie.<\/p>\n<p>Zat\u00edmco legalita n\u00e1kupu online tiket\u016f pro mezin\u00e1rodn\u00ed loterie z\u00e1vis\u00ed na jurisdik\u010dn\u00edch z\u00e1konech, platformy jako RedFoxLotto se sna\u017e\u00ed \u00fa\u010dastn\u00edk\u016fm nab\u00eddnout bezpe\u010dn\u00fd, transparentn\u00ed a p\u0159\u00edjemn\u00fd z\u00e1\u017eitek. V\u017edy bu\u010fte opatrn\u00ed, prov\u00e1d\u011bjte d\u016fkladn\u00fd pr\u016fzkum a dodr\u017eujte m\u00edstn\u00ed z\u00e1kony, abyste maximalizovali vzru\u0161en\u00ed, kter\u00e9 mezin\u00e1rodn\u00ed loterie nab\u00edzej\u00ed.<\/p>\n","protected":false},"excerpt":{"rendered":"<p>Ovl\u00e1d\u00e1n\u00ed legality a v\u00fdhod online losov\u00e1n\u00ed mezin\u00e1rodn\u00edch loteri\u00ed Je leg\u00e1ln\u00ed z\u00edskat online losov\u00e1n\u00ed mezin\u00e1rodn\u00edch loteri\u00ed?&hellip;<\/p>\n","protected":false},"author":1,"featured_media":0,"parent":0,"menu_order":0,"comment_status":"closed","ping_status":"closed","template":"","meta":{"footnotes":""},"class_list":["post-58","page","type-page","status-publish","hentry"],"yoast_head":"<!-- This site is optimized with the Yoast SEO plugin v25.9 - https:\/\/yoast.com\/wordpress\/plugins\/seo\/ -->\n<title>Leg\u00e1ln\u011b si kupte losy do mezin\u00e1rodn\u00edch loteri\u00ed online<\/title>\n<meta name=\"robots\" content=\"index, follow, max-snippet:-1, max-image-preview:large, max-video-preview:-1\" \/>\n<link rel=\"canonical\" href=\"https:\/\/redfox777.com\/cs\/\" \/>\n<meta property=\"og:locale\" content=\"cs_CZ\" \/>\n<meta property=\"og:type\" content=\"article\" \/>\n<meta property=\"og:title\" content=\"Leg\u00e1ln\u011b si kupte losy do mezin\u00e1rodn\u00edch loteri\u00ed online\" \/>\n<meta property=\"og:description\" content=\"Ovl\u00e1d\u00e1n\u00ed legality a v\u00fdhod online losov\u00e1n\u00ed mezin\u00e1rodn\u00edch loteri\u00ed Je leg\u00e1ln\u00ed z\u00edskat online losov\u00e1n\u00ed mezin\u00e1rodn\u00edch loteri\u00ed?&hellip;\" \/>\n<meta property=\"og:url\" content=\"https:\/\/redfox777.com\/cs\/\" \/>\n<meta name=\"twitter:card\" content=\"summary_large_image\" \/>\n<meta name=\"twitter:label1\" content=\"Odhadovan\u00e1 doba \u010dten\u00ed\" \/>\n\t<meta name=\"twitter:data1\" content=\"3 minuty\" \/>\n<script type=\"application\/ld+json\" class=\"yoast-schema-graph\">{\"@context\":\"https:\/\/schema.org\",\"@graph\":[{\"@type\":\"WebPage\",\"@id\":\"https:\/\/redfox777.com\/cs\/\",\"url\":\"https:\/\/redfox777.com\/cs\/\",\"name\":\"Leg\u00e1ln\u011b si kupte losy do mezin\u00e1rodn\u00edch loteri\u00ed online\",\"isPartOf\":{\"@id\":\"https:\/\/redfox777.com\/cs\/#website\"},\"datePublished\":\"2024-09-09T18:24:48+00:00\",\"breadcrumb\":{\"@id\":\"https:\/\/redfox777.com\/cs\/#breadcrumb\"},\"inLanguage\":\"cs\",\"potentialAction\":[{\"@type\":\"ReadAction\",\"target\":[\"https:\/\/redfox777.com\/cs\/\"]}]},{\"@type\":\"BreadcrumbList\",\"@id\":\"https:\/\/redfox777.com\/cs\/#breadcrumb\",\"itemListElement\":[{\"@type\":\"ListItem\",\"position\":1,\"name\":\"Home\",\"item\":\"https:\/\/redfox777.com\/cs\/domov\/\"},{\"@type\":\"ListItem\",\"position\":2,\"name\":\"Domov\"}]},{\"@type\":\"WebSite\",\"@id\":\"https:\/\/redfox777.com\/cs\/#website\",\"url\":\"https:\/\/redfox777.com\/cs\/\",\"name\":\"\",\"description\":\"\",\"potentialAction\":[{\"@type\":\"SearchAction\",\"target\":{\"@type\":\"EntryPoint\",\"urlTemplate\":\"https:\/\/redfox777.com\/cs\/?s={search_term_string}\"},\"query-input\":{\"@type\":\"PropertyValueSpecification\",\"valueRequired\":true,\"valueName\":\"search_term_string\"}}],\"inLanguage\":\"cs\"}]}<\/script>\n<!-- \/ Yoast SEO plugin. -->","yoast_head_json":{"title":"Leg\u00e1ln\u011b si kupte losy do mezin\u00e1rodn\u00edch loteri\u00ed online","robots":{"index":"index","follow":"follow","max-snippet":"max-snippet:-1","max-image-preview":"max-image-preview:large","max-video-preview":"max-video-preview:-1"},"canonical":"https:\/\/redfox777.com\/cs\/","og_locale":"cs_CZ","og_type":"article","og_title":"Leg\u00e1ln\u011b si kupte losy do mezin\u00e1rodn\u00edch loteri\u00ed online","og_description":"Ovl\u00e1d\u00e1n\u00ed legality a v\u00fdhod online losov\u00e1n\u00ed mezin\u00e1rodn\u00edch loteri\u00ed Je leg\u00e1ln\u00ed z\u00edskat online losov\u00e1n\u00ed mezin\u00e1rodn\u00edch loteri\u00ed?&hellip;","og_url":"https:\/\/redfox777.com\/cs\/","twitter_card":"summary_large_image","twitter_misc":{"Odhadovan\u00e1 doba \u010dten\u00ed":"3 minuty"},"schema":{"@context":"https:\/\/schema.org","@graph":[{"@type":"WebPage","@id":"https:\/\/redfox777.com\/cs\/","url":"https:\/\/redfox777.com\/cs\/","name":"Leg\u00e1ln\u011b si kupte losy do mezin\u00e1rodn\u00edch loteri\u00ed online","isPartOf":{"@id":"https:\/\/redfox777.com\/cs\/#website"},"datePublished":"2024-09-09T18:24:48+00:00","breadcrumb":{"@id":"https:\/\/redfox777.com\/cs\/#breadcrumb"},"inLanguage":"cs","potentialAction":[{"@type":"ReadAction","target":["https:\/\/redfox777.com\/cs\/"]}]},{"@type":"BreadcrumbList","@id":"https:\/\/redfox777.com\/cs\/#breadcrumb","itemListElement":[{"@type":"ListItem","position":1,"name":"Home","item":"https:\/\/redfox777.com\/cs\/domov\/"},{"@type":"ListItem","position":2,"name":"Domov"}]},{"@type":"WebSite","@id":"https:\/\/redfox777.com\/cs\/#website","url":"https:\/\/redfox777.com\/cs\/","name":"","description":"","potentialAction":[{"@type":"SearchAction","target":{"@type":"EntryPoint","urlTemplate":"https:\/\/redfox777.com\/cs\/?s={search_term_string}"},"query-input":{"@type":"PropertyValueSpecification","valueRequired":true,"valueName":"search_term_string"}}],"inLanguage":"cs"}]}},"_links":{"self":[{"href":"https:\/\/redfox777.com\/cs\/wp-json\/wp\/v2\/pages\/58","targetHints":{"allow":["GET"]}}],"collection":[{"href":"https:\/\/redfox777.com\/cs\/wp-json\/wp\/v2\/pages"}],"about":[{"href":"https:\/\/redfox777.com\/cs\/wp-json\/wp\/v2\/types\/page"}],"author":[{"embeddable":true,"href":"https:\/\/redfox777.com\/cs\/wp-json\/wp\/v2\/users\/1"}],"replies":[{"embeddable":true,"href":"https:\/\/redfox777.com\/cs\/wp-json\/wp\/v2\/comments?post=58"}],"version-history":[{"count":0,"href":"https:\/\/redfox777.com\/cs\/wp-json\/wp\/v2\/pages\/58\/revisions"}],"wp:attachment":[{"href":"https:\/\/redfox777.com\/cs\/wp-json\/wp\/v2\/media?parent=58"}],"curies":[{"name":"wp","href":"https:\/\/api.w.org\/{rel}","templated":true}]}}